{"id":5086,"date":"2025-09-24T19:27:35","date_gmt":"2025-09-24T19:27:35","guid":{"rendered":"https:\/\/modest-napier.216-250-124-103.plesk.page\/index.php\/producto\/bebida-aloe-vera-1lt-100-natural-nolisan\/"},"modified":"2025-09-24T20:48:03","modified_gmt":"2025-09-24T20:48:03","slug":"bebida-aloe-vera-1lt-100-natural-nolisan","status":"publish","type":"product","link":"https:\/\/modest-napier.216-250-124-103.plesk.page\/index.php\/producto\/bebida-aloe-vera-1lt-100-natural-nolisan\/","title":{"rendered":"Bebida Aloe Vera 100% Natural 1 litro Nolisan"},"content":{"rendered":"<p data-mce-fragment=\"1\">Mejora la digesti\u00f3n, el<span>\u00a0<\/span><strong>jugo de aloe vera<\/strong><span>\u00a0<\/span>apoya la salud del sistema digestivo, aporta hidrataci\u00f3n. Dado su alto contenido de agua, el\u00a0jugo de \u00e1loe<span>\u00a0<\/span>ayuda a complementar la hidrataci\u00f3n diaria, combate el estre\u00f1imiento, ayuda a tener una piel sana y mejora la salud del coraz\u00f3n.<strong><\/strong><\/p>\n","protected":false},"excerpt":{"rendered":"<p>Mejora la digesti\u00f3n, el\u00a0jugo de aloe vera\u00a0apoya la salud del sistema digestivo, aporta hidrataci\u00f3n. Dado su alto contenido de agua, el\u00a0jugo de \u00e1loe\u00a0ayuda a complementar la hidrataci\u00f3n diaria, combate el [&hellip;]<\/p>\n","protected":false},"featured_media":1472,"comment_status":"open","ping_status":"closed","template":"","meta":[],"product_brand":[368],"product_cat":[288,308,337],"product_tag":[60],"class_list":{"0":"post-5086","1":"product","2":"type-product","3":"status-publish","4":"has-post-thumbnail","6":"product_brand-nolisan","7":"product_cat-bebidas-digestivas","8":"product_cat-nutricion","9":"product_cat-productos","10":"product_tag-sabila","12":"first","13":"instock","14":"shipping-taxable","15":"purchasable","16":"product-type-simple"},"_links":{"self":[{"href":"https:\/\/modest-napier.216-250-124-103.plesk.page\/index.php\/wp-json\/wp\/v2\/product\/5086","targetHints":{"allow":["GET"]}}],"collection":[{"href":"https:\/\/modest-napier.216-250-124-103.plesk.page\/index.php\/wp-json\/wp\/v2\/product"}],"about":[{"href":"https:\/\/modest-napier.216-250-124-103.plesk.page\/index.php\/wp-json\/wp\/v2\/types\/product"}],"replies":[{"embeddable":true,"href":"https:\/\/modest-napier.216-250-124-103.plesk.page\/index.php\/wp-json\/wp\/v2\/comments?post=5086"}],"wp:featuredmedia":[{"embeddable":true,"href":"https:\/\/modest-napier.216-250-124-103.plesk.page\/index.php\/wp-json\/wp\/v2\/media\/1472"}],"wp:attachment":[{"href":"https:\/\/modest-napier.216-250-124-103.plesk.page\/index.php\/wp-json\/wp\/v2\/media?parent=5086"}],"wp:term":[{"taxonomy":"product_brand","embeddable":true,"href":"https:\/\/modest-napier.216-250-124-103.plesk.page\/index.php\/wp-json\/wp\/v2\/product_brand?post=5086"},{"taxonomy":"product_cat","embeddable":true,"href":"https:\/\/modest-napier.216-250-124-103.plesk.page\/index.php\/wp-json\/wp\/v2\/product_cat?post=5086"},{"taxonomy":"product_tag","embeddable":true,"href":"https:\/\/modest-napier.216-250-124-103.plesk.page\/index.php\/wp-json\/wp\/v2\/product_tag?post=5086"}],"curies":[{"name":"wp","href":"https:\/\/api.w.org\/{rel}","templated":true}]}}