{"id":5088,"date":"2025-09-24T19:27:37","date_gmt":"2025-09-24T19:27:37","guid":{"rendered":"https:\/\/modest-napier.216-250-124-103.plesk.page\/index.php\/producto\/bebida-aloe-vera-reforzado-con-cuachalalate-1-lt-nolisan\/"},"modified":"2025-09-24T20:48:03","modified_gmt":"2025-09-24T20:48:03","slug":"bebida-aloe-vera-reforzado-con-cuachalalate-1-lt-nolisan","status":"publish","type":"product","link":"https:\/\/modest-napier.216-250-124-103.plesk.page\/index.php\/producto\/bebida-aloe-vera-reforzado-con-cuachalalate-1-lt-nolisan\/","title":{"rendered":"Bebida Aloe Vera con Cuachalalate 1 litro Nolisan"},"content":{"rendered":"<p data-mce-fragment=\"1\">La\u00a0<strong>bebida de aloe vera reforzada con cuachalalate<\/strong> mejora la digesti\u00f3n. El<span data-mce-fragment=\"1\">\u00a0<\/span>jugo de aloe vera<span data-mce-fragment=\"1\">\u00a0<\/span>apoya la salud del sistema digestivo, aporta hidrataci\u00f3n. Dado su alto contenido de agua, el jugo de aloe ayuda a complementar la hidrataci\u00f3n diaria, combate el estre\u00f1imiento, ayuda a tener una piel sana y mejora la salud del coraz\u00f3n.<\/p>\n<p data-mce-fragment=\"1\"><\/p>\n","protected":false},"excerpt":{"rendered":"<p>La\u00a0bebida de aloe vera reforzada con cuachalalate mejora la digesti\u00f3n. El\u00a0jugo de aloe vera\u00a0apoya la salud del sistema digestivo, aporta hidrataci\u00f3n. Dado su alto contenido de agua, el jugo de [&hellip;]<\/p>\n","protected":false},"featured_media":1498,"comment_status":"open","ping_status":"closed","template":"","meta":[],"product_brand":[368],"product_cat":[288,308,337],"product_tag":[60],"class_list":{"0":"post-5088","1":"product","2":"type-product","3":"status-publish","4":"has-post-thumbnail","6":"product_brand-nolisan","7":"product_cat-bebidas-digestivas","8":"product_cat-nutricion","9":"product_cat-productos","10":"product_tag-sabila","12":"first","13":"instock","14":"shipping-taxable","15":"purchasable","16":"product-type-simple"},"_links":{"self":[{"href":"https:\/\/modest-napier.216-250-124-103.plesk.page\/index.php\/wp-json\/wp\/v2\/product\/5088","targetHints":{"allow":["GET"]}}],"collection":[{"href":"https:\/\/modest-napier.216-250-124-103.plesk.page\/index.php\/wp-json\/wp\/v2\/product"}],"about":[{"href":"https:\/\/modest-napier.216-250-124-103.plesk.page\/index.php\/wp-json\/wp\/v2\/types\/product"}],"replies":[{"embeddable":true,"href":"https:\/\/modest-napier.216-250-124-103.plesk.page\/index.php\/wp-json\/wp\/v2\/comments?post=5088"}],"wp:featuredmedia":[{"embeddable":true,"href":"https:\/\/modest-napier.216-250-124-103.plesk.page\/index.php\/wp-json\/wp\/v2\/media\/1498"}],"wp:attachment":[{"href":"https:\/\/modest-napier.216-250-124-103.plesk.page\/index.php\/wp-json\/wp\/v2\/media?parent=5088"}],"wp:term":[{"taxonomy":"product_brand","embeddable":true,"href":"https:\/\/modest-napier.216-250-124-103.plesk.page\/index.php\/wp-json\/wp\/v2\/product_brand?post=5088"},{"taxonomy":"product_cat","embeddable":true,"href":"https:\/\/modest-napier.216-250-124-103.plesk.page\/index.php\/wp-json\/wp\/v2\/product_cat?post=5088"},{"taxonomy":"product_tag","embeddable":true,"href":"https:\/\/modest-napier.216-250-124-103.plesk.page\/index.php\/wp-json\/wp\/v2\/product_tag?post=5088"}],"curies":[{"name":"wp","href":"https:\/\/api.w.org\/{rel}","templated":true}]}}