{"id":5089,"date":"2025-09-24T19:27:38","date_gmt":"2025-09-24T19:27:38","guid":{"rendered":"https:\/\/modest-napier.216-250-124-103.plesk.page\/index.php\/producto\/bebida-clorofila-c-500-ml-brio-mio\/"},"modified":"2025-09-24T20:46:49","modified_gmt":"2025-09-24T20:46:49","slug":"bebida-clorofila-c-500-ml-brio-mio","status":"publish","type":"product","link":"https:\/\/modest-napier.216-250-124-103.plesk.page\/index.php\/producto\/bebida-clorofila-c-500-ml-brio-mio\/","title":{"rendered":"Bebida con Clorofila 500 ml Brio Mio"},"content":{"rendered":"<p data-mce-fragment=\"1\"><strong data-mce-fragment=\"1\">Descripci\u00f3n:<\/strong><\/p>\n<p>La <strong>bebida de clorofila<\/strong> tiene los siguientes beneficios:<\/p>\n<p><strong>Antioxidante<\/strong>: los altos niveles de vitamina A, C y E convierten a la clorofila en un poderoso antioxidante para nuestra salud.<\/p>\n<p><strong>Antiinflamatoria<\/strong>: las propiedades antiinflamatorias de la clorofila hacen que esta sea una sustancia importante en ciertos tratamientos como, por ejemplo, el de la artritis. Esta act\u00faa y combate el crecimiento de las inflamaciones provocadas por determinadas bacterias.<\/p>\n<p><strong>Desintoxicante<\/strong>: si andas en busca de remedios caseros que ayuden a oxigenar todo el organismo (sangre y c\u00e9lulas), debes saber que la clorofila es la sustancia perfecta. As\u00ed pues, podemos decir que la clorofila mejora el funcionamiento de los \u00f3rganos.<\/p>\n<p><strong>Desodorizante<\/strong>: cabe destacar que la clorofila tambi\u00e9n combate las bacterias de la boca, favoreciendo un mejor aliento.<\/p>\n<p data-mce-fragment=\"1\"><strong data-mce-fragment=\"1\">Modo de uso:<\/strong><\/p>\n<p data-mce-fragment=\"1\">Tomado.<\/p>\n<p data-mce-fragment=\"1\"><strong data-mce-fragment=\"1\">Contenido:<\/strong><\/p>\n<p data-mce-fragment=\"1\">500 ml.<\/p>\n","protected":false},"excerpt":{"rendered":"<p>Descripci\u00f3n: La bebida de clorofila tiene los siguientes beneficios: Antioxidante: los altos niveles de vitamina A, C y E convierten a la clorofila en un poderoso antioxidante para nuestra salud. [&hellip;]<\/p>\n","protected":false},"featured_media":1507,"comment_status":"open","ping_status":"closed","template":"","meta":[],"product_brand":[608],"product_cat":[288,308,337,318],"product_tag":[97],"class_list":{"0":"post-5089","1":"product","2":"type-product","3":"status-publish","4":"has-post-thumbnail","6":"product_brand-brio-mio","7":"product_cat-bebidas-digestivas","8":"product_cat-nutricion","9":"product_cat-productos","10":"product_cat-salud","11":"product_tag-clorofila","13":"first","14":"instock","15":"shipping-taxable","16":"purchasable","17":"product-type-simple"},"_links":{"self":[{"href":"https:\/\/modest-napier.216-250-124-103.plesk.page\/index.php\/wp-json\/wp\/v2\/product\/5089","targetHints":{"allow":["GET"]}}],"collection":[{"href":"https:\/\/modest-napier.216-250-124-103.plesk.page\/index.php\/wp-json\/wp\/v2\/product"}],"about":[{"href":"https:\/\/modest-napier.216-250-124-103.plesk.page\/index.php\/wp-json\/wp\/v2\/types\/product"}],"replies":[{"embeddable":true,"href":"https:\/\/modest-napier.216-250-124-103.plesk.page\/index.php\/wp-json\/wp\/v2\/comments?post=5089"}],"wp:featuredmedia":[{"embeddable":true,"href":"https:\/\/modest-napier.216-250-124-103.plesk.page\/index.php\/wp-json\/wp\/v2\/media\/1507"}],"wp:attachment":[{"href":"https:\/\/modest-napier.216-250-124-103.plesk.page\/index.php\/wp-json\/wp\/v2\/media?parent=5089"}],"wp:term":[{"taxonomy":"product_brand","embeddable":true,"href":"https:\/\/modest-napier.216-250-124-103.plesk.page\/index.php\/wp-json\/wp\/v2\/product_brand?post=5089"},{"taxonomy":"product_cat","embeddable":true,"href":"https:\/\/modest-napier.216-250-124-103.plesk.page\/index.php\/wp-json\/wp\/v2\/product_cat?post=5089"},{"taxonomy":"product_tag","embeddable":true,"href":"https:\/\/modest-napier.216-250-124-103.plesk.page\/index.php\/wp-json\/wp\/v2\/product_tag?post=5089"}],"curies":[{"name":"wp","href":"https:\/\/api.w.org\/{rel}","templated":true}]}}