{"id":5090,"date":"2025-09-24T19:27:39","date_gmt":"2025-09-24T19:27:39","guid":{"rendered":"https:\/\/modest-napier.216-250-124-103.plesk.page\/index.php\/producto\/bebida-de-sabila-nopal-y-cuachalalate-c-1l-kenzo\/"},"modified":"2025-09-24T20:45:51","modified_gmt":"2025-09-24T20:45:51","slug":"bebida-de-sabila-nopal-y-cuachalalate-c-1l-kenzo","status":"publish","type":"product","link":"https:\/\/modest-napier.216-250-124-103.plesk.page\/index.php\/producto\/bebida-de-sabila-nopal-y-cuachalalate-c-1l-kenzo\/","title":{"rendered":"Bebida de S\u00e1bila, Nopal y Cuachalalate 1 litro Kenzo"},"content":{"rendered":"<p data-mce-fragment=\"1\"><strong data-mce-fragment=\"1\">Descripci\u00f3n:<\/strong><\/p>\n<p data-mce-fragment=\"1\"><span>La <strong>bebida de s\u00e1bila, nopal y cuachalalate<\/strong> previene tanto el estre\u00f1imiento como la diarrea. Es excelente<strong>\u00a0<\/strong><\/span>para<span>\u00a0sanar \u00falceras estomacales e intestinales. Ayuda en el tratamiento contra la colitis y gastritis.<\/span><\/p>\n<p data-mce-fragment=\"1\"><strong data-mce-fragment=\"1\">Modo de uso:<\/strong><\/p>\n<p data-mce-fragment=\"1\"><span>Tomar 30 ml antes de cada alimento<\/span><\/p>\n<p data-mce-fragment=\"1\"><strong data-mce-fragment=\"1\">Contenido:<\/strong><\/p>\n<p data-mce-fragment=\"1\">1 LT.<\/p>\n","protected":false},"excerpt":{"rendered":"<p>Descripci\u00f3n: La bebida de s\u00e1bila, nopal y cuachalalate previene tanto el estre\u00f1imiento como la diarrea. Es excelente\u00a0para\u00a0sanar \u00falceras estomacales e intestinales. Ayuda en el tratamiento contra la colitis y gastritis. [&hellip;]<\/p>\n","protected":false},"featured_media":1512,"comment_status":"open","ping_status":"closed","template":"","meta":[],"product_brand":[496],"product_cat":[288,308,337],"product_tag":[96,98,60],"class_list":{"0":"post-5090","1":"product","2":"type-product","3":"status-publish","4":"has-post-thumbnail","6":"product_brand-kenzo","7":"product_cat-bebidas-digestivas","8":"product_cat-nutricion","9":"product_cat-productos","10":"product_tag-cuachalalate","11":"product_tag-nopal","12":"product_tag-sabila","14":"first","15":"instock","16":"shipping-taxable","17":"purchasable","18":"product-type-simple"},"_links":{"self":[{"href":"https:\/\/modest-napier.216-250-124-103.plesk.page\/index.php\/wp-json\/wp\/v2\/product\/5090","targetHints":{"allow":["GET"]}}],"collection":[{"href":"https:\/\/modest-napier.216-250-124-103.plesk.page\/index.php\/wp-json\/wp\/v2\/product"}],"about":[{"href":"https:\/\/modest-napier.216-250-124-103.plesk.page\/index.php\/wp-json\/wp\/v2\/types\/product"}],"replies":[{"embeddable":true,"href":"https:\/\/modest-napier.216-250-124-103.plesk.page\/index.php\/wp-json\/wp\/v2\/comments?post=5090"}],"wp:featuredmedia":[{"embeddable":true,"href":"https:\/\/modest-napier.216-250-124-103.plesk.page\/index.php\/wp-json\/wp\/v2\/media\/1512"}],"wp:attachment":[{"href":"https:\/\/modest-napier.216-250-124-103.plesk.page\/index.php\/wp-json\/wp\/v2\/media?parent=5090"}],"wp:term":[{"taxonomy":"product_brand","embeddable":true,"href":"https:\/\/modest-napier.216-250-124-103.plesk.page\/index.php\/wp-json\/wp\/v2\/product_brand?post=5090"},{"taxonomy":"product_cat","embeddable":true,"href":"https:\/\/modest-napier.216-250-124-103.plesk.page\/index.php\/wp-json\/wp\/v2\/product_cat?post=5090"},{"taxonomy":"product_tag","embeddable":true,"href":"https:\/\/modest-napier.216-250-124-103.plesk.page\/index.php\/wp-json\/wp\/v2\/product_tag?post=5090"}],"curies":[{"name":"wp","href":"https:\/\/api.w.org\/{rel}","templated":true}]}}