{"id":5092,"date":"2025-09-24T19:27:43","date_gmt":"2025-09-24T19:27:43","guid":{"rendered":"https:\/\/modest-napier.216-250-124-103.plesk.page\/index.php\/producto\/bebida-sabila-nopal-y-cuachalalate-con-vit-c-c-1-lts-prosa\/"},"modified":"2025-09-24T20:44:33","modified_gmt":"2025-09-24T20:44:33","slug":"bebida-sabila-nopal-y-cuachalalate-con-vit-c-c-1-lts-prosa","status":"publish","type":"product","link":"https:\/\/modest-napier.216-250-124-103.plesk.page\/index.php\/producto\/bebida-sabila-nopal-y-cuachalalate-con-vit-c-c-1-lts-prosa\/","title":{"rendered":"Bebida S\u00e1bila, Nopal y Cuachalalate 1 litro Prosa"},"content":{"rendered":"<p data-mce-fragment=\"1\"><strong data-mce-fragment=\"1\">Descripci\u00f3n:<\/strong><\/p>\n<p data-mce-fragment=\"1\"><span data-mce-fragment=\"1\">La <strong>bebida de s\u00e1bila, nopal y cuachalalate con vitamina C<\/strong> previene tanto el estre\u00f1imiento como la diarrea. Es excelente<strong data-mce-fragment=\"1\">\u00a0<\/strong><\/span>para<span data-mce-fragment=\"1\">\u00a0sanar \u00falceras estomacales e intestinales. Ayuda en el tratamiento contra la colitis y gastritis.<\/span><\/p>\n<p data-mce-fragment=\"1\"><strong data-mce-fragment=\"1\">Modo de uso:<\/strong><\/p>\n<p data-mce-fragment=\"1\"><span data-mce-fragment=\"1\">Tomar 30 ml antes de cada alimento.<\/span><br data-mce-fragment=\"1\"><\/p>\n<p data-mce-fragment=\"1\"><strong data-mce-fragment=\"1\">Contenido:<\/strong><\/p>\n<p data-mce-fragment=\"1\">1 LT.<\/p>\n","protected":false},"excerpt":{"rendered":"<p>Descripci\u00f3n: La bebida de s\u00e1bila, nopal y cuachalalate con vitamina C previene tanto el estre\u00f1imiento como la diarrea. Es excelente\u00a0para\u00a0sanar \u00falceras estomacales e intestinales. Ayuda en el tratamiento contra la [&hellip;]<\/p>\n","protected":false},"featured_media":1535,"comment_status":"open","ping_status":"closed","template":"","meta":[],"product_brand":[475],"product_cat":[288,308,337,318],"product_tag":[96,98,60],"class_list":{"0":"post-5092","1":"product","2":"type-product","3":"status-publish","4":"has-post-thumbnail","6":"product_brand-prosa","7":"product_cat-bebidas-digestivas","8":"product_cat-nutricion","9":"product_cat-productos","10":"product_cat-salud","11":"product_tag-cuachalalate","12":"product_tag-nopal","13":"product_tag-sabila","15":"first","16":"instock","17":"shipping-taxable","18":"purchasable","19":"product-type-simple"},"_links":{"self":[{"href":"https:\/\/modest-napier.216-250-124-103.plesk.page\/index.php\/wp-json\/wp\/v2\/product\/5092","targetHints":{"allow":["GET"]}}],"collection":[{"href":"https:\/\/modest-napier.216-250-124-103.plesk.page\/index.php\/wp-json\/wp\/v2\/product"}],"about":[{"href":"https:\/\/modest-napier.216-250-124-103.plesk.page\/index.php\/wp-json\/wp\/v2\/types\/product"}],"replies":[{"embeddable":true,"href":"https:\/\/modest-napier.216-250-124-103.plesk.page\/index.php\/wp-json\/wp\/v2\/comments?post=5092"}],"wp:featuredmedia":[{"embeddable":true,"href":"https:\/\/modest-napier.216-250-124-103.plesk.page\/index.php\/wp-json\/wp\/v2\/media\/1535"}],"wp:attachment":[{"href":"https:\/\/modest-napier.216-250-124-103.plesk.page\/index.php\/wp-json\/wp\/v2\/media?parent=5092"}],"wp:term":[{"taxonomy":"product_brand","embeddable":true,"href":"https:\/\/modest-napier.216-250-124-103.plesk.page\/index.php\/wp-json\/wp\/v2\/product_brand?post=5092"},{"taxonomy":"product_cat","embeddable":true,"href":"https:\/\/modest-napier.216-250-124-103.plesk.page\/index.php\/wp-json\/wp\/v2\/product_cat?post=5092"},{"taxonomy":"product_tag","embeddable":true,"href":"https:\/\/modest-napier.216-250-124-103.plesk.page\/index.php\/wp-json\/wp\/v2\/product_tag?post=5092"}],"curies":[{"name":"wp","href":"https:\/\/api.w.org\/{rel}","templated":true}]}}