{"id":5094,"date":"2025-09-24T19:27:45","date_gmt":"2025-09-24T19:27:45","guid":{"rendered":"https:\/\/modest-napier.216-250-124-103.plesk.page\/index.php\/producto\/bebida-sabila-con-vitamina-c-c-1lt-herbomex\/"},"modified":"2025-09-24T20:44:40","modified_gmt":"2025-09-24T20:44:40","slug":"bebida-sabila-con-vitamina-c-c-1lt-herbomex","status":"publish","type":"product","link":"https:\/\/modest-napier.216-250-124-103.plesk.page\/index.php\/producto\/bebida-sabila-con-vitamina-c-c-1lt-herbomex\/","title":{"rendered":"Bebida de S\u00e1bila con Vitamina C 1 litro Herbomex"},"content":{"rendered":"<p data-mce-fragment=\"1\"><strong data-mce-fragment=\"1\">Descripci\u00f3n:<\/strong><\/p>\n<p data-mce-fragment=\"1\">La <strong>bebida de s\u00e1bila<\/strong> con vitamina C es auxiliar en casos de colitis, acidez estomacal y colon irritable. Ayuda como cicatrizante y anti\u00e1cido, en tratamientos de gastritis y \u00falcera g\u00e1strica.<\/p>\n<p data-mce-fragment=\"1\"><strong data-mce-fragment=\"1\">Modo de uso:<\/strong><\/p>\n<p data-mce-fragment=\"1\"><span>Tomar 2 copitas de 30 ml tres veces de d\u00eda, antes de cada alimento<\/span><\/p>\n<p data-mce-fragment=\"1\"><strong data-mce-fragment=\"1\">Contenido:<\/strong><\/p>\n<p data-mce-fragment=\"1\">1 litro.<\/p>\n","protected":false},"excerpt":{"rendered":"<p>Descripci\u00f3n: La bebida de s\u00e1bila con vitamina C es auxiliar en casos de colitis, acidez estomacal y colon irritable. Ayuda como cicatrizante y anti\u00e1cido, en tratamientos de gastritis y \u00falcera [&hellip;]<\/p>\n","protected":false},"featured_media":1551,"comment_status":"open","ping_status":"closed","template":"","meta":[],"product_brand":[351],"product_cat":[288,337,318],"product_tag":[60,86],"class_list":{"0":"post-5094","1":"product","2":"type-product","3":"status-publish","4":"has-post-thumbnail","6":"product_brand-herbomex","7":"product_cat-bebidas-digestivas","8":"product_cat-productos","9":"product_cat-salud","10":"product_tag-sabila","11":"product_tag-vitamina-c","13":"first","14":"instock","15":"shipping-taxable","16":"purchasable","17":"product-type-simple"},"_links":{"self":[{"href":"https:\/\/modest-napier.216-250-124-103.plesk.page\/index.php\/wp-json\/wp\/v2\/product\/5094","targetHints":{"allow":["GET"]}}],"collection":[{"href":"https:\/\/modest-napier.216-250-124-103.plesk.page\/index.php\/wp-json\/wp\/v2\/product"}],"about":[{"href":"https:\/\/modest-napier.216-250-124-103.plesk.page\/index.php\/wp-json\/wp\/v2\/types\/product"}],"replies":[{"embeddable":true,"href":"https:\/\/modest-napier.216-250-124-103.plesk.page\/index.php\/wp-json\/wp\/v2\/comments?post=5094"}],"wp:featuredmedia":[{"embeddable":true,"href":"https:\/\/modest-napier.216-250-124-103.plesk.page\/index.php\/wp-json\/wp\/v2\/media\/1551"}],"wp:attachment":[{"href":"https:\/\/modest-napier.216-250-124-103.plesk.page\/index.php\/wp-json\/wp\/v2\/media?parent=5094"}],"wp:term":[{"taxonomy":"product_brand","embeddable":true,"href":"https:\/\/modest-napier.216-250-124-103.plesk.page\/index.php\/wp-json\/wp\/v2\/product_brand?post=5094"},{"taxonomy":"product_cat","embeddable":true,"href":"https:\/\/modest-napier.216-250-124-103.plesk.page\/index.php\/wp-json\/wp\/v2\/product_cat?post=5094"},{"taxonomy":"product_tag","embeddable":true,"href":"https:\/\/modest-napier.216-250-124-103.plesk.page\/index.php\/wp-json\/wp\/v2\/product_tag?post=5094"}],"curies":[{"name":"wp","href":"https:\/\/api.w.org\/{rel}","templated":true}]}}