{"id":5098,"date":"2025-09-24T19:27:50","date_gmt":"2025-09-24T19:27:50","guid":{"rendered":"https:\/\/modest-napier.216-250-124-103.plesk.page\/index.php\/producto\/cabeza-de-ajo-negro-grande-fermentado-gemas\/"},"modified":"2025-09-24T20:44:27","modified_gmt":"2025-09-24T20:44:27","slug":"cabeza-de-ajo-negro-grande-fermentado-gemas","status":"publish","type":"product","link":"https:\/\/modest-napier.216-250-124-103.plesk.page\/index.php\/producto\/cabeza-de-ajo-negro-grande-fermentado-gemas\/","title":{"rendered":"Cabeza de Ajo Negro Fermentado Grande Gema&#8217;s"},"content":{"rendered":"<p data-mce-fragment=\"1\"><strong data-mce-fragment=\"1\">Descripci\u00f3n:<\/strong><\/p>\n<p data-mce-fragment=\"1\">El <strong>ajo negro<\/strong> fortalece el sistema inmune, limpia ri\u00f1ones, es eficaz contra el asma, favorece la digesti\u00f3n, antioxidante,mejora la circulaci\u00f3n, controlar el estr\u00e9s, energizante, anti gripal, aminora los problemas de la artritis, regula la presi\u00f3n arterial, trigliceridos, anticancerigeno, pontencializador sexual, ataca algunos virus y bacterias.<\/p>\n<p data-mce-fragment=\"1\"><strong data-mce-fragment=\"1\">Modo de uso:<\/strong><\/p>\n<p data-mce-fragment=\"1\">1 a 2 dientes de ajo al d\u00eda.<\/p>\n<p data-mce-fragment=\"1\"><strong data-mce-fragment=\"1\">Contenido:<\/strong><\/p>\n<p data-mce-fragment=\"1\">1 cabeza de ajo grande.<\/p>\n","protected":false},"excerpt":{"rendered":"<p>Descripci\u00f3n: El ajo negro fortalece el sistema inmune, limpia ri\u00f1ones, es eficaz contra el asma, favorece la digesti\u00f3n, antioxidante,mejora la circulaci\u00f3n, controlar el estr\u00e9s, energizante, anti gripal, aminora los problemas [&hellip;]<\/p>\n","protected":false},"featured_media":1574,"comment_status":"open","ping_status":"closed","template":"","meta":[],"product_brand":[492],"product_cat":[285,308,337,318,324],"product_tag":[75],"class_list":{"0":"post-5098","1":"product","2":"type-product","3":"status-publish","4":"has-post-thumbnail","6":"product_brand-gemas","7":"product_cat-ajo-negro","8":"product_cat-nutricion","9":"product_cat-productos","10":"product_cat-salud","11":"product_cat-sexualidad","12":"product_tag-ajo-negro","14":"first","15":"instock","16":"shipping-taxable","17":"purchasable","18":"product-type-simple"},"_links":{"self":[{"href":"https:\/\/modest-napier.216-250-124-103.plesk.page\/index.php\/wp-json\/wp\/v2\/product\/5098","targetHints":{"allow":["GET"]}}],"collection":[{"href":"https:\/\/modest-napier.216-250-124-103.plesk.page\/index.php\/wp-json\/wp\/v2\/product"}],"about":[{"href":"https:\/\/modest-napier.216-250-124-103.plesk.page\/index.php\/wp-json\/wp\/v2\/types\/product"}],"replies":[{"embeddable":true,"href":"https:\/\/modest-napier.216-250-124-103.plesk.page\/index.php\/wp-json\/wp\/v2\/comments?post=5098"}],"wp:featuredmedia":[{"embeddable":true,"href":"https:\/\/modest-napier.216-250-124-103.plesk.page\/index.php\/wp-json\/wp\/v2\/media\/1574"}],"wp:attachment":[{"href":"https:\/\/modest-napier.216-250-124-103.plesk.page\/index.php\/wp-json\/wp\/v2\/media?parent=5098"}],"wp:term":[{"taxonomy":"product_brand","embeddable":true,"href":"https:\/\/modest-napier.216-250-124-103.plesk.page\/index.php\/wp-json\/wp\/v2\/product_brand?post=5098"},{"taxonomy":"product_cat","embeddable":true,"href":"https:\/\/modest-napier.216-250-124-103.plesk.page\/index.php\/wp-json\/wp\/v2\/product_cat?post=5098"},{"taxonomy":"product_tag","embeddable":true,"href":"https:\/\/modest-napier.216-250-124-103.plesk.page\/index.php\/wp-json\/wp\/v2\/product_tag?post=5098"}],"curies":[{"name":"wp","href":"https:\/\/api.w.org\/{rel}","templated":true}]}}