{"id":5099,"date":"2025-09-24T19:27:51","date_gmt":"2025-09-24T19:27:51","guid":{"rendered":"https:\/\/modest-napier.216-250-124-103.plesk.page\/index.php\/producto\/cafe-ajo-negro-sobre-c-25-gr-gemas\/"},"modified":"2025-09-24T20:44:07","modified_gmt":"2025-09-24T20:44:07","slug":"cafe-ajo-negro-sobre-c-25-gr-gemas1","status":"publish","type":"product","link":"https:\/\/modest-napier.216-250-124-103.plesk.page\/index.php\/producto\/cafe-ajo-negro-sobre-c-25-gr-gemas1\/","title":{"rendered":"Caf\u00e9 Ajo Negro Sobre 25 g Gema&#8217;s"},"content":{"rendered":"<p><strong>Descripci\u00f3n:<\/strong><\/p>\n<p>Fortalece el sistema inmune, limpia ri\u00f1ones, eficaz contra el asma, favorece la digesti\u00f3n, antioxidante,mejora la circulaci\u00f3n, controlar el estr\u00e9s, energizante, anti gripal, aminora los problemas de la artritis, regula la presi\u00f3n arterial, trigliceridos, anticancerigeno, pontencializador sexual, ataca algunos virus y bacterias.<\/p>\n<p><strong>Modo de uso:<\/strong><\/p>\n<p>Tomar de 1 a 2 taza al d\u00eda.<\/p>\n<p><strong>Contenido:<\/strong><\/p>\n<p>25 gr.<\/p>\n","protected":false},"excerpt":{"rendered":"<p>Descripci\u00f3n: Fortalece el sistema inmune, limpia ri\u00f1ones, eficaz contra el asma, favorece la digesti\u00f3n, antioxidante,mejora la circulaci\u00f3n, controlar el estr\u00e9s, energizante, anti gripal, aminora los problemas de la artritis, regula [&hellip;]<\/p>\n","protected":false},"featured_media":1575,"comment_status":"open","ping_status":"closed","template":"","meta":[],"product_brand":[492],"product_cat":[337,318,332],"product_tag":[75],"class_list":{"0":"post-5099","1":"product","2":"type-product","3":"status-publish","4":"has-post-thumbnail","6":"product_brand-gemas","7":"product_cat-productos","8":"product_cat-salud","9":"product_cat-tes-e-infusiones","10":"product_tag-ajo-negro","12":"first","13":"instock","14":"shipping-taxable","15":"purchasable","16":"product-type-simple"},"_links":{"self":[{"href":"https:\/\/modest-napier.216-250-124-103.plesk.page\/index.php\/wp-json\/wp\/v2\/product\/5099","targetHints":{"allow":["GET"]}}],"collection":[{"href":"https:\/\/modest-napier.216-250-124-103.plesk.page\/index.php\/wp-json\/wp\/v2\/product"}],"about":[{"href":"https:\/\/modest-napier.216-250-124-103.plesk.page\/index.php\/wp-json\/wp\/v2\/types\/product"}],"replies":[{"embeddable":true,"href":"https:\/\/modest-napier.216-250-124-103.plesk.page\/index.php\/wp-json\/wp\/v2\/comments?post=5099"}],"wp:featuredmedia":[{"embeddable":true,"href":"https:\/\/modest-napier.216-250-124-103.plesk.page\/index.php\/wp-json\/wp\/v2\/media\/1575"}],"wp:attachment":[{"href":"https:\/\/modest-napier.216-250-124-103.plesk.page\/index.php\/wp-json\/wp\/v2\/media?parent=5099"}],"wp:term":[{"taxonomy":"product_brand","embeddable":true,"href":"https:\/\/modest-napier.216-250-124-103.plesk.page\/index.php\/wp-json\/wp\/v2\/product_brand?post=5099"},{"taxonomy":"product_cat","embeddable":true,"href":"https:\/\/modest-napier.216-250-124-103.plesk.page\/index.php\/wp-json\/wp\/v2\/product_cat?post=5099"},{"taxonomy":"product_tag","embeddable":true,"href":"https:\/\/modest-napier.216-250-124-103.plesk.page\/index.php\/wp-json\/wp\/v2\/product_tag?post=5099"}],"curies":[{"name":"wp","href":"https:\/\/api.w.org\/{rel}","templated":true}]}}