{"id":5100,"date":"2025-09-24T19:27:52","date_gmt":"2025-09-24T19:27:52","guid":{"rendered":"https:\/\/modest-napier.216-250-124-103.plesk.page\/index.php\/producto\/cafe-gourmet-medi-mushrooms-c-20-sobres-garden-lifeeliminado\/"},"modified":"2025-09-24T19:27:53","modified_gmt":"2025-09-24T19:27:53","slug":"cafe-gourmet-medi-mushrooms-c-20-sobres-garden-lifeeliminado","status":"publish","type":"product","link":"https:\/\/modest-napier.216-250-124-103.plesk.page\/index.php\/producto\/cafe-gourmet-medi-mushrooms-c-20-sobres-garden-lifeeliminado\/","title":{"rendered":"CAFE GOURMET MEDI MUSHROOMS C\/20 SOBRES GARDEN LIFE(ELIMINADO)"},"content":{"rendered":"<p data-mce-fragment=\"1\"><strong data-mce-fragment=\"1\">Descripci\u00f3n:<\/strong><\/p>\n<p data-mce-fragment=\"1\">Oxigena el cuerpo y la sangre, promueve m\u00e1s energ\u00eda, aumenta el poder cerebral y rejuvenece el cuerpo.<\/p>\n<p data-mce-fragment=\"1\"><strong data-mce-fragment=\"1\">Modo de uso:<\/strong><\/p>\n<p>Vierte la mitad de un sobrecito en una taza, agrega agua caliente, disuelve y disfruta su delicioso sabor. Si lo prefieres m\u00e1s fuerte puedes verter todo el contenido del sobre en una taza y agregar agua caliente.<\/p>\n<p>\u00a1Para prepararlo fri\u00f3 primero disuelva con poca agua caliente, agregue agua fr\u00eda o hielos y listo!<\/p>\n<p data-mce-fragment=\"1\"><strong data-mce-fragment=\"1\">Contenido:<\/strong><\/p>\n<p data-mce-fragment=\"1\">20 sobres.<\/p>\n","protected":false},"excerpt":{"rendered":"<p>Descripci\u00f3n: Oxigena el cuerpo y la sangre, promueve m\u00e1s energ\u00eda, aumenta el poder cerebral y rejuvenece el cuerpo. Modo de uso: Vierte la mitad de un sobrecito en una taza, [&hellip;]<\/p>\n","protected":false},"featured_media":1576,"comment_status":"open","ping_status":"closed","template":"","meta":[],"product_brand":[],"product_cat":[308,337,332],"product_tag":[],"class_list":{"0":"post-5100","1":"product","2":"type-product","3":"status-publish","4":"has-post-thumbnail","6":"product_cat-nutricion","7":"product_cat-productos","8":"product_cat-tes-e-infusiones","10":"first","11":"outofstock","12":"shipping-taxable","13":"purchasable","14":"product-type-simple"},"_links":{"self":[{"href":"https:\/\/modest-napier.216-250-124-103.plesk.page\/index.php\/wp-json\/wp\/v2\/product\/5100","targetHints":{"allow":["GET"]}}],"collection":[{"href":"https:\/\/modest-napier.216-250-124-103.plesk.page\/index.php\/wp-json\/wp\/v2\/product"}],"about":[{"href":"https:\/\/modest-napier.216-250-124-103.plesk.page\/index.php\/wp-json\/wp\/v2\/types\/product"}],"replies":[{"embeddable":true,"href":"https:\/\/modest-napier.216-250-124-103.plesk.page\/index.php\/wp-json\/wp\/v2\/comments?post=5100"}],"wp:featuredmedia":[{"embeddable":true,"href":"https:\/\/modest-napier.216-250-124-103.plesk.page\/index.php\/wp-json\/wp\/v2\/media\/1576"}],"wp:attachment":[{"href":"https:\/\/modest-napier.216-250-124-103.plesk.page\/index.php\/wp-json\/wp\/v2\/media?parent=5100"}],"wp:term":[{"taxonomy":"product_brand","embeddable":true,"href":"https:\/\/modest-napier.216-250-124-103.plesk.page\/index.php\/wp-json\/wp\/v2\/product_brand?post=5100"},{"taxonomy":"product_cat","embeddable":true,"href":"https:\/\/modest-napier.216-250-124-103.plesk.page\/index.php\/wp-json\/wp\/v2\/product_cat?post=5100"},{"taxonomy":"product_tag","embeddable":true,"href":"https:\/\/modest-napier.216-250-124-103.plesk.page\/index.php\/wp-json\/wp\/v2\/product_tag?post=5100"}],"curies":[{"name":"wp","href":"https:\/\/api.w.org\/{rel}","templated":true}]}}