{"id":5102,"date":"2025-09-24T19:27:55","date_gmt":"2025-09-24T19:27:55","guid":{"rendered":"https:\/\/modest-napier.216-250-124-103.plesk.page\/index.php\/producto\/cap-3-en-1-c-150-vive-naturaleliminado\/"},"modified":"2025-09-24T19:27:56","modified_gmt":"2025-09-24T19:27:56","slug":"cap-3-en-1-c-150-vive-naturaleliminado","status":"publish","type":"product","link":"https:\/\/modest-napier.216-250-124-103.plesk.page\/index.php\/producto\/cap-3-en-1-c-150-vive-naturaleliminado\/","title":{"rendered":"CAP 3 EN 1 C\/150 VIVE NATURAL(ELIMINADO)"},"content":{"rendered":"<p data-mce-fragment=\"1\"><strong data-mce-fragment=\"1\">Descripci\u00f3n:<\/strong><\/p>\n<ul>\n<li>Ayuda a<span>\u00a0<\/span><strong>aumentar<\/strong><span>\u00a0<\/span>las<span>\u00a0<\/span><strong>defensas<\/strong><span>\u00a0<\/span>del<span>\u00a0<\/span><strong>sistema inmune<\/strong>\n<\/li>\n<li>Ayuda a disminuir la presi\u00f3n arterial<\/li>\n<li>Auxiliar en la reducci\u00f3n de colesterol<\/li>\n<li>\u00a0Ayuda a reducir el \u00e1cido \u00farico<\/li>\n<\/ul>\n<p data-mce-fragment=\"1\"><strong data-mce-fragment=\"1\">Modo de uso:<\/strong><\/p>\n<p data-mce-fragment=\"1\">Tomar 2 c\u00e1psulas antes de cada alimento.<\/p>\n<p data-mce-fragment=\"1\"><strong data-mce-fragment=\"1\">Contenido:<\/strong><\/p>\n<p data-mce-fragment=\"1\">150 c\u00e1psulas.<\/p>\n","protected":false},"excerpt":{"rendered":"<p>Descripci\u00f3n: Ayuda a\u00a0aumentar\u00a0las\u00a0defensas\u00a0del\u00a0sistema inmune Ayuda a disminuir la presi\u00f3n arterial Auxiliar en la reducci\u00f3n de colesterol \u00a0Ayuda a reducir el \u00e1cido \u00farico Modo de uso: Tomar 2 c\u00e1psulas antes de [&hellip;]<\/p>\n","protected":false},"featured_media":1578,"comment_status":"open","ping_status":"closed","template":"","meta":[],"product_brand":[],"product_cat":[308,337,318],"product_tag":[],"class_list":{"0":"post-5102","1":"product","2":"type-product","3":"status-publish","4":"has-post-thumbnail","6":"product_cat-nutricion","7":"product_cat-productos","8":"product_cat-salud","10":"first","11":"outofstock","12":"shipping-taxable","13":"purchasable","14":"product-type-simple"},"_links":{"self":[{"href":"https:\/\/modest-napier.216-250-124-103.plesk.page\/index.php\/wp-json\/wp\/v2\/product\/5102","targetHints":{"allow":["GET"]}}],"collection":[{"href":"https:\/\/modest-napier.216-250-124-103.plesk.page\/index.php\/wp-json\/wp\/v2\/product"}],"about":[{"href":"https:\/\/modest-napier.216-250-124-103.plesk.page\/index.php\/wp-json\/wp\/v2\/types\/product"}],"replies":[{"embeddable":true,"href":"https:\/\/modest-napier.216-250-124-103.plesk.page\/index.php\/wp-json\/wp\/v2\/comments?post=5102"}],"wp:featuredmedia":[{"embeddable":true,"href":"https:\/\/modest-napier.216-250-124-103.plesk.page\/index.php\/wp-json\/wp\/v2\/media\/1578"}],"wp:attachment":[{"href":"https:\/\/modest-napier.216-250-124-103.plesk.page\/index.php\/wp-json\/wp\/v2\/media?parent=5102"}],"wp:term":[{"taxonomy":"product_brand","embeddable":true,"href":"https:\/\/modest-napier.216-250-124-103.plesk.page\/index.php\/wp-json\/wp\/v2\/product_brand?post=5102"},{"taxonomy":"product_cat","embeddable":true,"href":"https:\/\/modest-napier.216-250-124-103.plesk.page\/index.php\/wp-json\/wp\/v2\/product_cat?post=5102"},{"taxonomy":"product_tag","embeddable":true,"href":"https:\/\/modest-napier.216-250-124-103.plesk.page\/index.php\/wp-json\/wp\/v2\/product_tag?post=5102"}],"curies":[{"name":"wp","href":"https:\/\/api.w.org\/{rel}","templated":true}]}}