{"id":5105,"date":"2025-09-24T19:27:58","date_gmt":"2025-09-24T19:27:58","guid":{"rendered":"https:\/\/modest-napier.216-250-124-103.plesk.page\/index.php\/producto\/cap-aceite-de-higado-de-tiburon-c-180-vidanat\/"},"modified":"2025-09-24T20:44:04","modified_gmt":"2025-09-24T20:44:04","slug":"cap-aceite-de-higado-de-tiburon-c-180-vidanat-1","status":"publish","type":"product","link":"https:\/\/modest-napier.216-250-124-103.plesk.page\/index.php\/producto\/cap-aceite-de-higado-de-tiburon-c-180-vidanat-1\/","title":{"rendered":"Aceite de H\u00edgado de Tibur\u00f3n 180 c\u00e1psulas Vidanat"},"content":{"rendered":"<p><meta charset=\"utf-8\"><meta charset=\"utf-8\"><\/p>\n<p><span data-sheets-userformat='{\"2\":14913,\"3\":{\"1\":0},\"9\":1,\"12\":0,\"14\":{\"1\":2,\"2\":2173750},\"15\":\"Arial\",\"16\":9}' data-sheets-value='{\"1\":2,\"2\":\"Descripci\u00f3n:nnRegula el nivel de triglic\u00e9ridos, previene las enfermedades del sistema circulatorio, previene enfermedades del coraz\u00f3n y elimina impurezas del organismo, ayuada areducir los efectos de la quimioetrapia,puede ayuadar a lafertilidad y mejorar el tono y la resequedad de la piel y el el cabello.nModo de uso:nnTomar una capsula antes de los alimentos. nnContenido:nn180 capsulas\"}'><strong>Descripci\u00f3n:\u00a0<\/strong><\/span><\/p>\n<p><span data-sheets-userformat='{\"2\":14913,\"3\":{\"1\":0},\"9\":1,\"12\":0,\"14\":{\"1\":2,\"2\":2173750},\"15\":\"Arial\",\"16\":9}' data-sheets-value='{\"1\":2,\"2\":\"Descripci\u00f3n:nnRegula el nivel de triglic\u00e9ridos, previene las enfermedades del sistema circulatorio, previene enfermedades del coraz\u00f3n y elimina impurezas del organismo, ayuada areducir los efectos de la quimioetrapia,puede ayuadar a lafertilidad y mejorar el tono y la resequedad de la piel y el el cabello.nModo de uso:nnTomar una capsula antes de los alimentos. nnContenido:nn180 capsulas\"}'>El <strong>aceite de h\u00edgado de tibur\u00f3n en c\u00e1psulas<\/strong> regula el nivel de triglic\u00e9ridos, previene las enfermedades del sistema circulatorio, previene enfermedades del coraz\u00f3n y elimina impurezas del organismo, ayuda a reducir los efectos de la quimioterapia, puede ayudar a la fertilidad y mejorar el tono y la resequedad de la piel y el cabello.<\/span><\/p>\n<p><span data-sheets-userformat='{\"2\":14913,\"3\":{\"1\":0},\"9\":1,\"12\":0,\"14\":{\"1\":2,\"2\":2173750},\"15\":\"Arial\",\"16\":9}' data-sheets-value='{\"1\":2,\"2\":\"Descripci\u00f3n:nnRegula el nivel de triglic\u00e9ridos, previene las enfermedades del sistema circulatorio, previene enfermedades del coraz\u00f3n y elimina impurezas del organismo, ayuada areducir los efectos de la quimioetrapia,puede ayuadar a lafertilidad y mejorar el tono y la resequedad de la piel y el el cabello.nModo de uso:nnTomar una capsula antes de los alimentos. nnContenido:nn180 capsulas\"}'><strong>Modo de uso:\u00a0<\/strong><\/span><\/p>\n<p><span data-sheets-userformat='{\"2\":14913,\"3\":{\"1\":0},\"9\":1,\"12\":0,\"14\":{\"1\":2,\"2\":2173750},\"15\":\"Arial\",\"16\":9}' data-sheets-value='{\"1\":2,\"2\":\"Descripci\u00f3n:nnRegula el nivel de triglic\u00e9ridos, previene las enfermedades del sistema circulatorio, previene enfermedades del coraz\u00f3n y elimina impurezas del organismo, ayuada areducir los efectos de la quimioetrapia,puede ayuadar a lafertilidad y mejorar el tono y la resequedad de la piel y el el cabello.nModo de uso:nnTomar una capsula antes de los alimentos. nnContenido:nn180 capsulas\"}'>Tomar una c\u00e1psula antes de los alimentos.<\/p>\n<p><strong>Contenido:\u00a0<\/strong><\/span><\/p>\n<p><span data-sheets-userformat='{\"2\":14913,\"3\":{\"1\":0},\"9\":1,\"12\":0,\"14\":{\"1\":2,\"2\":2173750},\"15\":\"Arial\",\"16\":9}' data-sheets-value='{\"1\":2,\"2\":\"Descripci\u00f3n:nnRegula el nivel de triglic\u00e9ridos, previene las enfermedades del sistema circulatorio, previene enfermedades del coraz\u00f3n y elimina impurezas del organismo, ayuada areducir los efectos de la quimioetrapia,puede ayuadar a lafertilidad y mejorar el tono y la resequedad de la piel y el el cabello.nModo de uso:nnTomar una capsula antes de los alimentos. nnContenido:nn180 capsulas\"}'>180 c\u00e1psulas.<\/span><\/p>\n","protected":false},"excerpt":{"rendered":"<p>Descripci\u00f3n:\u00a0 El aceite de h\u00edgado de tibur\u00f3n en c\u00e1psulas regula el nivel de triglic\u00e9ridos, previene las enfermedades del sistema circulatorio, previene enfermedades del coraz\u00f3n y elimina impurezas del organismo, ayuda [&hellip;]<\/p>\n","protected":false},"featured_media":1581,"comment_status":"open","ping_status":"closed","template":"","meta":[],"product_brand":[354],"product_cat":[308,337,318,319],"product_tag":[101],"class_list":{"0":"post-5105","1":"product","2":"type-product","3":"status-publish","4":"has-post-thumbnail","6":"product_brand-vidanat","7":"product_cat-nutricion","8":"product_cat-productos","9":"product_cat-salud","10":"product_cat-salud-cardiovascular","11":"product_tag-aceite-de-higado-de-tiburon","13":"first","14":"outofstock","15":"shipping-taxable","16":"purchasable","17":"product-type-simple"},"_links":{"self":[{"href":"https:\/\/modest-napier.216-250-124-103.plesk.page\/index.php\/wp-json\/wp\/v2\/product\/5105","targetHints":{"allow":["GET"]}}],"collection":[{"href":"https:\/\/modest-napier.216-250-124-103.plesk.page\/index.php\/wp-json\/wp\/v2\/product"}],"about":[{"href":"https:\/\/modest-napier.216-250-124-103.plesk.page\/index.php\/wp-json\/wp\/v2\/types\/product"}],"replies":[{"embeddable":true,"href":"https:\/\/modest-napier.216-250-124-103.plesk.page\/index.php\/wp-json\/wp\/v2\/comments?post=5105"}],"wp:featuredmedia":[{"embeddable":true,"href":"https:\/\/modest-napier.216-250-124-103.plesk.page\/index.php\/wp-json\/wp\/v2\/media\/1581"}],"wp:attachment":[{"href":"https:\/\/modest-napier.216-250-124-103.plesk.page\/index.php\/wp-json\/wp\/v2\/media?parent=5105"}],"wp:term":[{"taxonomy":"product_brand","embeddable":true,"href":"https:\/\/modest-napier.216-250-124-103.plesk.page\/index.php\/wp-json\/wp\/v2\/product_brand?post=5105"},{"taxonomy":"product_cat","embeddable":true,"href":"https:\/\/modest-napier.216-250-124-103.plesk.page\/index.php\/wp-json\/wp\/v2\/product_cat?post=5105"},{"taxonomy":"product_tag","embeddable":true,"href":"https:\/\/modest-napier.216-250-124-103.plesk.page\/index.php\/wp-json\/wp\/v2\/product_tag?post=5105"}],"curies":[{"name":"wp","href":"https:\/\/api.w.org\/{rel}","templated":true}]}}