{"id":5106,"date":"2025-09-24T19:28:01","date_gmt":"2025-09-24T19:28:01","guid":{"rendered":"https:\/\/modest-napier.216-250-124-103.plesk.page\/index.php\/producto\/cap-aceite-de-primula-c-30-herbital\/"},"modified":"2025-09-24T20:46:48","modified_gmt":"2025-09-24T20:46:48","slug":"aceite-de-primula","status":"publish","type":"product","link":"https:\/\/modest-napier.216-250-124-103.plesk.page\/index.php\/producto\/aceite-de-primula\/","title":{"rendered":"Aceite de Pr\u00edmula 30 c\u00e1psulas Herbital"},"content":{"rendered":"<p data-mce-fragment=\"1\"><strong data-mce-fragment=\"1\">Descripci\u00f3n:<\/strong><\/p>\n<p data-mce-fragment=\"1\"><span>El <strong>aceite de pr\u00edmula en c\u00e1psulas<\/strong> puede tener acci\u00f3n\u00a0antioxidante, emoliente, antiinflamatoria y antiagregante plaquetario.\u00a0<\/span><span>\u00datil\u00a0en el tratamiento sintom\u00e1tico\u00a0de los eccemas at\u00f3picos, neuropat\u00edas\u00a0diab\u00e9ticas, artritis reumatoide, dolor de mama, s\u00edndrome\u00a0premenstrual, menopausia y acn\u00e9\u00a0juvenil hormonal.\u00a0<\/span><span>Favorece la regeneraci\u00f3n\u00a0celular estimulando la circulaci\u00f3n\u00a0y revitalizando las c\u00e9lulas\u00a0envejecidas, act\u00faa\u00a0como hidratante y emoliente para la piel.\u00a0<a href=\"#more\">Leer m\u00e1s \u00bb<\/a><\/span><\/p>\n<p data-mce-fragment=\"1\"><strong data-mce-fragment=\"1\">Modo de uso:<\/strong><\/p>\n<p data-mce-fragment=\"1\">Tomar 1 c\u00e1psula en ayunas.<\/p>\n<p data-mce-fragment=\"1\"><strong data-mce-fragment=\"1\">Contenido:<\/strong><\/p>\n<p data-mce-fragment=\"1\">30 c\u00e1psulas.<\/p>\n","protected":false},"excerpt":{"rendered":"<p>Descripci\u00f3n: El aceite de pr\u00edmula en c\u00e1psulas puede tener acci\u00f3n\u00a0antioxidante, emoliente, antiinflamatoria y antiagregante plaquetario.\u00a0\u00datil\u00a0en el tratamiento sintom\u00e1tico\u00a0de los eccemas at\u00f3picos, neuropat\u00edas\u00a0diab\u00e9ticas, artritis reumatoide, dolor de mama, s\u00edndrome\u00a0premenstrual, menopausia y [&hellip;]<\/p>\n","protected":false},"featured_media":1582,"comment_status":"open","ping_status":"closed","template":"","meta":[],"product_brand":[406],"product_cat":[308,310,337,318,335],"product_tag":[102],"class_list":{"0":"post-5106","1":"product","2":"type-product","3":"status-publish","4":"has-post-thumbnail","6":"product_brand-herbital","7":"product_cat-nutricion","8":"product_cat-padecimientos-cronicos","9":"product_cat-productos","10":"product_cat-salud","11":"product_cat-vitaminas-y-minerales","12":"product_tag-aceite-de-primula","14":"first","15":"instock","16":"shipping-taxable","17":"purchasable","18":"product-type-simple"},"_links":{"self":[{"href":"https:\/\/modest-napier.216-250-124-103.plesk.page\/index.php\/wp-json\/wp\/v2\/product\/5106","targetHints":{"allow":["GET"]}}],"collection":[{"href":"https:\/\/modest-napier.216-250-124-103.plesk.page\/index.php\/wp-json\/wp\/v2\/product"}],"about":[{"href":"https:\/\/modest-napier.216-250-124-103.plesk.page\/index.php\/wp-json\/wp\/v2\/types\/product"}],"replies":[{"embeddable":true,"href":"https:\/\/modest-napier.216-250-124-103.plesk.page\/index.php\/wp-json\/wp\/v2\/comments?post=5106"}],"wp:featuredmedia":[{"embeddable":true,"href":"https:\/\/modest-napier.216-250-124-103.plesk.page\/index.php\/wp-json\/wp\/v2\/media\/1582"}],"wp:attachment":[{"href":"https:\/\/modest-napier.216-250-124-103.plesk.page\/index.php\/wp-json\/wp\/v2\/media?parent=5106"}],"wp:term":[{"taxonomy":"product_brand","embeddable":true,"href":"https:\/\/modest-napier.216-250-124-103.plesk.page\/index.php\/wp-json\/wp\/v2\/product_brand?post=5106"},{"taxonomy":"product_cat","embeddable":true,"href":"https:\/\/modest-napier.216-250-124-103.plesk.page\/index.php\/wp-json\/wp\/v2\/product_cat?post=5106"},{"taxonomy":"product_tag","embeddable":true,"href":"https:\/\/modest-napier.216-250-124-103.plesk.page\/index.php\/wp-json\/wp\/v2\/product_tag?post=5106"}],"curies":[{"name":"wp","href":"https:\/\/api.w.org\/{rel}","templated":true}]}}