{"id":5107,"date":"2025-09-24T19:28:02","date_gmt":"2025-09-24T19:28:02","guid":{"rendered":"https:\/\/modest-napier.216-250-124-103.plesk.page\/index.php\/producto\/cap-aceite-oregano-c-60-vidanat\/"},"modified":"2025-09-24T20:45:50","modified_gmt":"2025-09-24T20:45:50","slug":"cap-aceite-oregano-c-60-vidanat","status":"publish","type":"product","link":"https:\/\/modest-napier.216-250-124-103.plesk.page\/index.php\/producto\/cap-aceite-oregano-c-60-vidanat\/","title":{"rendered":"Aceite de or\u00e9gano Vidanat 60 c\u00e1psulas"},"content":{"rendered":"<p data-mce-fragment=\"1\"><strong data-mce-fragment=\"1\">Descripci\u00f3n:<\/strong><\/p>\n<p>Las <strong>c\u00e1psulas de aceite de or\u00e9gano<\/strong> act\u00faan como un freno a la infecci\u00f3n. En contra de bacterias, virus y hongos, el aceite de or\u00e9gano puede matar o puede bloquear el crecimiento virtualmente de cualquier hongo, es quiz\u00e1 el m\u00e1s poderoso agente anti-fungal herbal, capaz de destruir hongos que han sido mutados en el laboratorio como las resistentes formas de hongos que resultan de la terapia antibi\u00f3tica.<\/p>\n<p>El aceite de or\u00e9gano fortalece el sistema inmunol\u00f3gico y esto es primordial para poder luchar contra estos padecimientos.<\/p>\n<p data-mce-fragment=\"1\"><strong data-mce-fragment=\"1\">Modo de uso:<\/strong><\/p>\n<p data-mce-fragment=\"1\"><span>Tomar 1 c\u00e1psula al d\u00eda.<\/span><\/p>\n<p data-mce-fragment=\"1\"><strong data-mce-fragment=\"1\">Contenido:<\/strong><\/p>\n<p data-mce-fragment=\"1\">60 c\u00e1psulas.<\/p>\n","protected":false},"excerpt":{"rendered":"<p>Descripci\u00f3n: Las c\u00e1psulas de aceite de or\u00e9gano act\u00faan como un freno a la infecci\u00f3n. En contra de bacterias, virus y hongos, el aceite de or\u00e9gano puede matar o puede bloquear [&hellip;]<\/p>\n","protected":false},"featured_media":1583,"comment_status":"open","ping_status":"closed","template":"","meta":[],"product_brand":[354],"product_cat":[337,318],"product_tag":[52],"class_list":{"0":"post-5107","1":"product","2":"type-product","3":"status-publish","4":"has-post-thumbnail","6":"product_brand-vidanat","7":"product_cat-productos","8":"product_cat-salud","9":"product_tag-oregano","11":"first","12":"instock","13":"shipping-taxable","14":"purchasable","15":"product-type-simple"},"_links":{"self":[{"href":"https:\/\/modest-napier.216-250-124-103.plesk.page\/index.php\/wp-json\/wp\/v2\/product\/5107","targetHints":{"allow":["GET"]}}],"collection":[{"href":"https:\/\/modest-napier.216-250-124-103.plesk.page\/index.php\/wp-json\/wp\/v2\/product"}],"about":[{"href":"https:\/\/modest-napier.216-250-124-103.plesk.page\/index.php\/wp-json\/wp\/v2\/types\/product"}],"replies":[{"embeddable":true,"href":"https:\/\/modest-napier.216-250-124-103.plesk.page\/index.php\/wp-json\/wp\/v2\/comments?post=5107"}],"wp:featuredmedia":[{"embeddable":true,"href":"https:\/\/modest-napier.216-250-124-103.plesk.page\/index.php\/wp-json\/wp\/v2\/media\/1583"}],"wp:attachment":[{"href":"https:\/\/modest-napier.216-250-124-103.plesk.page\/index.php\/wp-json\/wp\/v2\/media?parent=5107"}],"wp:term":[{"taxonomy":"product_brand","embeddable":true,"href":"https:\/\/modest-napier.216-250-124-103.plesk.page\/index.php\/wp-json\/wp\/v2\/product_brand?post=5107"},{"taxonomy":"product_cat","embeddable":true,"href":"https:\/\/modest-napier.216-250-124-103.plesk.page\/index.php\/wp-json\/wp\/v2\/product_cat?post=5107"},{"taxonomy":"product_tag","embeddable":true,"href":"https:\/\/modest-napier.216-250-124-103.plesk.page\/index.php\/wp-json\/wp\/v2\/product_tag?post=5107"}],"curies":[{"name":"wp","href":"https:\/\/api.w.org\/{rel}","templated":true}]}}