{"id":5109,"date":"2025-09-24T19:28:04","date_gmt":"2025-09-24T19:28:04","guid":{"rendered":"https:\/\/modest-napier.216-250-124-103.plesk.page\/index.php\/producto\/cap-acido-hialuronico-turqueza-con-colageno-curcuma-ortiga-c-30-nutriton\/"},"modified":"2025-09-24T20:46:47","modified_gmt":"2025-09-24T20:46:47","slug":"cap-acido-hialuronico-turqueza-con-colageno-curcuma-ortiga-c-30-nutriton","status":"publish","type":"product","link":"https:\/\/modest-napier.216-250-124-103.plesk.page\/index.php\/producto\/cap-acido-hialuronico-turqueza-con-colageno-curcuma-ortiga-c-30-nutriton\/","title":{"rendered":"\u00c1cido hialur\u00f3nico Col\u00e1geno C\u00farcuma Ortiga 30 c\u00e1psulas"},"content":{"rendered":"<p data-mce-fragment=\"1\">El suplemento de <strong>\u00e1cido hialur\u00f3nico con col\u00e1geno, c\u00farcuma y ortiga<\/strong>, sirve paraa mejorar la salud de la piel y articulaciones, brindando al organismo ingredientes naturales que coadyuvan a disminuir la inflamaci\u00f3n y mejorar la lubricaci\u00f3n. Ayuda a restablecer la fuerza, elasticidad y rendimiento para realizar las actividades diarias.<\/p>\n","protected":false},"excerpt":{"rendered":"<p>El suplemento de \u00e1cido hialur\u00f3nico con col\u00e1geno, c\u00farcuma y ortiga, sirve paraa mejorar la salud de la piel y articulaciones, brindando al organismo ingredientes naturales que coadyuvan a disminuir la [&hellip;]<\/p>\n","protected":false},"featured_media":1585,"comment_status":"open","ping_status":"closed","template":"","meta":[],"product_brand":[345],"product_cat":[337,318],"product_tag":[105],"class_list":{"0":"post-5109","1":"product","2":"type-product","3":"status-publish","4":"has-post-thumbnail","6":"product_brand-natural-life","7":"product_cat-productos","8":"product_cat-salud","9":"product_tag-acido-hialuronico","11":"first","12":"instock","13":"shipping-taxable","14":"purchasable","15":"product-type-simple"},"_links":{"self":[{"href":"https:\/\/modest-napier.216-250-124-103.plesk.page\/index.php\/wp-json\/wp\/v2\/product\/5109","targetHints":{"allow":["GET"]}}],"collection":[{"href":"https:\/\/modest-napier.216-250-124-103.plesk.page\/index.php\/wp-json\/wp\/v2\/product"}],"about":[{"href":"https:\/\/modest-napier.216-250-124-103.plesk.page\/index.php\/wp-json\/wp\/v2\/types\/product"}],"replies":[{"embeddable":true,"href":"https:\/\/modest-napier.216-250-124-103.plesk.page\/index.php\/wp-json\/wp\/v2\/comments?post=5109"}],"wp:featuredmedia":[{"embeddable":true,"href":"https:\/\/modest-napier.216-250-124-103.plesk.page\/index.php\/wp-json\/wp\/v2\/media\/1585"}],"wp:attachment":[{"href":"https:\/\/modest-napier.216-250-124-103.plesk.page\/index.php\/wp-json\/wp\/v2\/media?parent=5109"}],"wp:term":[{"taxonomy":"product_brand","embeddable":true,"href":"https:\/\/modest-napier.216-250-124-103.plesk.page\/index.php\/wp-json\/wp\/v2\/product_brand?post=5109"},{"taxonomy":"product_cat","embeddable":true,"href":"https:\/\/modest-napier.216-250-124-103.plesk.page\/index.php\/wp-json\/wp\/v2\/product_cat?post=5109"},{"taxonomy":"product_tag","embeddable":true,"href":"https:\/\/modest-napier.216-250-124-103.plesk.page\/index.php\/wp-json\/wp\/v2\/product_tag?post=5109"}],"curies":[{"name":"wp","href":"https:\/\/api.w.org\/{rel}","templated":true}]}}