{"id":5111,"date":"2025-09-24T19:28:07","date_gmt":"2025-09-24T19:28:07","guid":{"rendered":"https:\/\/modest-napier.216-250-124-103.plesk.page\/index.php\/producto\/cap-aguaje-peruano-slim-atomizado-c-90-es-natural\/"},"modified":"2025-09-24T20:44:19","modified_gmt":"2025-09-24T20:44:19","slug":"cap-aguaje-peruano-slim-atomizado-c-90-es-natural","status":"publish","type":"product","link":"https:\/\/modest-napier.216-250-124-103.plesk.page\/index.php\/producto\/cap-aguaje-peruano-slim-atomizado-c-90-es-natural\/","title":{"rendered":"Aguaje Peruano Atomizado Slim 90 c\u00e1psulas"},"content":{"rendered":"<p data-mce-fragment=\"1\"><strong data-mce-fragment=\"1\">Descripci\u00f3n:<\/strong><\/p>\n<p data-mce-fragment=\"1\">Las <strong>c\u00e1psulas de aguaje peruano<\/strong> contienen fitoestr\u00f3genos, compuesto vegetal que ayuda a reducir los efectos de la menopausia. Este suplemento reduce porcentaje de grasa seg\u00fan sea el tipo de alimentaci\u00f3n, mantiene estable los niveles hormonales, reduce l\u00edneas de expresi\u00f3n, antibi\u00f3tico, analg\u00e9sico, antiinflamatorio y anticancer\u00edgeno, sobre todo frente a tumores de mama, colon y pr\u00f3stata. Tambi\u00e9n previene enfermedades cardiovasculares y accidentes cerebrovasculares.<\/p>\n<p data-mce-fragment=\"1\"><strong data-mce-fragment=\"1\">Modo de uso:<\/strong><\/p>\n<p data-mce-fragment=\"1\"><span data-mce-fragment=\"1\">Tomar 1 c\u00e1psulas tres veces al d\u00eda con los alimentos.<\/span><\/p>\n<p data-mce-fragment=\"1\"><span class=\"ILfuVd\" data-mce-fragment=\"1\"><span class=\"hgKElc\" data-mce-fragment=\"1\"><\/span><\/span><span data-mce-fragment=\"1\"><\/span><span data-mce-fragment=\"1\"><\/span><strong data-mce-fragment=\"1\">Contenido:<\/strong><\/p>\n<p data-mce-fragment=\"1\">90 c\u00e1psulas.<\/p>\n","protected":false},"excerpt":{"rendered":"<p>Descripci\u00f3n: Las c\u00e1psulas de aguaje peruano contienen fitoestr\u00f3genos, compuesto vegetal que ayuda a reducir los efectos de la menopausia. Este suplemento reduce porcentaje de grasa seg\u00fan sea el tipo de [&hellip;]<\/p>\n","protected":false},"featured_media":1587,"comment_status":"open","ping_status":"closed","template":"","meta":[],"product_brand":[479],"product_cat":[287,289,308,337,318,331],"product_tag":[106],"class_list":{"0":"post-5111","1":"product","2":"type-product","3":"status-publish","4":"has-post-thumbnail","6":"product_brand-e-s-natural","7":"product_cat-baja-de-peso","8":"product_cat-belleza","9":"product_cat-nutricion","10":"product_cat-productos","11":"product_cat-salud","12":"product_cat-suplementos-bajar-de-peso","13":"product_tag-aguaje","15":"first","16":"instock","17":"shipping-taxable","18":"purchasable","19":"product-type-simple"},"_links":{"self":[{"href":"https:\/\/modest-napier.216-250-124-103.plesk.page\/index.php\/wp-json\/wp\/v2\/product\/5111","targetHints":{"allow":["GET"]}}],"collection":[{"href":"https:\/\/modest-napier.216-250-124-103.plesk.page\/index.php\/wp-json\/wp\/v2\/product"}],"about":[{"href":"https:\/\/modest-napier.216-250-124-103.plesk.page\/index.php\/wp-json\/wp\/v2\/types\/product"}],"replies":[{"embeddable":true,"href":"https:\/\/modest-napier.216-250-124-103.plesk.page\/index.php\/wp-json\/wp\/v2\/comments?post=5111"}],"wp:featuredmedia":[{"embeddable":true,"href":"https:\/\/modest-napier.216-250-124-103.plesk.page\/index.php\/wp-json\/wp\/v2\/media\/1587"}],"wp:attachment":[{"href":"https:\/\/modest-napier.216-250-124-103.plesk.page\/index.php\/wp-json\/wp\/v2\/media?parent=5111"}],"wp:term":[{"taxonomy":"product_brand","embeddable":true,"href":"https:\/\/modest-napier.216-250-124-103.plesk.page\/index.php\/wp-json\/wp\/v2\/product_brand?post=5111"},{"taxonomy":"product_cat","embeddable":true,"href":"https:\/\/modest-napier.216-250-124-103.plesk.page\/index.php\/wp-json\/wp\/v2\/product_cat?post=5111"},{"taxonomy":"product_tag","embeddable":true,"href":"https:\/\/modest-napier.216-250-124-103.plesk.page\/index.php\/wp-json\/wp\/v2\/product_tag?post=5111"}],"curies":[{"name":"wp","href":"https:\/\/api.w.org\/{rel}","templated":true}]}}