{"id":5113,"date":"2025-09-24T19:28:09","date_gmt":"2025-09-24T19:28:09","guid":{"rendered":"https:\/\/modest-napier.216-250-124-103.plesk.page\/index.php\/producto\/cap-ajo-c-150-del-bajio\/"},"modified":"2025-09-24T20:48:02","modified_gmt":"2025-09-24T20:48:02","slug":"cap-ajo-c-150-del-bajio","status":"publish","type":"product","link":"https:\/\/modest-napier.216-250-124-103.plesk.page\/index.php\/producto\/cap-ajo-c-150-del-bajio\/","title":{"rendered":"Ajo 150 c\u00e1psulas Del Baj\u00edo"},"content":{"rendered":"<p data-mce-fragment=\"1\">El\u00a0<strong>suplemento de ajo en c\u00e1psulas<\/strong> es un antibi\u00f3tico natural, antif\u00fangico, ideal para combatir virus. El ajo reduce el colesterol malo, reduce la presi\u00f3n sangu\u00ednea.<strong data-mce-fragment=\"1\"><\/strong><strong data-mce-fragment=\"1\"><\/strong><\/p>\n<p data-mce-fragment=\"1\"><\/p>\n","protected":false},"excerpt":{"rendered":"<p>El\u00a0suplemento de ajo en c\u00e1psulas es un antibi\u00f3tico natural, antif\u00fangico, ideal para combatir virus. El ajo reduce el colesterol malo, reduce la presi\u00f3n sangu\u00ednea.<\/p>\n","protected":false},"featured_media":1590,"comment_status":"open","ping_status":"closed","template":"","meta":[],"product_brand":[628],"product_cat":[337,318],"product_tag":[108],"class_list":{"0":"post-5113","1":"product","2":"type-product","3":"status-publish","4":"has-post-thumbnail","6":"product_brand-del-bajio","7":"product_cat-productos","8":"product_cat-salud","9":"product_tag-ajo","11":"first","12":"outofstock","13":"shipping-taxable","14":"purchasable","15":"product-type-simple"},"_links":{"self":[{"href":"https:\/\/modest-napier.216-250-124-103.plesk.page\/index.php\/wp-json\/wp\/v2\/product\/5113","targetHints":{"allow":["GET"]}}],"collection":[{"href":"https:\/\/modest-napier.216-250-124-103.plesk.page\/index.php\/wp-json\/wp\/v2\/product"}],"about":[{"href":"https:\/\/modest-napier.216-250-124-103.plesk.page\/index.php\/wp-json\/wp\/v2\/types\/product"}],"replies":[{"embeddable":true,"href":"https:\/\/modest-napier.216-250-124-103.plesk.page\/index.php\/wp-json\/wp\/v2\/comments?post=5113"}],"wp:featuredmedia":[{"embeddable":true,"href":"https:\/\/modest-napier.216-250-124-103.plesk.page\/index.php\/wp-json\/wp\/v2\/media\/1590"}],"wp:attachment":[{"href":"https:\/\/modest-napier.216-250-124-103.plesk.page\/index.php\/wp-json\/wp\/v2\/media?parent=5113"}],"wp:term":[{"taxonomy":"product_brand","embeddable":true,"href":"https:\/\/modest-napier.216-250-124-103.plesk.page\/index.php\/wp-json\/wp\/v2\/product_brand?post=5113"},{"taxonomy":"product_cat","embeddable":true,"href":"https:\/\/modest-napier.216-250-124-103.plesk.page\/index.php\/wp-json\/wp\/v2\/product_cat?post=5113"},{"taxonomy":"product_tag","embeddable":true,"href":"https:\/\/modest-napier.216-250-124-103.plesk.page\/index.php\/wp-json\/wp\/v2\/product_tag?post=5113"}],"curies":[{"name":"wp","href":"https:\/\/api.w.org\/{rel}","templated":true}]}}