{"id":5116,"date":"2025-09-24T19:28:14","date_gmt":"2025-09-24T19:28:14","guid":{"rendered":"https:\/\/modest-napier.216-250-124-103.plesk.page\/index.php\/producto\/cap-ajo-limon-y-perejil-c-60-naterra-sunatura\/"},"modified":"2025-09-24T20:44:53","modified_gmt":"2025-09-24T20:44:53","slug":"cap-ajo-limon-y-perejil-c-60-naterra-sunatura","status":"publish","type":"product","link":"https:\/\/modest-napier.216-250-124-103.plesk.page\/index.php\/producto\/cap-ajo-limon-y-perejil-c-60-naterra-sunatura\/","title":{"rendered":"Ajo, Lim\u00f3n y Perejil 60 c\u00e1psulas NaTerra"},"content":{"rendered":"<p data-mce-fragment=\"1\"><strong data-mce-fragment=\"1\">Descripci\u00f3n:<\/strong><\/p>\n<p>Este <strong>suplemento de ajo, lim\u00f3n y perejil en c\u00e1psulas<\/strong> tiene todos los beneficios de sus excelentes componentes:<\/p>\n<ul>\n<li>Ajo: potente efecto antioxidante, disminuye el colesterol y triglic\u00e9ridos, regula la tensi\u00f3n arterial, beneficios cardiovasculares, protege los vasos sangu\u00edneos, y desinflama.<\/li>\n<li>Previene infecciones bacterianas, v\u00edricas y f\u00fangicas por sus<span>\u00a0<\/span><span style=\"color: #000000;\">propiedades antibi\u00f3ticas.<\/span>\n<\/li>\n<li>Perejil: contiene aceites esenciales y antioxidantes super alimento apoyo de ojos, contiene Vitamina A, pro-vitaminas carotenoides y beta-caroteno, protegen la retina y la c\u00f3rnea, combate los signos de envejecimiento en la piel, la piel de da\u00f1os por luz ultravioleta. Salud\u00a0cardiovascular beneficios para la salud cardiovascular y antiinflamatorias.<\/li>\n<\/ul>\n<p data-mce-fragment=\"1\"><strong data-mce-fragment=\"1\">Modo de uso:<\/strong><\/p>\n<p>1 c\u00e1psula por la ma\u00f1ana.<\/p>\n<p>1 c\u00e1psula por la tarde.<\/p>\n<p data-mce-fragment=\"1\"><strong data-mce-fragment=\"1\">Contenido:<\/strong><\/p>\n<p data-mce-fragment=\"1\">60 c\u00e1psulas.<\/p>\n","protected":false},"excerpt":{"rendered":"<p>Descripci\u00f3n: Este suplemento de ajo, lim\u00f3n y perejil en c\u00e1psulas tiene todos los beneficios de sus excelentes componentes: Ajo: potente efecto antioxidante, disminuye el colesterol y triglic\u00e9ridos, regula la tensi\u00f3n [&hellip;]<\/p>\n","protected":false},"featured_media":1593,"comment_status":"open","ping_status":"closed","template":"","meta":[],"product_brand":[388],"product_cat":[308,337,318],"product_tag":[108,45,109],"class_list":{"0":"post-5116","1":"product","2":"type-product","3":"status-publish","4":"has-post-thumbnail","6":"product_brand-naterra","7":"product_cat-nutricion","8":"product_cat-productos","9":"product_cat-salud","10":"product_tag-ajo","11":"product_tag-limon","12":"product_tag-perejil","14":"first","15":"instock","16":"shipping-taxable","17":"purchasable","18":"product-type-simple"},"_links":{"self":[{"href":"https:\/\/modest-napier.216-250-124-103.plesk.page\/index.php\/wp-json\/wp\/v2\/product\/5116","targetHints":{"allow":["GET"]}}],"collection":[{"href":"https:\/\/modest-napier.216-250-124-103.plesk.page\/index.php\/wp-json\/wp\/v2\/product"}],"about":[{"href":"https:\/\/modest-napier.216-250-124-103.plesk.page\/index.php\/wp-json\/wp\/v2\/types\/product"}],"replies":[{"embeddable":true,"href":"https:\/\/modest-napier.216-250-124-103.plesk.page\/index.php\/wp-json\/wp\/v2\/comments?post=5116"}],"wp:featuredmedia":[{"embeddable":true,"href":"https:\/\/modest-napier.216-250-124-103.plesk.page\/index.php\/wp-json\/wp\/v2\/media\/1593"}],"wp:attachment":[{"href":"https:\/\/modest-napier.216-250-124-103.plesk.page\/index.php\/wp-json\/wp\/v2\/media?parent=5116"}],"wp:term":[{"taxonomy":"product_brand","embeddable":true,"href":"https:\/\/modest-napier.216-250-124-103.plesk.page\/index.php\/wp-json\/wp\/v2\/product_brand?post=5116"},{"taxonomy":"product_cat","embeddable":true,"href":"https:\/\/modest-napier.216-250-124-103.plesk.page\/index.php\/wp-json\/wp\/v2\/product_cat?post=5116"},{"taxonomy":"product_tag","embeddable":true,"href":"https:\/\/modest-napier.216-250-124-103.plesk.page\/index.php\/wp-json\/wp\/v2\/product_tag?post=5116"}],"curies":[{"name":"wp","href":"https:\/\/api.w.org\/{rel}","templated":true}]}}