{"id":5119,"date":"2025-09-24T19:28:17","date_gmt":"2025-09-24T19:28:17","guid":{"rendered":"https:\/\/modest-napier.216-250-124-103.plesk.page\/index.php\/producto\/cap-ajo-negro-c-glucosamina-canela-y-vit-c-y-e-c-90-prettaneliminado\/"},"modified":"2025-09-24T19:28:18","modified_gmt":"2025-09-24T19:28:18","slug":"cap-ajo-negro-c-glucosamina-canela-y-vit-c-y-e-c-90-prettaneliminado","status":"publish","type":"product","link":"https:\/\/modest-napier.216-250-124-103.plesk.page\/index.php\/producto\/cap-ajo-negro-c-glucosamina-canela-y-vit-c-y-e-c-90-prettaneliminado\/","title":{"rendered":"CAP AJO NEGRO C\/ GLUCOSAMINA CANELA Y VIT C Y E C\/90 PRETTAN(ELIMINADO)"},"content":{"rendered":"<p data-mce-fragment=\"1\"><strong data-mce-fragment=\"1\">Descripci\u00f3n:<\/strong><\/p>\n<p data-mce-fragment=\"1\"><span>Beneficios:<\/span><br \/><span>&#8211; Antioxidante<\/span><br \/><span>&#8211; Previene la aparici\u00f3n de las enfermedades cardiovasculares<\/span><br \/><span>&#8211; Previene la migra\u00f1a<\/span><br \/><span>&#8211; Actividad antimicrobiana<\/span><br \/><span>&#8211; Mejora las defensas<\/span><br \/><span>&#8211; Prevenci\u00f3n contra algunos tipos de c\u00e1ncer<\/span><br \/><span>&#8211; Brinda energ\u00eda<\/span><br \/><span>&#8211; Fuente de amino\u00e1cidos esenciales<\/span><br \/><span>&#8211; Es antidepresivo y antiestr\u00e9s<\/span><br \/><span>&#8211; Fortalece nuestras defensas<\/span><br \/><span>&#8211; Revitalizante natural<\/span><\/p>\n<p data-mce-fragment=\"1\"><strong data-mce-fragment=\"1\">Modo de uso:<\/strong><\/p>\n<p data-mce-fragment=\"1\"><span>Tomar 3 c\u00e1psulas al d\u00eda de preferencia despu\u00e9s de los alimentos.<\/span><br \/><span>No exceda de la porci\u00f3n recomendada al d\u00eda.<\/span><\/p>\n<p data-mce-fragment=\"1\"><strong data-mce-fragment=\"1\">Contenido:<\/strong><\/p>\n<p data-mce-fragment=\"1\">90 c\u00e1psulas.<\/p>\n","protected":false},"excerpt":{"rendered":"<p>Descripci\u00f3n: Beneficios:&#8211; Antioxidante&#8211; Previene la aparici\u00f3n de las enfermedades cardiovasculares&#8211; Previene la migra\u00f1a&#8211; Actividad antimicrobiana&#8211; Mejora las defensas&#8211; Prevenci\u00f3n contra algunos tipos de c\u00e1ncer&#8211; Brinda energ\u00eda&#8211; Fuente de amino\u00e1cidos esenciales&#8211; [&hellip;]<\/p>\n","protected":false},"featured_media":1596,"comment_status":"open","ping_status":"closed","template":"","meta":[],"product_brand":[],"product_cat":[285,308,337,318],"product_tag":[],"class_list":{"0":"post-5119","1":"product","2":"type-product","3":"status-publish","4":"has-post-thumbnail","6":"product_cat-ajo-negro","7":"product_cat-nutricion","8":"product_cat-productos","9":"product_cat-salud","11":"first","12":"outofstock","13":"shipping-taxable","14":"purchasable","15":"product-type-simple"},"_links":{"self":[{"href":"https:\/\/modest-napier.216-250-124-103.plesk.page\/index.php\/wp-json\/wp\/v2\/product\/5119","targetHints":{"allow":["GET"]}}],"collection":[{"href":"https:\/\/modest-napier.216-250-124-103.plesk.page\/index.php\/wp-json\/wp\/v2\/product"}],"about":[{"href":"https:\/\/modest-napier.216-250-124-103.plesk.page\/index.php\/wp-json\/wp\/v2\/types\/product"}],"replies":[{"embeddable":true,"href":"https:\/\/modest-napier.216-250-124-103.plesk.page\/index.php\/wp-json\/wp\/v2\/comments?post=5119"}],"wp:featuredmedia":[{"embeddable":true,"href":"https:\/\/modest-napier.216-250-124-103.plesk.page\/index.php\/wp-json\/wp\/v2\/media\/1596"}],"wp:attachment":[{"href":"https:\/\/modest-napier.216-250-124-103.plesk.page\/index.php\/wp-json\/wp\/v2\/media?parent=5119"}],"wp:term":[{"taxonomy":"product_brand","embeddable":true,"href":"https:\/\/modest-napier.216-250-124-103.plesk.page\/index.php\/wp-json\/wp\/v2\/product_brand?post=5119"},{"taxonomy":"product_cat","embeddable":true,"href":"https:\/\/modest-napier.216-250-124-103.plesk.page\/index.php\/wp-json\/wp\/v2\/product_cat?post=5119"},{"taxonomy":"product_tag","embeddable":true,"href":"https:\/\/modest-napier.216-250-124-103.plesk.page\/index.php\/wp-json\/wp\/v2\/product_tag?post=5119"}],"curies":[{"name":"wp","href":"https:\/\/api.w.org\/{rel}","templated":true}]}}