{"id":5120,"date":"2025-09-24T19:28:18","date_gmt":"2025-09-24T19:28:18","guid":{"rendered":"https:\/\/modest-napier.216-250-124-103.plesk.page\/index.php\/producto\/cap-ajo-negro-c-150-herbomex\/"},"modified":"2025-09-24T20:46:47","modified_gmt":"2025-09-24T20:46:47","slug":"cap-ajo-negro-c-150-herbomex","status":"publish","type":"product","link":"https:\/\/modest-napier.216-250-124-103.plesk.page\/index.php\/producto\/cap-ajo-negro-c-150-herbomex\/","title":{"rendered":"Ajo negro Herbomex 150 c\u00e1psulas"},"content":{"rendered":"<p data-mce-fragment=\"1\"><strong data-mce-fragment=\"1\">Descripci\u00f3n:<\/strong><span>\u00a0<\/span><\/p>\n<p data-mce-fragment=\"1\"><span>El suplemento de <strong>ajo negro en c\u00e1psulas<\/strong> ayuda a reducir la presi\u00f3n arterial<\/span>: dado que dilata los vasos sangu\u00edneos (vasodilataci\u00f3n), contribuye moderadamente a controlar la hipertensi\u00f3n.<span>\u00a0<\/span><span>Puede disminuir los niveles de colesterol<\/span>: al hacerlo, impide la actividad de ciertas enzimas en el cuerpo. Contribuye a eliminar bacterias y hongos: el ajo contiene alicina, un compuesto que elimina ciertos tipos de bacterias. Tambi\u00e9n\u00a0es eficaz contra algunos grupos de hongos.<\/p>\n<p data-mce-fragment=\"1\"><strong data-mce-fragment=\"1\">Modo de uso:<\/strong><\/p>\n<p data-mce-fragment=\"1\">Tomar dos c\u00e1psulas antes de cada comida.<\/p>\n<p data-mce-fragment=\"1\"><strong data-mce-fragment=\"1\">Contenido:<\/strong><\/p>\n<p data-mce-fragment=\"1\">150 c\u00e1psulas.<\/p>\n","protected":false},"excerpt":{"rendered":"<p>Descripci\u00f3n:\u00a0 El suplemento de ajo negro en c\u00e1psulas ayuda a reducir la presi\u00f3n arterial: dado que dilata los vasos sangu\u00edneos (vasodilataci\u00f3n), contribuye moderadamente a controlar la hipertensi\u00f3n.\u00a0Puede disminuir los niveles [&hellip;]<\/p>\n","protected":false},"featured_media":1597,"comment_status":"open","ping_status":"closed","template":"","meta":[],"product_brand":[351],"product_cat":[308,337,318],"product_tag":[75],"class_list":{"0":"post-5120","1":"product","2":"type-product","3":"status-publish","4":"has-post-thumbnail","6":"product_brand-herbomex","7":"product_cat-nutricion","8":"product_cat-productos","9":"product_cat-salud","10":"product_tag-ajo-negro","12":"first","13":"instock","14":"shipping-taxable","15":"purchasable","16":"product-type-simple"},"_links":{"self":[{"href":"https:\/\/modest-napier.216-250-124-103.plesk.page\/index.php\/wp-json\/wp\/v2\/product\/5120","targetHints":{"allow":["GET"]}}],"collection":[{"href":"https:\/\/modest-napier.216-250-124-103.plesk.page\/index.php\/wp-json\/wp\/v2\/product"}],"about":[{"href":"https:\/\/modest-napier.216-250-124-103.plesk.page\/index.php\/wp-json\/wp\/v2\/types\/product"}],"replies":[{"embeddable":true,"href":"https:\/\/modest-napier.216-250-124-103.plesk.page\/index.php\/wp-json\/wp\/v2\/comments?post=5120"}],"wp:featuredmedia":[{"embeddable":true,"href":"https:\/\/modest-napier.216-250-124-103.plesk.page\/index.php\/wp-json\/wp\/v2\/media\/1597"}],"wp:attachment":[{"href":"https:\/\/modest-napier.216-250-124-103.plesk.page\/index.php\/wp-json\/wp\/v2\/media?parent=5120"}],"wp:term":[{"taxonomy":"product_brand","embeddable":true,"href":"https:\/\/modest-napier.216-250-124-103.plesk.page\/index.php\/wp-json\/wp\/v2\/product_brand?post=5120"},{"taxonomy":"product_cat","embeddable":true,"href":"https:\/\/modest-napier.216-250-124-103.plesk.page\/index.php\/wp-json\/wp\/v2\/product_cat?post=5120"},{"taxonomy":"product_tag","embeddable":true,"href":"https:\/\/modest-napier.216-250-124-103.plesk.page\/index.php\/wp-json\/wp\/v2\/product_tag?post=5120"}],"curies":[{"name":"wp","href":"https:\/\/api.w.org\/{rel}","templated":true}]}}