{"id":5123,"date":"2025-09-24T19:28:22","date_gmt":"2025-09-24T19:28:22","guid":{"rendered":"https:\/\/modest-napier.216-250-124-103.plesk.page\/index.php\/producto\/cap-ajo-y-ortiga-c-150-yazmin\/"},"modified":"2025-09-24T20:46:47","modified_gmt":"2025-09-24T20:46:47","slug":"cap-ajo-y-ortiga-c-150-yazmin","status":"publish","type":"product","link":"https:\/\/modest-napier.216-250-124-103.plesk.page\/index.php\/producto\/cap-ajo-y-ortiga-c-150-yazmin\/","title":{"rendered":"Ajo y Ortiga 150 c\u00e1psulas Yazmin"},"content":{"rendered":"<div data-mce-fragment=\"1\" class=\"shopify-section\" id=\"shopify-section-product-template\">\n<div data-mce-fragment=\"1\" data-enable-history-state=\"true\" data-extra-tab-content=\"\" data-show-extra-tab=\"false\" data-image-zoom-type=\"lightbox\" data-section-type=\"product-template\" data-section-id=\"product-template\" id=\"ProductSection\" itemtype=\"http:\/\/schema.org\/Product\" itemscope=\"\">\n<div data-mce-fragment=\"1\" class=\"product-single\">\n<div data-mce-fragment=\"1\" class=\"grid product-single__hero\">\n<div data-mce-fragment=\"1\" class=\"grid__item post-large--one-half\">\n<div data-mce-fragment=\"1\" itemtype=\"http:\/\/schema.org\/Offer\" itemscope=\"\" itemprop=\"offers\">\n<div data-mce-fragment=\"1\" class=\"product-description rte\" itemprop=\"description\">\n<p data-mce-fragment=\"1\"><strong data-mce-fragment=\"1\">Descripci\u00f3n:<\/strong><\/p>\n<p>El suplemento de <strong>ajo y ortiga en c\u00e1psulas<\/strong> tiene los siguientes beneficios:<\/p>\n<ul>\n<li>Mejora la circulaci\u00f3n sangu\u00ednea.<\/li>\n<li>Ayuda para artritis y reumas.<\/li>\n<li>Ayuda a reducir presi\u00f3n arterial.<\/li>\n<li>Ayuda a disminuir<span>\u00a0<\/span>los niveles del colesterol.<\/li>\n<li>Refuerza las defensas del organismo.<\/li>\n<\/ul>\n<p data-mce-fragment=\"1\"><strong data-mce-fragment=\"1\">Modo de uso:<\/strong><\/p>\n<p data-mce-fragment=\"1\">Tomar 2 c\u00e1psulas 3 veces al d\u00eda con alimentos.<\/p>\n<p data-mce-fragment=\"1\"><strong data-mce-fragment=\"1\">Contenido:<\/strong><\/p>\n<p data-mce-fragment=\"1\">150 c\u00e1psulas.<\/p>\n<\/div>\n<\/div>\n<\/div>\n<\/div>\n<\/div>\n<\/div>\n<\/div>\n","protected":false},"excerpt":{"rendered":"<p>Descripci\u00f3n: El suplemento de ajo y ortiga en c\u00e1psulas tiene los siguientes beneficios: Mejora la circulaci\u00f3n sangu\u00ednea. Ayuda para artritis y reumas. Ayuda a reducir presi\u00f3n arterial. Ayuda a disminuir\u00a0los [&hellip;]<\/p>\n","protected":false},"featured_media":1600,"comment_status":"open","ping_status":"closed","template":"","meta":[],"product_brand":[408],"product_cat":[337,318],"product_tag":[108,93],"class_list":{"0":"post-5123","1":"product","2":"type-product","3":"status-publish","4":"has-post-thumbnail","6":"product_brand-yazmin","7":"product_cat-productos","8":"product_cat-salud","9":"product_tag-ajo","10":"product_tag-ortiga","12":"first","13":"instock","14":"shipping-taxable","15":"purchasable","16":"product-type-simple"},"_links":{"self":[{"href":"https:\/\/modest-napier.216-250-124-103.plesk.page\/index.php\/wp-json\/wp\/v2\/product\/5123","targetHints":{"allow":["GET"]}}],"collection":[{"href":"https:\/\/modest-napier.216-250-124-103.plesk.page\/index.php\/wp-json\/wp\/v2\/product"}],"about":[{"href":"https:\/\/modest-napier.216-250-124-103.plesk.page\/index.php\/wp-json\/wp\/v2\/types\/product"}],"replies":[{"embeddable":true,"href":"https:\/\/modest-napier.216-250-124-103.plesk.page\/index.php\/wp-json\/wp\/v2\/comments?post=5123"}],"wp:featuredmedia":[{"embeddable":true,"href":"https:\/\/modest-napier.216-250-124-103.plesk.page\/index.php\/wp-json\/wp\/v2\/media\/1600"}],"wp:attachment":[{"href":"https:\/\/modest-napier.216-250-124-103.plesk.page\/index.php\/wp-json\/wp\/v2\/media?parent=5123"}],"wp:term":[{"taxonomy":"product_brand","embeddable":true,"href":"https:\/\/modest-napier.216-250-124-103.plesk.page\/index.php\/wp-json\/wp\/v2\/product_brand?post=5123"},{"taxonomy":"product_cat","embeddable":true,"href":"https:\/\/modest-napier.216-250-124-103.plesk.page\/index.php\/wp-json\/wp\/v2\/product_cat?post=5123"},{"taxonomy":"product_tag","embeddable":true,"href":"https:\/\/modest-napier.216-250-124-103.plesk.page\/index.php\/wp-json\/wp\/v2\/product_tag?post=5123"}],"curies":[{"name":"wp","href":"https:\/\/api.w.org\/{rel}","templated":true}]}}