{"id":5124,"date":"2025-09-24T19:28:24","date_gmt":"2025-09-24T19:28:24","guid":{"rendered":"https:\/\/modest-napier.216-250-124-103.plesk.page\/index.php\/producto\/cap-al-diablo-el-dolor-c-30-suprim-suun\/"},"modified":"2025-09-24T20:44:01","modified_gmt":"2025-09-24T20:44:01","slug":"al-diablo-el-dolor","status":"publish","type":"product","link":"https:\/\/modest-napier.216-250-124-103.plesk.page\/index.php\/producto\/al-diablo-el-dolor\/","title":{"rendered":"Al Diablo El Dolor 30 c\u00e1psulas Suprim Suun"},"content":{"rendered":"<p>\u00a1Conoce las pastillas\u00a0<strong>Al diablo el dolor<\/strong>! Este suplemento antiinflamatorio reforzado con <em>garra del diablo, ortiga y col\u00e1geno<\/em>, es eficaz contra las molestias de la artritis, inflamaci\u00f3n del nervio ci\u00e1tico, osteoartritis, lumbalgias, dolor muscular, osteoporosis y ayuda a regenerar el cart\u00edlago. <em>Con este suplemento, t\u00fa tambi\u00e9n dile al diablo al dolor.<\/em><\/p>\n","protected":false},"excerpt":{"rendered":"<p>\u00a1Conoce las pastillas\u00a0Al diablo el dolor! Este suplemento antiinflamatorio reforzado con garra del diablo, ortiga y col\u00e1geno, es eficaz contra las molestias de la artritis, inflamaci\u00f3n del nervio ci\u00e1tico, osteoartritis, [&hellip;]<\/p>\n","protected":false},"featured_media":1601,"comment_status":"open","ping_status":"closed","template":"","meta":[],"product_brand":[486],"product_cat":[312,337,318],"product_tag":[75,77,93],"class_list":{"0":"post-5124","1":"product","2":"type-product","3":"status-publish","4":"has-post-thumbnail","6":"product_brand-suprim-suun","7":"product_cat-populares","8":"product_cat-productos","9":"product_cat-salud","10":"product_tag-ajo-negro","11":"product_tag-colageno","12":"product_tag-ortiga","14":"first","15":"instock","16":"shipping-taxable","17":"purchasable","18":"product-type-simple"},"_links":{"self":[{"href":"https:\/\/modest-napier.216-250-124-103.plesk.page\/index.php\/wp-json\/wp\/v2\/product\/5124","targetHints":{"allow":["GET"]}}],"collection":[{"href":"https:\/\/modest-napier.216-250-124-103.plesk.page\/index.php\/wp-json\/wp\/v2\/product"}],"about":[{"href":"https:\/\/modest-napier.216-250-124-103.plesk.page\/index.php\/wp-json\/wp\/v2\/types\/product"}],"replies":[{"embeddable":true,"href":"https:\/\/modest-napier.216-250-124-103.plesk.page\/index.php\/wp-json\/wp\/v2\/comments?post=5124"}],"wp:featuredmedia":[{"embeddable":true,"href":"https:\/\/modest-napier.216-250-124-103.plesk.page\/index.php\/wp-json\/wp\/v2\/media\/1601"}],"wp:attachment":[{"href":"https:\/\/modest-napier.216-250-124-103.plesk.page\/index.php\/wp-json\/wp\/v2\/media?parent=5124"}],"wp:term":[{"taxonomy":"product_brand","embeddable":true,"href":"https:\/\/modest-napier.216-250-124-103.plesk.page\/index.php\/wp-json\/wp\/v2\/product_brand?post=5124"},{"taxonomy":"product_cat","embeddable":true,"href":"https:\/\/modest-napier.216-250-124-103.plesk.page\/index.php\/wp-json\/wp\/v2\/product_cat?post=5124"},{"taxonomy":"product_tag","embeddable":true,"href":"https:\/\/modest-napier.216-250-124-103.plesk.page\/index.php\/wp-json\/wp\/v2\/product_tag?post=5124"}],"curies":[{"name":"wp","href":"https:\/\/api.w.org\/{rel}","templated":true}]}}