{"id":5125,"date":"2025-09-24T19:28:25","date_gmt":"2025-09-24T19:28:25","guid":{"rendered":"https:\/\/modest-napier.216-250-124-103.plesk.page\/index.php\/producto\/cap-alcachofa-c-150-herbomex\/"},"modified":"2025-09-24T20:43:44","modified_gmt":"2025-09-24T20:43:44","slug":"alcachofa-capsulas-herbomex","status":"publish","type":"product","link":"https:\/\/modest-napier.216-250-124-103.plesk.page\/index.php\/producto\/alcachofa-capsulas-herbomex\/","title":{"rendered":"Alcachofa 150 c\u00e1psulas Herbomex"},"content":{"rendered":"<p><strong>Descripci\u00f3n:<\/strong><br \/>La <strong>alcachofa<\/strong> tiene propiedades depurativas y efecto diur\u00e9tico que promueven la p\u00e9rdida de peso. Anti grasas. Favorece la digesti\u00f3n de las grasas y la eliminaci\u00f3n de toxinas de nuestro cuerpo. Buena para el h\u00edgado.<\/p>\n<p><strong>Modo de uso:<\/strong><br \/>1 capleta al d\u00eda.<\/p>\n<p><strong>Contenido:<\/strong><br \/> 30 CAPLETAS.<\/p>\n","protected":false},"excerpt":{"rendered":"<p>Descripci\u00f3n:La alcachofa tiene propiedades depurativas y efecto diur\u00e9tico que promueven la p\u00e9rdida de peso. Anti grasas. Favorece la digesti\u00f3n de las grasas y la eliminaci\u00f3n de toxinas de nuestro cuerpo. [&hellip;]<\/p>\n","protected":false},"featured_media":1602,"comment_status":"open","ping_status":"closed","template":"","meta":[],"product_brand":[351],"product_cat":[337,318],"product_tag":[110],"class_list":{"0":"post-5125","1":"product","2":"type-product","3":"status-publish","4":"has-post-thumbnail","6":"product_brand-herbomex","7":"product_cat-productos","8":"product_cat-salud","9":"product_tag-alcachofa","11":"first","12":"instock","13":"shipping-taxable","14":"purchasable","15":"product-type-simple"},"_links":{"self":[{"href":"https:\/\/modest-napier.216-250-124-103.plesk.page\/index.php\/wp-json\/wp\/v2\/product\/5125","targetHints":{"allow":["GET"]}}],"collection":[{"href":"https:\/\/modest-napier.216-250-124-103.plesk.page\/index.php\/wp-json\/wp\/v2\/product"}],"about":[{"href":"https:\/\/modest-napier.216-250-124-103.plesk.page\/index.php\/wp-json\/wp\/v2\/types\/product"}],"replies":[{"embeddable":true,"href":"https:\/\/modest-napier.216-250-124-103.plesk.page\/index.php\/wp-json\/wp\/v2\/comments?post=5125"}],"wp:featuredmedia":[{"embeddable":true,"href":"https:\/\/modest-napier.216-250-124-103.plesk.page\/index.php\/wp-json\/wp\/v2\/media\/1602"}],"wp:attachment":[{"href":"https:\/\/modest-napier.216-250-124-103.plesk.page\/index.php\/wp-json\/wp\/v2\/media?parent=5125"}],"wp:term":[{"taxonomy":"product_brand","embeddable":true,"href":"https:\/\/modest-napier.216-250-124-103.plesk.page\/index.php\/wp-json\/wp\/v2\/product_brand?post=5125"},{"taxonomy":"product_cat","embeddable":true,"href":"https:\/\/modest-napier.216-250-124-103.plesk.page\/index.php\/wp-json\/wp\/v2\/product_cat?post=5125"},{"taxonomy":"product_tag","embeddable":true,"href":"https:\/\/modest-napier.216-250-124-103.plesk.page\/index.php\/wp-json\/wp\/v2\/product_tag?post=5125"}],"curies":[{"name":"wp","href":"https:\/\/api.w.org\/{rel}","templated":true}]}}