{"id":5126,"date":"2025-09-24T19:28:27","date_gmt":"2025-09-24T19:28:27","guid":{"rendered":"https:\/\/modest-napier.216-250-124-103.plesk.page\/index.php\/producto\/cap-alcachofa-c-150-prosa\/"},"modified":"2025-09-24T20:46:47","modified_gmt":"2025-09-24T20:46:47","slug":"cap-alcachofa-c-150-prosa","status":"publish","type":"product","link":"https:\/\/modest-napier.216-250-124-103.plesk.page\/index.php\/producto\/cap-alcachofa-c-150-prosa\/","title":{"rendered":"Alcachofa 150 c\u00e1psulas Prosa"},"content":{"rendered":"<div id=\"shopify-section-product-template\" class=\"shopify-section\" data-mce-fragment=\"1\">\n<div id=\"ProductSection\" data-section-id=\"product-template\" data-section-type=\"product-template\" data-image-zoom-type=\"lightbox\" data-show-extra-tab=\"false\" data-extra-tab-content=\"\" data-enable-history-state=\"true\" data-mce-fragment=\"1\" itemscope=\"\" itemtype=\"http:\/\/schema.org\/Product\">\n<div class=\"product-single\" data-mce-fragment=\"1\">\n<div class=\"grid product-single__hero\" data-mce-fragment=\"1\">\n<div class=\"grid__item post-large--one-half\" data-mce-fragment=\"1\">\n<div data-mce-fragment=\"1\" itemprop=\"offers\" itemscope=\"\" itemtype=\"http:\/\/schema.org\/Offer\">\n<div class=\"product-description rte\" data-mce-fragment=\"1\" itemprop=\"description\">\n<p data-mce-fragment=\"1\"><strong data-mce-fragment=\"1\">Descripci\u00f3n:<\/strong><\/p>\n<p><span class=\"a-list-item\">El <strong>suplemento de alcachofa<\/strong> en c\u00e1psulas\u00a0f<\/span>avorece la eliminaci\u00f3n de l\u00edquido funcionando como diur\u00e9tico natural, elimina lo que tu cuerpo no necesita.<\/p>\n<p data-mce-fragment=\"1\"><strong data-mce-fragment=\"1\">Modo de uso:<\/strong><\/p>\n<p data-mce-fragment=\"1\">Tomar 2 c\u00e1psulas 3 veces al d\u00eda despu\u00e9s de los alimentos.<\/p>\n<p data-mce-fragment=\"1\"><strong data-mce-fragment=\"1\">Contenido:<\/strong><\/p>\n<p data-mce-fragment=\"1\">150 c\u00e1psulas.<\/p>\n<\/div>\n<\/div>\n<\/div>\n<\/div>\n<\/div>\n<\/div>\n<\/div>\n","protected":false},"excerpt":{"rendered":"<p>Descripci\u00f3n: El suplemento de alcachofa en c\u00e1psulas\u00a0favorece la eliminaci\u00f3n de l\u00edquido funcionando como diur\u00e9tico natural, elimina lo que tu cuerpo no necesita. Modo de uso: Tomar 2 c\u00e1psulas 3 veces [&hellip;]<\/p>\n","protected":false},"featured_media":1603,"comment_status":"open","ping_status":"closed","template":"","meta":[],"product_brand":[475],"product_cat":[287,308,337,318,331],"product_tag":[110],"class_list":{"0":"post-5126","1":"product","2":"type-product","3":"status-publish","4":"has-post-thumbnail","6":"product_brand-prosa","7":"product_cat-baja-de-peso","8":"product_cat-nutricion","9":"product_cat-productos","10":"product_cat-salud","11":"product_cat-suplementos-bajar-de-peso","12":"product_tag-alcachofa","14":"first","15":"instock","16":"shipping-taxable","17":"purchasable","18":"product-type-simple"},"_links":{"self":[{"href":"https:\/\/modest-napier.216-250-124-103.plesk.page\/index.php\/wp-json\/wp\/v2\/product\/5126","targetHints":{"allow":["GET"]}}],"collection":[{"href":"https:\/\/modest-napier.216-250-124-103.plesk.page\/index.php\/wp-json\/wp\/v2\/product"}],"about":[{"href":"https:\/\/modest-napier.216-250-124-103.plesk.page\/index.php\/wp-json\/wp\/v2\/types\/product"}],"replies":[{"embeddable":true,"href":"https:\/\/modest-napier.216-250-124-103.plesk.page\/index.php\/wp-json\/wp\/v2\/comments?post=5126"}],"wp:featuredmedia":[{"embeddable":true,"href":"https:\/\/modest-napier.216-250-124-103.plesk.page\/index.php\/wp-json\/wp\/v2\/media\/1603"}],"wp:attachment":[{"href":"https:\/\/modest-napier.216-250-124-103.plesk.page\/index.php\/wp-json\/wp\/v2\/media?parent=5126"}],"wp:term":[{"taxonomy":"product_brand","embeddable":true,"href":"https:\/\/modest-napier.216-250-124-103.plesk.page\/index.php\/wp-json\/wp\/v2\/product_brand?post=5126"},{"taxonomy":"product_cat","embeddable":true,"href":"https:\/\/modest-napier.216-250-124-103.plesk.page\/index.php\/wp-json\/wp\/v2\/product_cat?post=5126"},{"taxonomy":"product_tag","embeddable":true,"href":"https:\/\/modest-napier.216-250-124-103.plesk.page\/index.php\/wp-json\/wp\/v2\/product_tag?post=5126"}],"curies":[{"name":"wp","href":"https:\/\/api.w.org\/{rel}","templated":true}]}}