{"id":5129,"date":"2025-09-24T19:28:30","date_gmt":"2025-09-24T19:28:30","guid":{"rendered":"https:\/\/modest-napier.216-250-124-103.plesk.page\/index.php\/producto\/cap-alfalfa-c-150-herbomex\/"},"modified":"2025-09-24T20:43:42","modified_gmt":"2025-09-24T20:43:42","slug":"alfalfa-capsulas-herbomex","status":"publish","type":"product","link":"https:\/\/modest-napier.216-250-124-103.plesk.page\/index.php\/producto\/alfalfa-capsulas-herbomex\/","title":{"rendered":"Alfalfa 150 c\u00e1psulas Herbomex"},"content":{"rendered":"<p><strong>Descripci\u00f3n:<\/strong><br \/>El <strong>alfalfa<\/strong> contiene propiedades nutritivas como vitaminas, calcio, hierrro y magnesio. Auxiliar para bajar los niveles de colesterol y as\u00ed prevenir enfermedades cardiovasculares. Tambi\u00e9n ayuda a controlar los niveles de glucosa y act\u00faa como diur\u00e9tico combatiendo la retenci\u00f3n de l\u00edquidos.<\/p>\n<p><strong>Modo de uso:<\/strong><br \/>Tomar 2 c\u00e1psulas antes de cada alimento.<\/p>\n<p><strong>Contenido:<\/strong><br \/> 150 c\u00e1psulas.<\/p>\n","protected":false},"excerpt":{"rendered":"<p>Descripci\u00f3n:El alfalfa contiene propiedades nutritivas como vitaminas, calcio, hierrro y magnesio. Auxiliar para bajar los niveles de colesterol y as\u00ed prevenir enfermedades cardiovasculares. Tambi\u00e9n ayuda a controlar los niveles de [&hellip;]<\/p>\n","protected":false},"featured_media":1606,"comment_status":"open","ping_status":"closed","template":"","meta":[],"product_brand":[351],"product_cat":[308,337,318],"product_tag":[111],"class_list":{"0":"post-5129","1":"product","2":"type-product","3":"status-publish","4":"has-post-thumbnail","6":"product_brand-herbomex","7":"product_cat-nutricion","8":"product_cat-productos","9":"product_cat-salud","10":"product_tag-alfalfa","12":"first","13":"instock","14":"shipping-taxable","15":"purchasable","16":"product-type-simple"},"_links":{"self":[{"href":"https:\/\/modest-napier.216-250-124-103.plesk.page\/index.php\/wp-json\/wp\/v2\/product\/5129","targetHints":{"allow":["GET"]}}],"collection":[{"href":"https:\/\/modest-napier.216-250-124-103.plesk.page\/index.php\/wp-json\/wp\/v2\/product"}],"about":[{"href":"https:\/\/modest-napier.216-250-124-103.plesk.page\/index.php\/wp-json\/wp\/v2\/types\/product"}],"replies":[{"embeddable":true,"href":"https:\/\/modest-napier.216-250-124-103.plesk.page\/index.php\/wp-json\/wp\/v2\/comments?post=5129"}],"wp:featuredmedia":[{"embeddable":true,"href":"https:\/\/modest-napier.216-250-124-103.plesk.page\/index.php\/wp-json\/wp\/v2\/media\/1606"}],"wp:attachment":[{"href":"https:\/\/modest-napier.216-250-124-103.plesk.page\/index.php\/wp-json\/wp\/v2\/media?parent=5129"}],"wp:term":[{"taxonomy":"product_brand","embeddable":true,"href":"https:\/\/modest-napier.216-250-124-103.plesk.page\/index.php\/wp-json\/wp\/v2\/product_brand?post=5129"},{"taxonomy":"product_cat","embeddable":true,"href":"https:\/\/modest-napier.216-250-124-103.plesk.page\/index.php\/wp-json\/wp\/v2\/product_cat?post=5129"},{"taxonomy":"product_tag","embeddable":true,"href":"https:\/\/modest-napier.216-250-124-103.plesk.page\/index.php\/wp-json\/wp\/v2\/product_tag?post=5129"}],"curies":[{"name":"wp","href":"https:\/\/api.w.org\/{rel}","templated":true}]}}