{"id":5136,"date":"2025-09-24T19:28:40","date_gmt":"2025-09-24T19:28:40","guid":{"rendered":"https:\/\/modest-napier.216-250-124-103.plesk.page\/index.php\/producto\/cap-arnica-c-75-anahuac\/"},"modified":"2025-09-24T20:44:39","modified_gmt":"2025-09-24T20:44:39","slug":"cap-arnica-c-75-anahuac","status":"publish","type":"product","link":"https:\/\/modest-napier.216-250-124-103.plesk.page\/index.php\/producto\/cap-arnica-c-75-anahuac\/","title":{"rendered":"\u00c1rnica 75 c\u00e1psulas Anahuac"},"content":{"rendered":"<p><strong>Descripci\u00f3n:<\/strong><br \/> El suplemento de <strong>\u00e1rnica<\/strong> en c\u00e1psulas ayuda a desinflamar despu\u00e9s de una cirug\u00eda por alg\u00fan traumatismo y\u00a0<span>tratar el dolor muscular y de articulaciones.\u00a0<\/span><\/p>\n<p><strong>Modo de uso:<\/strong><br \/> Tomar 2 c\u00e1psulas 3 veces al d\u00eda.<\/p>\n<p><strong>Contenido:<\/strong><br \/> 75 c\u00e1psulas.<\/p>\n","protected":false},"excerpt":{"rendered":"<p>Descripci\u00f3n: El suplemento de \u00e1rnica en c\u00e1psulas ayuda a desinflamar despu\u00e9s de una cirug\u00eda por alg\u00fan traumatismo y\u00a0tratar el dolor muscular y de articulaciones.\u00a0 Modo de uso: Tomar 2 c\u00e1psulas [&hellip;]<\/p>\n","protected":false},"featured_media":1613,"comment_status":"open","ping_status":"closed","template":"","meta":[],"product_brand":[363],"product_cat":[297,308,337,318],"product_tag":[28],"class_list":{"0":"post-5136","1":"product","2":"type-product","3":"status-publish","4":"has-post-thumbnail","6":"product_brand-anahuac","7":"product_cat-dolor-en-articulaciones","8":"product_cat-nutricion","9":"product_cat-productos","10":"product_cat-salud","11":"product_tag-arnica","13":"first","14":"instock","15":"shipping-taxable","16":"purchasable","17":"product-type-simple"},"_links":{"self":[{"href":"https:\/\/modest-napier.216-250-124-103.plesk.page\/index.php\/wp-json\/wp\/v2\/product\/5136","targetHints":{"allow":["GET"]}}],"collection":[{"href":"https:\/\/modest-napier.216-250-124-103.plesk.page\/index.php\/wp-json\/wp\/v2\/product"}],"about":[{"href":"https:\/\/modest-napier.216-250-124-103.plesk.page\/index.php\/wp-json\/wp\/v2\/types\/product"}],"replies":[{"embeddable":true,"href":"https:\/\/modest-napier.216-250-124-103.plesk.page\/index.php\/wp-json\/wp\/v2\/comments?post=5136"}],"wp:featuredmedia":[{"embeddable":true,"href":"https:\/\/modest-napier.216-250-124-103.plesk.page\/index.php\/wp-json\/wp\/v2\/media\/1613"}],"wp:attachment":[{"href":"https:\/\/modest-napier.216-250-124-103.plesk.page\/index.php\/wp-json\/wp\/v2\/media?parent=5136"}],"wp:term":[{"taxonomy":"product_brand","embeddable":true,"href":"https:\/\/modest-napier.216-250-124-103.plesk.page\/index.php\/wp-json\/wp\/v2\/product_brand?post=5136"},{"taxonomy":"product_cat","embeddable":true,"href":"https:\/\/modest-napier.216-250-124-103.plesk.page\/index.php\/wp-json\/wp\/v2\/product_cat?post=5136"},{"taxonomy":"product_tag","embeddable":true,"href":"https:\/\/modest-napier.216-250-124-103.plesk.page\/index.php\/wp-json\/wp\/v2\/product_tag?post=5136"}],"curies":[{"name":"wp","href":"https:\/\/api.w.org\/{rel}","templated":true}]}}