{"id":5138,"date":"2025-09-24T19:28:42","date_gmt":"2025-09-24T19:28:42","guid":{"rendered":"https:\/\/modest-napier.216-250-124-103.plesk.page\/index.php\/producto\/cap-arnica-montana-c-150-herbomex\/"},"modified":"2025-09-24T20:43:45","modified_gmt":"2025-09-24T20:43:45","slug":"arnica-montana-capsulas-herbomex","status":"publish","type":"product","link":"https:\/\/modest-napier.216-250-124-103.plesk.page\/index.php\/producto\/arnica-montana-capsulas-herbomex\/","title":{"rendered":"\u00c1rnica Montana 150 c\u00e1psulas Herbomex"},"content":{"rendered":"<p><strong>Descripci\u00f3n:<\/strong><br data-mce-fragment=\"1\">El suplemento de <strong>\u00e1rnica en c\u00e1psulas<\/strong> ayuda a desinflamar despu\u00e9s de una cirug\u00eda por alg\u00fan traumatismo y tratar el dolor muscular y de articulaciones.<\/p>\n<p><strong>Modo de uso:<\/strong><br data-mce-fragment=\"1\">Tomar dos c\u00e1psulas antes de cada comida.<\/p>\n<p><strong>Contenido:<\/strong><br data-mce-fragment=\"1\"> 150 c\u00e1psulas.<\/p>\n","protected":false},"excerpt":{"rendered":"<p>Descripci\u00f3n:El suplemento de \u00e1rnica en c\u00e1psulas ayuda a desinflamar despu\u00e9s de una cirug\u00eda por alg\u00fan traumatismo y tratar el dolor muscular y de articulaciones. Modo de uso:Tomar dos c\u00e1psulas antes [&hellip;]<\/p>\n","protected":false},"featured_media":1615,"comment_status":"open","ping_status":"closed","template":"","meta":[],"product_brand":[351],"product_cat":[337,318],"product_tag":[28],"class_list":{"0":"post-5138","1":"product","2":"type-product","3":"status-publish","4":"has-post-thumbnail","6":"product_brand-herbomex","7":"product_cat-productos","8":"product_cat-salud","9":"product_tag-arnica","11":"first","12":"instock","13":"shipping-taxable","14":"purchasable","15":"product-type-simple"},"_links":{"self":[{"href":"https:\/\/modest-napier.216-250-124-103.plesk.page\/index.php\/wp-json\/wp\/v2\/product\/5138","targetHints":{"allow":["GET"]}}],"collection":[{"href":"https:\/\/modest-napier.216-250-124-103.plesk.page\/index.php\/wp-json\/wp\/v2\/product"}],"about":[{"href":"https:\/\/modest-napier.216-250-124-103.plesk.page\/index.php\/wp-json\/wp\/v2\/types\/product"}],"replies":[{"embeddable":true,"href":"https:\/\/modest-napier.216-250-124-103.plesk.page\/index.php\/wp-json\/wp\/v2\/comments?post=5138"}],"wp:featuredmedia":[{"embeddable":true,"href":"https:\/\/modest-napier.216-250-124-103.plesk.page\/index.php\/wp-json\/wp\/v2\/media\/1615"}],"wp:attachment":[{"href":"https:\/\/modest-napier.216-250-124-103.plesk.page\/index.php\/wp-json\/wp\/v2\/media?parent=5138"}],"wp:term":[{"taxonomy":"product_brand","embeddable":true,"href":"https:\/\/modest-napier.216-250-124-103.plesk.page\/index.php\/wp-json\/wp\/v2\/product_brand?post=5138"},{"taxonomy":"product_cat","embeddable":true,"href":"https:\/\/modest-napier.216-250-124-103.plesk.page\/index.php\/wp-json\/wp\/v2\/product_cat?post=5138"},{"taxonomy":"product_tag","embeddable":true,"href":"https:\/\/modest-napier.216-250-124-103.plesk.page\/index.php\/wp-json\/wp\/v2\/product_tag?post=5138"}],"curies":[{"name":"wp","href":"https:\/\/api.w.org\/{rel}","templated":true}]}}