{"id":5141,"date":"2025-09-24T19:28:46","date_gmt":"2025-09-24T19:28:46","guid":{"rendered":"https:\/\/modest-napier.216-250-124-103.plesk.page\/index.php\/producto\/cap-ashwagandha-withania-somnifera-c-30-gg\/"},"modified":"2025-09-24T20:43:31","modified_gmt":"2025-09-24T20:43:31","slug":"ashwagandha-withania-somnifera","status":"publish","type":"product","link":"https:\/\/modest-napier.216-250-124-103.plesk.page\/index.php\/producto\/ashwagandha-withania-somnifera\/","title":{"rendered":"Ashwagandha (Withania Somnifera) 30 c\u00e1psulas G&#038;G"},"content":{"rendered":"<p><strong>Descripci\u00f3n:<\/strong><br \/>El suplemento de <em>ashwaganda en c\u00e1psulas<\/em> ayuda a reducir el estr\u00e9s y la ansiedad de la vida cotidiana, a controlar el aumento de peso causado por lo mismo. Es auxiliar contra el insomnio, mejora la calidad y la duraci\u00f3n de sue\u00f1o. Tambi\u00e9n ayuda a mantener un sistema inmunol\u00f3gico sano y disminuir la presi\u00f3n arterial<\/p>\n<p><strong>Modo de uso:<\/strong><br \/>Tomar 1 c\u00e1psula al d\u00eda.<\/p>\n<p><strong>Contenido:<\/strong><br \/>30 c\u00e1psulas.<\/p>\n<p><!----><\/p>\n","protected":false},"excerpt":{"rendered":"<p>Descripci\u00f3n:El suplemento de ashwaganda en c\u00e1psulas ayuda a reducir el estr\u00e9s y la ansiedad de la vida cotidiana, a controlar el aumento de peso causado por lo mismo. Es auxiliar [&hellip;]<\/p>\n","protected":false},"featured_media":1618,"comment_status":"open","ping_status":"closed","template":"","meta":[],"product_brand":[446],"product_cat":[303,337,318],"product_tag":[115],"class_list":{"0":"post-5141","1":"product","2":"type-product","3":"status-publish","4":"has-post-thumbnail","6":"product_brand-gg","7":"product_cat-insomnio-y-ansiedad","8":"product_cat-productos","9":"product_cat-salud","10":"product_tag-ashwagandha","12":"first","13":"instock","14":"sale","15":"shipping-taxable","16":"purchasable","17":"product-type-simple"},"_links":{"self":[{"href":"https:\/\/modest-napier.216-250-124-103.plesk.page\/index.php\/wp-json\/wp\/v2\/product\/5141","targetHints":{"allow":["GET"]}}],"collection":[{"href":"https:\/\/modest-napier.216-250-124-103.plesk.page\/index.php\/wp-json\/wp\/v2\/product"}],"about":[{"href":"https:\/\/modest-napier.216-250-124-103.plesk.page\/index.php\/wp-json\/wp\/v2\/types\/product"}],"replies":[{"embeddable":true,"href":"https:\/\/modest-napier.216-250-124-103.plesk.page\/index.php\/wp-json\/wp\/v2\/comments?post=5141"}],"wp:featuredmedia":[{"embeddable":true,"href":"https:\/\/modest-napier.216-250-124-103.plesk.page\/index.php\/wp-json\/wp\/v2\/media\/1618"}],"wp:attachment":[{"href":"https:\/\/modest-napier.216-250-124-103.plesk.page\/index.php\/wp-json\/wp\/v2\/media?parent=5141"}],"wp:term":[{"taxonomy":"product_brand","embeddable":true,"href":"https:\/\/modest-napier.216-250-124-103.plesk.page\/index.php\/wp-json\/wp\/v2\/product_brand?post=5141"},{"taxonomy":"product_cat","embeddable":true,"href":"https:\/\/modest-napier.216-250-124-103.plesk.page\/index.php\/wp-json\/wp\/v2\/product_cat?post=5141"},{"taxonomy":"product_tag","embeddable":true,"href":"https:\/\/modest-napier.216-250-124-103.plesk.page\/index.php\/wp-json\/wp\/v2\/product_tag?post=5141"}],"curies":[{"name":"wp","href":"https:\/\/api.w.org\/{rel}","templated":true}]}}