{"id":5145,"date":"2025-09-24T19:28:50","date_gmt":"2025-09-24T19:28:50","guid":{"rendered":"https:\/\/modest-napier.216-250-124-103.plesk.page\/index.php\/producto\/cap-bacalao-kids-c-30-naterra-sunatura\/"},"modified":"2025-09-24T20:44:55","modified_gmt":"2025-09-24T20:44:55","slug":"cap-bacalao-kids-c-30-naterra-sunatura","status":"publish","type":"product","link":"https:\/\/modest-napier.216-250-124-103.plesk.page\/index.php\/producto\/cap-bacalao-kids-c-30-naterra-sunatura\/","title":{"rendered":"Bacalao Kids 30 c\u00e1psulas NaTerra Sunatura"},"content":{"rendered":"<p><strong>Descripci\u00f3n:<\/strong><\/p>\n<p>El suplemento <strong>Bacalao Kids<\/strong> ayuda a regular la absorci\u00f3n del calcio y previene enfermedades infecciosas del sistema respiratorio.<\/p>\n<ul><\/ul>\n<p><strong>Modo de uso:<\/strong><\/p>\n<p><span>Tomar 2 o 3 c\u00e1psulas al d\u00eda junto con los alimentos.<\/span><\/p>\n<p><strong>Contenido:<\/strong><\/p>\n<p>30 c\u00e1psulas.<\/p>\n","protected":false},"excerpt":{"rendered":"<p>Descripci\u00f3n: El suplemento Bacalao Kids ayuda a regular la absorci\u00f3n del calcio y previene enfermedades infecciosas del sistema respiratorio. Modo de uso: Tomar 2 o 3 c\u00e1psulas al d\u00eda junto [&hellip;]<\/p>\n","protected":false},"featured_media":1622,"comment_status":"open","ping_status":"closed","template":"","meta":[],"product_brand":[388],"product_cat":[308,337,318],"product_tag":[100],"class_list":{"0":"post-5145","1":"product","2":"type-product","3":"status-publish","4":"has-post-thumbnail","6":"product_brand-naterra","7":"product_cat-nutricion","8":"product_cat-productos","9":"product_cat-salud","10":"product_tag-aceite-de-higado-de-bacalao","12":"first","13":"instock","14":"shipping-taxable","15":"purchasable","16":"product-type-simple"},"_links":{"self":[{"href":"https:\/\/modest-napier.216-250-124-103.plesk.page\/index.php\/wp-json\/wp\/v2\/product\/5145","targetHints":{"allow":["GET"]}}],"collection":[{"href":"https:\/\/modest-napier.216-250-124-103.plesk.page\/index.php\/wp-json\/wp\/v2\/product"}],"about":[{"href":"https:\/\/modest-napier.216-250-124-103.plesk.page\/index.php\/wp-json\/wp\/v2\/types\/product"}],"replies":[{"embeddable":true,"href":"https:\/\/modest-napier.216-250-124-103.plesk.page\/index.php\/wp-json\/wp\/v2\/comments?post=5145"}],"wp:featuredmedia":[{"embeddable":true,"href":"https:\/\/modest-napier.216-250-124-103.plesk.page\/index.php\/wp-json\/wp\/v2\/media\/1622"}],"wp:attachment":[{"href":"https:\/\/modest-napier.216-250-124-103.plesk.page\/index.php\/wp-json\/wp\/v2\/media?parent=5145"}],"wp:term":[{"taxonomy":"product_brand","embeddable":true,"href":"https:\/\/modest-napier.216-250-124-103.plesk.page\/index.php\/wp-json\/wp\/v2\/product_brand?post=5145"},{"taxonomy":"product_cat","embeddable":true,"href":"https:\/\/modest-napier.216-250-124-103.plesk.page\/index.php\/wp-json\/wp\/v2\/product_cat?post=5145"},{"taxonomy":"product_tag","embeddable":true,"href":"https:\/\/modest-napier.216-250-124-103.plesk.page\/index.php\/wp-json\/wp\/v2\/product_tag?post=5145"}],"curies":[{"name":"wp","href":"https:\/\/api.w.org\/{rel}","templated":true}]}}