{"id":5146,"date":"2025-09-24T19:28:53","date_gmt":"2025-09-24T19:28:53","guid":{"rendered":"https:\/\/modest-napier.216-250-124-103.plesk.page\/index.php\/producto\/cap-baja-kilos-slim-c-30-la-flor-de-oro-de-la-salud\/"},"modified":"2025-09-24T20:44:43","modified_gmt":"2025-09-24T20:44:43","slug":"baja-kilos-slim","status":"publish","type":"product","link":"https:\/\/modest-napier.216-250-124-103.plesk.page\/index.php\/producto\/baja-kilos-slim\/","title":{"rendered":"Baja Kilos Slim 30 c\u00e1psulas La Flor de Oro de la Salud"},"content":{"rendered":"<p data-mce-fragment=\"1\"><span data-mce-fragment=\"1\">Las c\u00e1psulas\u00a0<strong>Baja Kilos Slim<\/strong> ofrecen una amplia variedad de beneficios que har\u00e1n tu camino hacia la p\u00e9rdida de peso m\u00e1s f\u00e1cil y m\u00e1s seguro. \u00a1Con\u00f3celas!\u00a0<\/span><em>Baja Kilos Slim es auxiliar en la p\u00e9rdida de peso,<\/em> ayuda a disminuir el porcentaje de grasa corporal, desinflama el vientre, mejora la digesti\u00f3n y ayuda a combatir el estre\u00f1imiento.<strong data-mce-fragment=\"1\"><\/strong><\/p>\n","protected":false},"excerpt":{"rendered":"<p>Las c\u00e1psulas\u00a0Baja Kilos Slim ofrecen una amplia variedad de beneficios que har\u00e1n tu camino hacia la p\u00e9rdida de peso m\u00e1s f\u00e1cil y m\u00e1s seguro. \u00a1Con\u00f3celas!\u00a0Baja Kilos Slim es auxiliar en [&hellip;]<\/p>\n","protected":false},"featured_media":1623,"comment_status":"open","ping_status":"closed","template":"","meta":[],"product_brand":[521],"product_cat":[287,336,308,312,337,314,318],"product_tag":[40,116,46,118,117],"class_list":{"0":"post-5146","1":"product","2":"type-product","3":"status-publish","4":"has-post-thumbnail","6":"product_brand-la-flor-de-oro-de-la-salud","7":"product_cat-baja-de-peso","8":"product_cat-celebra-el-verano-","9":"product_cat-nutricion","10":"product_cat-populares","11":"product_cat-productos","12":"product_cat-productos-para-bajar-de-peso","13":"product_cat-salud","14":"product_tag-celebra-el-verano","15":"product_tag-jamaica","16":"product_tag-linaza","17":"product_tag-te-limon","18":"product_tag-toronja","20":"first","21":"instock","22":"sale","23":"shipping-taxable","24":"purchasable","25":"product-type-simple"},"_links":{"self":[{"href":"https:\/\/modest-napier.216-250-124-103.plesk.page\/index.php\/wp-json\/wp\/v2\/product\/5146","targetHints":{"allow":["GET"]}}],"collection":[{"href":"https:\/\/modest-napier.216-250-124-103.plesk.page\/index.php\/wp-json\/wp\/v2\/product"}],"about":[{"href":"https:\/\/modest-napier.216-250-124-103.plesk.page\/index.php\/wp-json\/wp\/v2\/types\/product"}],"replies":[{"embeddable":true,"href":"https:\/\/modest-napier.216-250-124-103.plesk.page\/index.php\/wp-json\/wp\/v2\/comments?post=5146"}],"wp:featuredmedia":[{"embeddable":true,"href":"https:\/\/modest-napier.216-250-124-103.plesk.page\/index.php\/wp-json\/wp\/v2\/media\/1623"}],"wp:attachment":[{"href":"https:\/\/modest-napier.216-250-124-103.plesk.page\/index.php\/wp-json\/wp\/v2\/media?parent=5146"}],"wp:term":[{"taxonomy":"product_brand","embeddable":true,"href":"https:\/\/modest-napier.216-250-124-103.plesk.page\/index.php\/wp-json\/wp\/v2\/product_brand?post=5146"},{"taxonomy":"product_cat","embeddable":true,"href":"https:\/\/modest-napier.216-250-124-103.plesk.page\/index.php\/wp-json\/wp\/v2\/product_cat?post=5146"},{"taxonomy":"product_tag","embeddable":true,"href":"https:\/\/modest-napier.216-250-124-103.plesk.page\/index.php\/wp-json\/wp\/v2\/product_tag?post=5146"}],"curies":[{"name":"wp","href":"https:\/\/api.w.org\/{rel}","templated":true}]}}