{"id":5149,"date":"2025-09-24T19:28:56","date_gmt":"2025-09-24T19:28:56","guid":{"rendered":"https:\/\/modest-napier.216-250-124-103.plesk.page\/index.php\/producto\/cap-biotinat-c-60-naturals-madrid\/"},"modified":"2025-09-24T20:46:46","modified_gmt":"2025-09-24T20:46:46","slug":"biotinat","status":"publish","type":"product","link":"https:\/\/modest-napier.216-250-124-103.plesk.page\/index.php\/producto\/biotinat\/","title":{"rendered":"Biotinat 60 c\u00e1psulas Natural&#8217;s Madrid"},"content":{"rendered":"<p data-mce-fragment=\"1\">El suplemento <strong>Biotinat <\/strong>te ayuda a tener un mejor metabolismo, y a mantener el cabello y u\u00f1as saludables. Tambi\u00e9n ayuda al sistema cardiovascular a mantenerse saludable y reparar tejidos y m\u00fasculos.<strong data-mce-fragment=\"1\"><\/strong><\/p>\n","protected":false},"excerpt":{"rendered":"<p>El suplemento Biotinat te ayuda a tener un mejor metabolismo, y a mantener el cabello y u\u00f1as saludables. Tambi\u00e9n ayuda al sistema cardiovascular a mantenerse saludable y reparar tejidos y [&hellip;]<\/p>\n","protected":false},"featured_media":1626,"comment_status":"open","ping_status":"closed","template":"","meta":[],"product_brand":[412],"product_cat":[289,308,309,337],"product_tag":[73],"class_list":{"0":"post-5149","1":"product","2":"type-product","3":"status-publish","4":"has-post-thumbnail","6":"product_brand-naturals-madrid","7":"product_cat-belleza","8":"product_cat-nutricion","9":"product_cat-ofertas-de-primavera-","10":"product_cat-productos","11":"product_tag-biotina","13":"first","14":"instock","15":"shipping-taxable","16":"purchasable","17":"product-type-simple"},"_links":{"self":[{"href":"https:\/\/modest-napier.216-250-124-103.plesk.page\/index.php\/wp-json\/wp\/v2\/product\/5149","targetHints":{"allow":["GET"]}}],"collection":[{"href":"https:\/\/modest-napier.216-250-124-103.plesk.page\/index.php\/wp-json\/wp\/v2\/product"}],"about":[{"href":"https:\/\/modest-napier.216-250-124-103.plesk.page\/index.php\/wp-json\/wp\/v2\/types\/product"}],"replies":[{"embeddable":true,"href":"https:\/\/modest-napier.216-250-124-103.plesk.page\/index.php\/wp-json\/wp\/v2\/comments?post=5149"}],"wp:featuredmedia":[{"embeddable":true,"href":"https:\/\/modest-napier.216-250-124-103.plesk.page\/index.php\/wp-json\/wp\/v2\/media\/1626"}],"wp:attachment":[{"href":"https:\/\/modest-napier.216-250-124-103.plesk.page\/index.php\/wp-json\/wp\/v2\/media?parent=5149"}],"wp:term":[{"taxonomy":"product_brand","embeddable":true,"href":"https:\/\/modest-napier.216-250-124-103.plesk.page\/index.php\/wp-json\/wp\/v2\/product_brand?post=5149"},{"taxonomy":"product_cat","embeddable":true,"href":"https:\/\/modest-napier.216-250-124-103.plesk.page\/index.php\/wp-json\/wp\/v2\/product_cat?post=5149"},{"taxonomy":"product_tag","embeddable":true,"href":"https:\/\/modest-napier.216-250-124-103.plesk.page\/index.php\/wp-json\/wp\/v2\/product_tag?post=5149"}],"curies":[{"name":"wp","href":"https:\/\/api.w.org\/{rel}","templated":true}]}}