{"id":5150,"date":"2025-09-24T19:28:57","date_gmt":"2025-09-24T19:28:57","guid":{"rendered":"https:\/\/modest-napier.216-250-124-103.plesk.page\/index.php\/producto\/cap-body-magic-c-30\/"},"modified":"2025-09-24T20:45:49","modified_gmt":"2025-09-24T20:45:49","slug":"cap-body-magic-c-30","status":"publish","type":"product","link":"https:\/\/modest-napier.216-250-124-103.plesk.page\/index.php\/producto\/cap-body-magic-c-30\/","title":{"rendered":"Body Magic 30 c\u00e1psulas"},"content":{"rendered":"<p data-mce-fragment=\"1\">Las c\u00e1psulas <strong>Body Magic<\/strong> te ayudan a estimular tu metabolismo, quemar grasa, minimizar tu hambre y darte energ\u00eda. Y si tomas suficiente agua hasta te puede ayudar a eliminar la retenci\u00f3n de l\u00edquidos.<a href=\"#more\"><\/a><\/p>\n","protected":false},"excerpt":{"rendered":"<p>Las c\u00e1psulas Body Magic te ayudan a estimular tu metabolismo, quemar grasa, minimizar tu hambre y darte energ\u00eda. Y si tomas suficiente agua hasta te puede ayudar a eliminar la [&hellip;]<\/p>\n","protected":false},"featured_media":1627,"comment_status":"open","ping_status":"closed","template":"","meta":[],"product_brand":[571],"product_cat":[287,337],"product_tag":[],"class_list":{"0":"post-5150","1":"product","2":"type-product","3":"status-publish","4":"has-post-thumbnail","6":"product_brand-vitamin-for-life","7":"product_cat-baja-de-peso","8":"product_cat-productos","10":"first","11":"outofstock","12":"shipping-taxable","13":"purchasable","14":"product-type-simple"},"_links":{"self":[{"href":"https:\/\/modest-napier.216-250-124-103.plesk.page\/index.php\/wp-json\/wp\/v2\/product\/5150","targetHints":{"allow":["GET"]}}],"collection":[{"href":"https:\/\/modest-napier.216-250-124-103.plesk.page\/index.php\/wp-json\/wp\/v2\/product"}],"about":[{"href":"https:\/\/modest-napier.216-250-124-103.plesk.page\/index.php\/wp-json\/wp\/v2\/types\/product"}],"replies":[{"embeddable":true,"href":"https:\/\/modest-napier.216-250-124-103.plesk.page\/index.php\/wp-json\/wp\/v2\/comments?post=5150"}],"wp:featuredmedia":[{"embeddable":true,"href":"https:\/\/modest-napier.216-250-124-103.plesk.page\/index.php\/wp-json\/wp\/v2\/media\/1627"}],"wp:attachment":[{"href":"https:\/\/modest-napier.216-250-124-103.plesk.page\/index.php\/wp-json\/wp\/v2\/media?parent=5150"}],"wp:term":[{"taxonomy":"product_brand","embeddable":true,"href":"https:\/\/modest-napier.216-250-124-103.plesk.page\/index.php\/wp-json\/wp\/v2\/product_brand?post=5150"},{"taxonomy":"product_cat","embeddable":true,"href":"https:\/\/modest-napier.216-250-124-103.plesk.page\/index.php\/wp-json\/wp\/v2\/product_cat?post=5150"},{"taxonomy":"product_tag","embeddable":true,"href":"https:\/\/modest-napier.216-250-124-103.plesk.page\/index.php\/wp-json\/wp\/v2\/product_tag?post=5150"}],"curies":[{"name":"wp","href":"https:\/\/api.w.org\/{rel}","templated":true}]}}