{"id":5154,"date":"2025-09-24T19:29:03","date_gmt":"2025-09-24T19:29:03","guid":{"rendered":"https:\/\/modest-napier.216-250-124-103.plesk.page\/index.php\/producto\/cap-bypass-azul-bpri-c-30-bpri\/"},"modified":"2025-09-24T20:43:26","modified_gmt":"2025-09-24T20:43:26","slug":"bypass-bpri","status":"publish","type":"product","link":"https:\/\/modest-napier.216-250-124-103.plesk.page\/index.php\/producto\/bypass-bpri\/","title":{"rendered":"Bypass Azul 30 c\u00e1psulas BPRI"},"content":{"rendered":"<p>El suplemento Bypass es coadyuvante en el tratamiento para la p\u00e9rdida de de peso. Este suplemento es laxante, elimina la ansiedad por comer y ayuda con problemas de digesti\u00f3n.<\/p>\n","protected":false},"excerpt":{"rendered":"<p>El suplemento Bypass es coadyuvante en el tratamiento para la p\u00e9rdida de de peso. Este suplemento es laxante, elimina la ansiedad por comer y ayuda con problemas de digesti\u00f3n.<\/p>\n","protected":false},"featured_media":1632,"comment_status":"open","ping_status":"closed","template":"","meta":[],"product_brand":[437],"product_cat":[287,307,337,318],"product_tag":[],"class_list":{"0":"post-5154","1":"product","2":"type-product","3":"status-publish","4":"has-post-thumbnail","6":"product_brand-bpri","7":"product_cat-baja-de-peso","8":"product_cat-nuevos","9":"product_cat-productos","10":"product_cat-salud","12":"first","13":"instock","14":"shipping-taxable","15":"purchasable","16":"product-type-simple"},"_links":{"self":[{"href":"https:\/\/modest-napier.216-250-124-103.plesk.page\/index.php\/wp-json\/wp\/v2\/product\/5154","targetHints":{"allow":["GET"]}}],"collection":[{"href":"https:\/\/modest-napier.216-250-124-103.plesk.page\/index.php\/wp-json\/wp\/v2\/product"}],"about":[{"href":"https:\/\/modest-napier.216-250-124-103.plesk.page\/index.php\/wp-json\/wp\/v2\/types\/product"}],"replies":[{"embeddable":true,"href":"https:\/\/modest-napier.216-250-124-103.plesk.page\/index.php\/wp-json\/wp\/v2\/comments?post=5154"}],"wp:featuredmedia":[{"embeddable":true,"href":"https:\/\/modest-napier.216-250-124-103.plesk.page\/index.php\/wp-json\/wp\/v2\/media\/1632"}],"wp:attachment":[{"href":"https:\/\/modest-napier.216-250-124-103.plesk.page\/index.php\/wp-json\/wp\/v2\/media?parent=5154"}],"wp:term":[{"taxonomy":"product_brand","embeddable":true,"href":"https:\/\/modest-napier.216-250-124-103.plesk.page\/index.php\/wp-json\/wp\/v2\/product_brand?post=5154"},{"taxonomy":"product_cat","embeddable":true,"href":"https:\/\/modest-napier.216-250-124-103.plesk.page\/index.php\/wp-json\/wp\/v2\/product_cat?post=5154"},{"taxonomy":"product_tag","embeddable":true,"href":"https:\/\/modest-napier.216-250-124-103.plesk.page\/index.php\/wp-json\/wp\/v2\/product_tag?post=5154"}],"curies":[{"name":"wp","href":"https:\/\/api.w.org\/{rel}","templated":true}]}}