{"id":5155,"date":"2025-09-24T19:29:04","date_gmt":"2025-09-24T19:29:04","guid":{"rendered":"https:\/\/modest-napier.216-250-124-103.plesk.page\/index.php\/producto\/cap-bypass-dorado-bpri-c-30-bpri\/"},"modified":"2025-09-24T20:43:52","modified_gmt":"2025-09-24T20:43:52","slug":"cap-bypass-bpri-c-30-bpri","status":"publish","type":"product","link":"https:\/\/modest-napier.216-250-124-103.plesk.page\/index.php\/producto\/cap-bypass-bpri-c-30-bpri\/","title":{"rendered":"BYPASS  DORADO 30 c\u00e1psulas BPRI"},"content":{"rendered":"<p><strong>Descripci\u00f3n:<\/strong><\/p>\n<p><strong>Bypass BPRI<\/strong> es auxiliar en baja de peso, ayuda a disminuir el porcentaje de grasa corporal, controla la ansiedad por estar comiendo, proporciona mas r\u00e1pido la sensaci\u00f3n de saciedad, mejora la digesti\u00f3n y combate el estre\u00f1imiento.\u00a0<em>Bypass BPRI es tu aliado en la ruta hacia una figura m\u00e1s saludable.<\/em> Con una f\u00f3rmula cuidadosamente dise\u00f1ada que incluye ingredientes como ra\u00edz de tecojote, L-Carnitina, y m\u00e1s, este suplemento trabaja en conjunto para ayudarte a alcanzar tus metas de p\u00e9rdida de peso. Adem\u00e1s de ser un eficaz quemador de grasa, Bypass BPRI controla la ansiedad por comer y mejora la digesti\u00f3n, proporcionando r\u00e1pidamente una sensaci\u00f3n de saciedad. Con su contenido de clorofila, pi\u00f1a, toronja, apio y alcachofa, este complemento tambi\u00e9n combate el estre\u00f1imiento y apoya tu bienestar digestivo. \u00a1Eleva tu viaje hacia un cuerpo m\u00e1s sano y equilibrado con Bypass BPRI!<\/p>\n<p><strong>Ingredientes:<\/strong><\/p>\n<p>India lotus o loto sagrado, Ra\u00edz de tecojote,\u00a0L-Carnitina, Ra\u00edz de nopal, Caf\u00e9 verde,\u00a0Clorofila, Pi\u00f1a, Toronja, Apio, Alcachofa<\/p>\n<p><strong>Modo de uso: <\/strong><\/p>\n<p>Tomar una c\u00e1psula con suficiente agua antes de acostarse.<\/p>\n<p><strong>Contenido: <\/strong><\/p>\n<p>30 c\u00e1psulas.<\/p>\n","protected":false},"excerpt":{"rendered":"<p>Descripci\u00f3n: Bypass BPRI es auxiliar en baja de peso, ayuda a disminuir el porcentaje de grasa corporal, controla la ansiedad por estar comiendo, proporciona mas r\u00e1pido la sensaci\u00f3n de saciedad, [&hellip;]<\/p>\n","protected":false},"featured_media":1633,"comment_status":"open","ping_status":"closed","template":"","meta":[],"product_brand":[437],"product_cat":[287,336,337],"product_tag":[110,120,121,40,97,122,98,123,124,117],"class_list":{"0":"post-5155","1":"product","2":"type-product","3":"status-publish","4":"has-post-thumbnail","6":"product_brand-bpri","7":"product_cat-baja-de-peso","8":"product_cat-celebra-el-verano-","9":"product_cat-productos","10":"product_tag-alcachofa","11":"product_tag-apio","12":"product_tag-cafe","13":"product_tag-celebra-el-verano","14":"product_tag-clorofila","15":"product_tag-l-carnitina","16":"product_tag-nopal","17":"product_tag-pina","18":"product_tag-raiz-de-tecojote","19":"product_tag-toronja","21":"first","22":"instock","23":"sale","24":"shipping-taxable","25":"purchasable","26":"product-type-simple"},"_links":{"self":[{"href":"https:\/\/modest-napier.216-250-124-103.plesk.page\/index.php\/wp-json\/wp\/v2\/product\/5155","targetHints":{"allow":["GET"]}}],"collection":[{"href":"https:\/\/modest-napier.216-250-124-103.plesk.page\/index.php\/wp-json\/wp\/v2\/product"}],"about":[{"href":"https:\/\/modest-napier.216-250-124-103.plesk.page\/index.php\/wp-json\/wp\/v2\/types\/product"}],"replies":[{"embeddable":true,"href":"https:\/\/modest-napier.216-250-124-103.plesk.page\/index.php\/wp-json\/wp\/v2\/comments?post=5155"}],"wp:featuredmedia":[{"embeddable":true,"href":"https:\/\/modest-napier.216-250-124-103.plesk.page\/index.php\/wp-json\/wp\/v2\/media\/1633"}],"wp:attachment":[{"href":"https:\/\/modest-napier.216-250-124-103.plesk.page\/index.php\/wp-json\/wp\/v2\/media?parent=5155"}],"wp:term":[{"taxonomy":"product_brand","embeddable":true,"href":"https:\/\/modest-napier.216-250-124-103.plesk.page\/index.php\/wp-json\/wp\/v2\/product_brand?post=5155"},{"taxonomy":"product_cat","embeddable":true,"href":"https:\/\/modest-napier.216-250-124-103.plesk.page\/index.php\/wp-json\/wp\/v2\/product_cat?post=5155"},{"taxonomy":"product_tag","embeddable":true,"href":"https:\/\/modest-napier.216-250-124-103.plesk.page\/index.php\/wp-json\/wp\/v2\/product_tag?post=5155"}],"curies":[{"name":"wp","href":"https:\/\/api.w.org\/{rel}","templated":true}]}}