{"id":5161,"date":"2025-09-24T19:29:13","date_gmt":"2025-09-24T19:29:13","guid":{"rendered":"https:\/\/modest-napier.216-250-124-103.plesk.page\/index.php\/producto\/cap-carbon-vegetal-c-150-prosa\/"},"modified":"2025-09-24T20:48:00","modified_gmt":"2025-09-24T20:48:00","slug":"cap-carbon-vegetal-c-150-prosa","status":"publish","type":"product","link":"https:\/\/modest-napier.216-250-124-103.plesk.page\/index.php\/producto\/cap-carbon-vegetal-c-150-prosa\/","title":{"rendered":"Carb\u00f3n Vegetal 150 c\u00e1psulas Prosa"},"content":{"rendered":"<p>El\u00a0<strong>carb\u00f3n vegetal en c\u00e1psulas<\/strong> se usa para tratar la intoxicaci\u00f3n, disminuye los gases intestinales, disminuye los niveles de colesterol, disminuye la resaca.<br data-mce-fragment=\"1\"><strong><\/strong><\/p>\n","protected":false},"excerpt":{"rendered":"<p>El\u00a0carb\u00f3n vegetal en c\u00e1psulas se usa para tratar la intoxicaci\u00f3n, disminuye los gases intestinales, disminuye los niveles de colesterol, disminuye la resaca.<\/p>\n","protected":false},"featured_media":1640,"comment_status":"open","ping_status":"closed","template":"","meta":[],"product_brand":[475],"product_cat":[308,337,318,328],"product_tag":[126],"class_list":{"0":"post-5161","1":"product","2":"type-product","3":"status-publish","4":"has-post-thumbnail","6":"product_brand-prosa","7":"product_cat-nutricion","8":"product_cat-productos","9":"product_cat-salud","10":"product_cat-suplementos-naturales","11":"product_tag-carbon","13":"first","14":"instock","15":"shipping-taxable","16":"purchasable","17":"product-type-simple"},"_links":{"self":[{"href":"https:\/\/modest-napier.216-250-124-103.plesk.page\/index.php\/wp-json\/wp\/v2\/product\/5161","targetHints":{"allow":["GET"]}}],"collection":[{"href":"https:\/\/modest-napier.216-250-124-103.plesk.page\/index.php\/wp-json\/wp\/v2\/product"}],"about":[{"href":"https:\/\/modest-napier.216-250-124-103.plesk.page\/index.php\/wp-json\/wp\/v2\/types\/product"}],"replies":[{"embeddable":true,"href":"https:\/\/modest-napier.216-250-124-103.plesk.page\/index.php\/wp-json\/wp\/v2\/comments?post=5161"}],"wp:featuredmedia":[{"embeddable":true,"href":"https:\/\/modest-napier.216-250-124-103.plesk.page\/index.php\/wp-json\/wp\/v2\/media\/1640"}],"wp:attachment":[{"href":"https:\/\/modest-napier.216-250-124-103.plesk.page\/index.php\/wp-json\/wp\/v2\/media?parent=5161"}],"wp:term":[{"taxonomy":"product_brand","embeddable":true,"href":"https:\/\/modest-napier.216-250-124-103.plesk.page\/index.php\/wp-json\/wp\/v2\/product_brand?post=5161"},{"taxonomy":"product_cat","embeddable":true,"href":"https:\/\/modest-napier.216-250-124-103.plesk.page\/index.php\/wp-json\/wp\/v2\/product_cat?post=5161"},{"taxonomy":"product_tag","embeddable":true,"href":"https:\/\/modest-napier.216-250-124-103.plesk.page\/index.php\/wp-json\/wp\/v2\/product_tag?post=5161"}],"curies":[{"name":"wp","href":"https:\/\/api.w.org\/{rel}","templated":true}]}}