{"id":5162,"date":"2025-09-24T19:29:14","date_gmt":"2025-09-24T19:29:14","guid":{"rendered":"https:\/\/modest-napier.216-250-124-103.plesk.page\/index.php\/producto\/cap-carbon-vegetal-c-50-azteca\/"},"modified":"2025-09-24T20:48:00","modified_gmt":"2025-09-24T20:48:00","slug":"cap-carbon-vegetal-c-50-azteca","status":"publish","type":"product","link":"https:\/\/modest-napier.216-250-124-103.plesk.page\/index.php\/producto\/cap-carbon-vegetal-c-50-azteca\/","title":{"rendered":"Carb\u00f3n Vegetal 50 c\u00e1psulas Azteca"},"content":{"rendered":"<p><span data-mce-fragment=\"1\">El suplemento de\u00a0<strong>carb\u00f3n vegetal en c\u00e1psulas<\/strong> se usa para tratar la intoxicaci\u00f3n, disminuye los gases intestinales, los niveles de colesterol y disminuye la resaca.<\/span><\/p>\n","protected":false},"excerpt":{"rendered":"<p>El suplemento de\u00a0carb\u00f3n vegetal en c\u00e1psulas se usa para tratar la intoxicaci\u00f3n, disminuye los gases intestinales, los niveles de colesterol y disminuye la resaca.<\/p>\n","protected":false},"featured_media":1641,"comment_status":"open","ping_status":"closed","template":"","meta":[],"product_brand":[360],"product_cat":[337,318,328],"product_tag":[126],"class_list":{"0":"post-5162","1":"product","2":"type-product","3":"status-publish","4":"has-post-thumbnail","6":"product_brand-azteca","7":"product_cat-productos","8":"product_cat-salud","9":"product_cat-suplementos-naturales","10":"product_tag-carbon","12":"first","13":"instock","14":"shipping-taxable","15":"purchasable","16":"product-type-simple"},"_links":{"self":[{"href":"https:\/\/modest-napier.216-250-124-103.plesk.page\/index.php\/wp-json\/wp\/v2\/product\/5162","targetHints":{"allow":["GET"]}}],"collection":[{"href":"https:\/\/modest-napier.216-250-124-103.plesk.page\/index.php\/wp-json\/wp\/v2\/product"}],"about":[{"href":"https:\/\/modest-napier.216-250-124-103.plesk.page\/index.php\/wp-json\/wp\/v2\/types\/product"}],"replies":[{"embeddable":true,"href":"https:\/\/modest-napier.216-250-124-103.plesk.page\/index.php\/wp-json\/wp\/v2\/comments?post=5162"}],"wp:featuredmedia":[{"embeddable":true,"href":"https:\/\/modest-napier.216-250-124-103.plesk.page\/index.php\/wp-json\/wp\/v2\/media\/1641"}],"wp:attachment":[{"href":"https:\/\/modest-napier.216-250-124-103.plesk.page\/index.php\/wp-json\/wp\/v2\/media?parent=5162"}],"wp:term":[{"taxonomy":"product_brand","embeddable":true,"href":"https:\/\/modest-napier.216-250-124-103.plesk.page\/index.php\/wp-json\/wp\/v2\/product_brand?post=5162"},{"taxonomy":"product_cat","embeddable":true,"href":"https:\/\/modest-napier.216-250-124-103.plesk.page\/index.php\/wp-json\/wp\/v2\/product_cat?post=5162"},{"taxonomy":"product_tag","embeddable":true,"href":"https:\/\/modest-napier.216-250-124-103.plesk.page\/index.php\/wp-json\/wp\/v2\/product_tag?post=5162"}],"curies":[{"name":"wp","href":"https:\/\/api.w.org\/{rel}","templated":true}]}}