{"id":5163,"date":"2025-09-24T19:29:15","date_gmt":"2025-09-24T19:29:15","guid":{"rendered":"https:\/\/modest-napier.216-250-124-103.plesk.page\/index.php\/producto\/cap-cardo-mariano-c-150-cap-herbomex\/"},"modified":"2025-09-24T20:43:43","modified_gmt":"2025-09-24T20:43:43","slug":"cardo-mariano-capsulas-herbomex","status":"publish","type":"product","link":"https:\/\/modest-napier.216-250-124-103.plesk.page\/index.php\/producto\/cardo-mariano-capsulas-herbomex\/","title":{"rendered":"Cardo Mariano 150 c\u00e1psulas Herbomex"},"content":{"rendered":"<p><strong>Descripci\u00f3n:<\/strong><br \/>El suplemento de <strong>cardo mariano en c\u00e1psulas<\/strong> es auxiliar en problemas de h\u00edgado graso, auxiliar en tratamiento de \u00falceras y c\u00e1lculos biliares, auxiliar en s\u00edntomas de boca amarga y mal aliento.<\/p>\n<p><strong>Modo de uso:<\/strong><br \/>Tomar 2 c\u00e1psulas antes de cada comida.<\/p>\n<p><strong>Contenido:<\/strong><br \/> 150 c\u00e1psulas<\/p>\n","protected":false},"excerpt":{"rendered":"<p>Descripci\u00f3n:El suplemento de cardo mariano en c\u00e1psulas es auxiliar en problemas de h\u00edgado graso, auxiliar en tratamiento de \u00falceras y c\u00e1lculos biliares, auxiliar en s\u00edntomas de boca amarga y mal [&hellip;]<\/p>\n","protected":false},"featured_media":1642,"comment_status":"open","ping_status":"closed","template":"","meta":[],"product_brand":[351],"product_cat":[337,318],"product_tag":[127],"class_list":{"0":"post-5163","1":"product","2":"type-product","3":"status-publish","4":"has-post-thumbnail","6":"product_brand-herbomex","7":"product_cat-productos","8":"product_cat-salud","9":"product_tag-cardo-mariano","11":"first","12":"instock","13":"shipping-taxable","14":"purchasable","15":"product-type-simple"},"_links":{"self":[{"href":"https:\/\/modest-napier.216-250-124-103.plesk.page\/index.php\/wp-json\/wp\/v2\/product\/5163","targetHints":{"allow":["GET"]}}],"collection":[{"href":"https:\/\/modest-napier.216-250-124-103.plesk.page\/index.php\/wp-json\/wp\/v2\/product"}],"about":[{"href":"https:\/\/modest-napier.216-250-124-103.plesk.page\/index.php\/wp-json\/wp\/v2\/types\/product"}],"replies":[{"embeddable":true,"href":"https:\/\/modest-napier.216-250-124-103.plesk.page\/index.php\/wp-json\/wp\/v2\/comments?post=5163"}],"wp:featuredmedia":[{"embeddable":true,"href":"https:\/\/modest-napier.216-250-124-103.plesk.page\/index.php\/wp-json\/wp\/v2\/media\/1642"}],"wp:attachment":[{"href":"https:\/\/modest-napier.216-250-124-103.plesk.page\/index.php\/wp-json\/wp\/v2\/media?parent=5163"}],"wp:term":[{"taxonomy":"product_brand","embeddable":true,"href":"https:\/\/modest-napier.216-250-124-103.plesk.page\/index.php\/wp-json\/wp\/v2\/product_brand?post=5163"},{"taxonomy":"product_cat","embeddable":true,"href":"https:\/\/modest-napier.216-250-124-103.plesk.page\/index.php\/wp-json\/wp\/v2\/product_cat?post=5163"},{"taxonomy":"product_tag","embeddable":true,"href":"https:\/\/modest-napier.216-250-124-103.plesk.page\/index.php\/wp-json\/wp\/v2\/product_tag?post=5163"}],"curies":[{"name":"wp","href":"https:\/\/api.w.org\/{rel}","templated":true}]}}