{"id":5170,"date":"2025-09-24T19:29:24","date_gmt":"2025-09-24T19:29:24","guid":{"rendered":"https:\/\/modest-napier.216-250-124-103.plesk.page\/index.php\/producto\/cap-castano-de-indias-plus-c-50-dina\/"},"modified":"2025-09-24T20:47:59","modified_gmt":"2025-09-24T20:47:59","slug":"cap-castano-de-indias-plus-c-50-dina","status":"publish","type":"product","link":"https:\/\/modest-napier.216-250-124-103.plesk.page\/index.php\/producto\/cap-castano-de-indias-plus-c-50-dina\/","title":{"rendered":"Casta\u00f1o de Indias Plus 50 c\u00e1psulas Dina"},"content":{"rendered":"<p data-mce-fragment=\"1\">El suplemento de\u00a0<strong>casta\u00f1o de indias en c\u00e1psulas<\/strong> ayuda a mejorar casos de varices y\u00a0es auxiliar en el tratamiento de problemas vasculares, como\u00a0esculina y asesina. El <em>casta\u00f1o de indias<\/em> ayuda a la sangre a fluir con normalidad. Uno de sus usos m\u00e1s comunes es para combatir hemorroides. Adem\u00e1s es un diur\u00e9tico natural.<strong data-mce-fragment=\"1\"><\/strong><\/p>\n","protected":false},"excerpt":{"rendered":"<p>El suplemento de\u00a0casta\u00f1o de indias en c\u00e1psulas ayuda a mejorar casos de varices y\u00a0es auxiliar en el tratamiento de problemas vasculares, como\u00a0esculina y asesina. El casta\u00f1o de indias ayuda a [&hellip;]<\/p>\n","protected":false},"featured_media":1649,"comment_status":"open","ping_status":"closed","template":"","meta":[],"product_brand":[396],"product_cat":[337,315,318],"product_tag":[128],"class_list":{"0":"post-5170","1":"product","2":"type-product","3":"status-publish","4":"has-post-thumbnail","6":"product_brand-dina","7":"product_cat-productos","8":"product_cat-productos-para-las-varices","9":"product_cat-salud","10":"product_tag-castano-de-indias","12":"first","13":"instock","14":"shipping-taxable","15":"purchasable","16":"product-type-simple"},"_links":{"self":[{"href":"https:\/\/modest-napier.216-250-124-103.plesk.page\/index.php\/wp-json\/wp\/v2\/product\/5170","targetHints":{"allow":["GET"]}}],"collection":[{"href":"https:\/\/modest-napier.216-250-124-103.plesk.page\/index.php\/wp-json\/wp\/v2\/product"}],"about":[{"href":"https:\/\/modest-napier.216-250-124-103.plesk.page\/index.php\/wp-json\/wp\/v2\/types\/product"}],"replies":[{"embeddable":true,"href":"https:\/\/modest-napier.216-250-124-103.plesk.page\/index.php\/wp-json\/wp\/v2\/comments?post=5170"}],"wp:featuredmedia":[{"embeddable":true,"href":"https:\/\/modest-napier.216-250-124-103.plesk.page\/index.php\/wp-json\/wp\/v2\/media\/1649"}],"wp:attachment":[{"href":"https:\/\/modest-napier.216-250-124-103.plesk.page\/index.php\/wp-json\/wp\/v2\/media?parent=5170"}],"wp:term":[{"taxonomy":"product_brand","embeddable":true,"href":"https:\/\/modest-napier.216-250-124-103.plesk.page\/index.php\/wp-json\/wp\/v2\/product_brand?post=5170"},{"taxonomy":"product_cat","embeddable":true,"href":"https:\/\/modest-napier.216-250-124-103.plesk.page\/index.php\/wp-json\/wp\/v2\/product_cat?post=5170"},{"taxonomy":"product_tag","embeddable":true,"href":"https:\/\/modest-napier.216-250-124-103.plesk.page\/index.php\/wp-json\/wp\/v2\/product_tag?post=5170"}],"curies":[{"name":"wp","href":"https:\/\/api.w.org\/{rel}","templated":true}]}}