{"id":5171,"date":"2025-09-24T19:29:26","date_gmt":"2025-09-24T19:29:26","guid":{"rendered":"https:\/\/modest-napier.216-250-124-103.plesk.page\/index.php\/producto\/cap-castano-de-indias-reforzado-con-ajo-chino-c-60-nutri-life\/"},"modified":"2025-09-24T20:47:59","modified_gmt":"2025-09-24T20:47:59","slug":"cap-castano-de-indias-reforzado-con-ajo-chino-c-60-nutri-life","status":"publish","type":"product","link":"https:\/\/modest-napier.216-250-124-103.plesk.page\/index.php\/producto\/cap-castano-de-indias-reforzado-con-ajo-chino-c-60-nutri-life\/","title":{"rendered":"Casta\u00f1o de Indias con Ajo Chino 60 c\u00e1psulas Nutri Life"},"content":{"rendered":"<p data-mce-fragment=\"1\"><strong data-mce-fragment=\"1\">Descripci\u00f3n:<\/strong><\/p>\n<p data-mce-fragment=\"1\">El suplemento de <strong>casta\u00f1o de indias en c\u00e1psulas,<\/strong>\u00a0reforzado con ginkgo biloba y mikania guaco y ajo chino, mejora las varices y ayuda a combatir los problemas vasculares, la esculina y asesina. Ayuda a que la sangre fluya con normalidad, uno de sus usos m\u00e1s comunes es combatir las hemorroides. El <em>casta\u00f1o de indias<\/em> es un diur\u00e9tico natural.<\/p>\n<p data-mce-fragment=\"1\"><strong>Ingredientes:<\/strong><\/p>\n<p data-mce-fragment=\"1\">Casta\u00f1o de indias, ginkgo biloba, mikania guaco, ajo chino.<\/p>\n<p data-mce-fragment=\"1\"><strong data-mce-fragment=\"1\">Modo de uso:<\/strong><\/p>\n<p data-mce-fragment=\"1\">Tomar 2 c\u00e1psulas en la ma\u00f1ana y 2 en la noche.<\/p>\n<p data-mce-fragment=\"1\"><strong data-mce-fragment=\"1\">Contenido:<\/strong><\/p>\n<p data-mce-fragment=\"1\">60 c\u00e1psulas.<\/p>\n","protected":false},"excerpt":{"rendered":"<p>Descripci\u00f3n: El suplemento de casta\u00f1o de indias en c\u00e1psulas,\u00a0reforzado con ginkgo biloba y mikania guaco y ajo chino, mejora las varices y ayuda a combatir los problemas vasculares, la esculina [&hellip;]<\/p>\n","protected":false},"featured_media":1650,"comment_status":"open","ping_status":"closed","template":"","meta":[],"product_brand":[401],"product_cat":[337,315,318],"product_tag":[108,128,88],"class_list":{"0":"post-5171","1":"product","2":"type-product","3":"status-publish","4":"has-post-thumbnail","6":"product_brand-nutri-life","7":"product_cat-productos","8":"product_cat-productos-para-las-varices","9":"product_cat-salud","10":"product_tag-ajo","11":"product_tag-castano-de-indias","12":"product_tag-ginkgo-biloba","14":"first","15":"outofstock","16":"shipping-taxable","17":"purchasable","18":"product-type-simple"},"_links":{"self":[{"href":"https:\/\/modest-napier.216-250-124-103.plesk.page\/index.php\/wp-json\/wp\/v2\/product\/5171","targetHints":{"allow":["GET"]}}],"collection":[{"href":"https:\/\/modest-napier.216-250-124-103.plesk.page\/index.php\/wp-json\/wp\/v2\/product"}],"about":[{"href":"https:\/\/modest-napier.216-250-124-103.plesk.page\/index.php\/wp-json\/wp\/v2\/types\/product"}],"replies":[{"embeddable":true,"href":"https:\/\/modest-napier.216-250-124-103.plesk.page\/index.php\/wp-json\/wp\/v2\/comments?post=5171"}],"wp:featuredmedia":[{"embeddable":true,"href":"https:\/\/modest-napier.216-250-124-103.plesk.page\/index.php\/wp-json\/wp\/v2\/media\/1650"}],"wp:attachment":[{"href":"https:\/\/modest-napier.216-250-124-103.plesk.page\/index.php\/wp-json\/wp\/v2\/media?parent=5171"}],"wp:term":[{"taxonomy":"product_brand","embeddable":true,"href":"https:\/\/modest-napier.216-250-124-103.plesk.page\/index.php\/wp-json\/wp\/v2\/product_brand?post=5171"},{"taxonomy":"product_cat","embeddable":true,"href":"https:\/\/modest-napier.216-250-124-103.plesk.page\/index.php\/wp-json\/wp\/v2\/product_cat?post=5171"},{"taxonomy":"product_tag","embeddable":true,"href":"https:\/\/modest-napier.216-250-124-103.plesk.page\/index.php\/wp-json\/wp\/v2\/product_tag?post=5171"}],"curies":[{"name":"wp","href":"https:\/\/api.w.org\/{rel}","templated":true}]}}