{"id":5172,"date":"2025-09-24T19:29:27","date_gmt":"2025-09-24T19:29:27","guid":{"rendered":"https:\/\/modest-napier.216-250-124-103.plesk.page\/index.php\/producto\/cap-cetonas-de-frambuesa-c-60-vidanat\/"},"modified":"2025-09-24T20:45:49","modified_gmt":"2025-09-24T20:45:49","slug":"cap-cetonas-de-frambuesa-c-60-vidanat","status":"publish","type":"product","link":"https:\/\/modest-napier.216-250-124-103.plesk.page\/index.php\/producto\/cap-cetonas-de-frambuesa-c-60-vidanat\/","title":{"rendered":"Cetonas de Frambuesa 60 c\u00e1psulas Vidanat"},"content":{"rendered":"<p data-mce-fragment=\"1\"><strong data-mce-fragment=\"1\">Descripci\u00f3n:<\/strong><\/p>\n<p>El suplemento de <strong>cetonas de frambuesa<\/strong> en c\u00e1psulas ayuda a activar y acelerar el metabolismo. Adem\u00e1s ayuda a\u00a0inhibir el apetito. Las <em>cetonas de frambuesa<\/em> contienen antioxidantes y tienen una acci\u00f3n termog\u00e9nica en el organismo que contribuye a la quema de grasas.<\/p>\n<ul><\/ul>\n<p data-mce-fragment=\"1\"><strong data-mce-fragment=\"1\">Modo de uso:<\/strong><\/p>\n<p data-mce-fragment=\"1\"><span>Tomar 1 c\u00e1psula antes del desayuno y una antes de la cena.<\/span><\/p>\n<p data-mce-fragment=\"1\"><strong data-mce-fragment=\"1\">Contenido:<\/strong><\/p>\n<p data-mce-fragment=\"1\">60 c\u00e1psulas.<\/p>\n","protected":false},"excerpt":{"rendered":"<p>Descripci\u00f3n: El suplemento de cetonas de frambuesa en c\u00e1psulas ayuda a activar y acelerar el metabolismo. Adem\u00e1s ayuda a\u00a0inhibir el apetito. Las cetonas de frambuesa contienen antioxidantes y tienen una [&hellip;]<\/p>\n","protected":false},"featured_media":1651,"comment_status":"open","ping_status":"closed","template":"","meta":[],"product_brand":[354],"product_cat":[287,313,337,331],"product_tag":[129],"class_list":{"0":"post-5172","1":"product","2":"type-product","3":"status-publish","4":"has-post-thumbnail","6":"product_brand-vidanat","7":"product_cat-baja-de-peso","8":"product_cat-preparate-para-el-verano-","9":"product_cat-productos","10":"product_cat-suplementos-bajar-de-peso","11":"product_tag-cetonas-de-frambuesa","13":"first","14":"instock","15":"shipping-taxable","16":"purchasable","17":"product-type-simple"},"_links":{"self":[{"href":"https:\/\/modest-napier.216-250-124-103.plesk.page\/index.php\/wp-json\/wp\/v2\/product\/5172","targetHints":{"allow":["GET"]}}],"collection":[{"href":"https:\/\/modest-napier.216-250-124-103.plesk.page\/index.php\/wp-json\/wp\/v2\/product"}],"about":[{"href":"https:\/\/modest-napier.216-250-124-103.plesk.page\/index.php\/wp-json\/wp\/v2\/types\/product"}],"replies":[{"embeddable":true,"href":"https:\/\/modest-napier.216-250-124-103.plesk.page\/index.php\/wp-json\/wp\/v2\/comments?post=5172"}],"wp:featuredmedia":[{"embeddable":true,"href":"https:\/\/modest-napier.216-250-124-103.plesk.page\/index.php\/wp-json\/wp\/v2\/media\/1651"}],"wp:attachment":[{"href":"https:\/\/modest-napier.216-250-124-103.plesk.page\/index.php\/wp-json\/wp\/v2\/media?parent=5172"}],"wp:term":[{"taxonomy":"product_brand","embeddable":true,"href":"https:\/\/modest-napier.216-250-124-103.plesk.page\/index.php\/wp-json\/wp\/v2\/product_brand?post=5172"},{"taxonomy":"product_cat","embeddable":true,"href":"https:\/\/modest-napier.216-250-124-103.plesk.page\/index.php\/wp-json\/wp\/v2\/product_cat?post=5172"},{"taxonomy":"product_tag","embeddable":true,"href":"https:\/\/modest-napier.216-250-124-103.plesk.page\/index.php\/wp-json\/wp\/v2\/product_tag?post=5172"}],"curies":[{"name":"wp","href":"https:\/\/api.w.org\/{rel}","templated":true}]}}