{"id":5174,"date":"2025-09-24T19:29:29","date_gmt":"2025-09-24T19:29:29","guid":{"rendered":"https:\/\/modest-napier.216-250-124-103.plesk.page\/index.php\/producto\/cap-chia-ipste-mix-c-50-nolisan\/"},"modified":"2025-09-24T20:47:59","modified_gmt":"2025-09-24T20:47:59","slug":"cap-chia-ipste-mix-c-50-nolisan","status":"publish","type":"product","link":"https:\/\/modest-napier.216-250-124-103.plesk.page\/index.php\/producto\/cap-chia-ipste-mix-c-50-nolisan\/","title":{"rendered":"Ch\u00eda Ipiste Mix 50 c\u00e1psulas Nolisan"},"content":{"rendered":"<p data-mce-fragment=\"1\">Conoce el suplemento\u00a0<strong>Ch\u00eda Ipiste Mix, con una combinaci\u00f3n de ch\u00eda, alpiste y omega 3-6-9.<\/strong> El alpiste contribuyen a la prevenci\u00f3n de enfermedades cardiovasculares por sus \u00e1cidos grasos omega 3, 6, 9. Tambi\u00e9n disminuye los niveles de colesterol y triglic\u00e9ridos y aporta vitaminas.<\/p>\n","protected":false},"excerpt":{"rendered":"<p>Conoce el suplemento\u00a0Ch\u00eda Ipiste Mix, con una combinaci\u00f3n de ch\u00eda, alpiste y omega 3-6-9. El alpiste contribuyen a la prevenci\u00f3n de enfermedades cardiovasculares por sus \u00e1cidos grasos omega 3, 6, [&hellip;]<\/p>\n","protected":false},"featured_media":1653,"comment_status":"open","ping_status":"closed","template":"","meta":[],"product_brand":[368],"product_cat":[337,318,319],"product_tag":[113,131,114,132,133,103],"class_list":{"0":"post-5174","1":"product","2":"type-product","3":"status-publish","4":"has-post-thumbnail","6":"product_brand-nolisan","7":"product_cat-productos","8":"product_cat-salud","9":"product_cat-salud-cardiovascular","10":"product_tag-alpiste","11":"product_tag-avena","12":"product_tag-chia","13":"product_tag-hierba-de-sapo","14":"product_tag-omega-3-6-9","15":"product_tag-resveratrol","17":"first","18":"instock","19":"shipping-taxable","20":"purchasable","21":"product-type-simple"},"_links":{"self":[{"href":"https:\/\/modest-napier.216-250-124-103.plesk.page\/index.php\/wp-json\/wp\/v2\/product\/5174","targetHints":{"allow":["GET"]}}],"collection":[{"href":"https:\/\/modest-napier.216-250-124-103.plesk.page\/index.php\/wp-json\/wp\/v2\/product"}],"about":[{"href":"https:\/\/modest-napier.216-250-124-103.plesk.page\/index.php\/wp-json\/wp\/v2\/types\/product"}],"replies":[{"embeddable":true,"href":"https:\/\/modest-napier.216-250-124-103.plesk.page\/index.php\/wp-json\/wp\/v2\/comments?post=5174"}],"wp:featuredmedia":[{"embeddable":true,"href":"https:\/\/modest-napier.216-250-124-103.plesk.page\/index.php\/wp-json\/wp\/v2\/media\/1653"}],"wp:attachment":[{"href":"https:\/\/modest-napier.216-250-124-103.plesk.page\/index.php\/wp-json\/wp\/v2\/media?parent=5174"}],"wp:term":[{"taxonomy":"product_brand","embeddable":true,"href":"https:\/\/modest-napier.216-250-124-103.plesk.page\/index.php\/wp-json\/wp\/v2\/product_brand?post=5174"},{"taxonomy":"product_cat","embeddable":true,"href":"https:\/\/modest-napier.216-250-124-103.plesk.page\/index.php\/wp-json\/wp\/v2\/product_cat?post=5174"},{"taxonomy":"product_tag","embeddable":true,"href":"https:\/\/modest-napier.216-250-124-103.plesk.page\/index.php\/wp-json\/wp\/v2\/product_tag?post=5174"}],"curies":[{"name":"wp","href":"https:\/\/api.w.org\/{rel}","templated":true}]}}