{"id":5176,"date":"2025-09-24T19:29:33","date_gmt":"2025-09-24T19:29:33","guid":{"rendered":"https:\/\/modest-napier.216-250-124-103.plesk.page\/index.php\/producto\/cap-chupa-grasa-de-la-panza-c-30-greenforce\/"},"modified":"2025-09-24T20:46:45","modified_gmt":"2025-09-24T20:46:45","slug":"cap-chupa-grasa-de-la-panza-c-30-greenforce","status":"publish","type":"product","link":"https:\/\/modest-napier.216-250-124-103.plesk.page\/index.php\/producto\/cap-chupa-grasa-de-la-panza-c-30-greenforce\/","title":{"rendered":"Chupa Grasa de la Panza 30 c\u00e1psulas GreenForce"},"content":{"rendered":"<p data-mce-fragment=\"1\"><strong data-mce-fragment=\"1\">Descripci\u00f3n:<\/strong><\/p>\n<p data-mce-fragment=\"1\"><span>El suplemento <strong>Chupa Grasa de la Panza<\/strong> ayudar a eliminar el exceso de grasa, favoreciendo la p\u00e9rdida de peso<\/span><\/p>\n<p data-mce-fragment=\"1\"><strong data-mce-fragment=\"1\">Modo de uso:<\/strong><\/p>\n<p data-mce-fragment=\"1\"><span>Tomar 1 c\u00e1psula al d\u00eda\u00a0puede ser en la ma\u00f1ana\u00a0o por las noches.<\/span><\/p>\n<p data-mce-fragment=\"1\"><strong data-mce-fragment=\"1\">Contenido:<\/strong><\/p>\n<p data-mce-fragment=\"1\">30 c\u00e1psulas.<\/p>\n","protected":false},"excerpt":{"rendered":"<p>Descripci\u00f3n: El suplemento Chupa Grasa de la Panza ayudar a eliminar el exceso de grasa, favoreciendo la p\u00e9rdida de peso Modo de uso: Tomar 1 c\u00e1psula al d\u00eda\u00a0puede ser en [&hellip;]<\/p>\n","protected":false},"featured_media":1655,"comment_status":"open","ping_status":"closed","template":"","meta":[],"product_brand":[548],"product_cat":[287,337,314],"product_tag":[],"class_list":{"0":"post-5176","1":"product","2":"type-product","3":"status-publish","4":"has-post-thumbnail","6":"product_brand-greenforce","7":"product_cat-baja-de-peso","8":"product_cat-productos","9":"product_cat-productos-para-bajar-de-peso","11":"first","12":"outofstock","13":"shipping-taxable","14":"purchasable","15":"product-type-simple"},"_links":{"self":[{"href":"https:\/\/modest-napier.216-250-124-103.plesk.page\/index.php\/wp-json\/wp\/v2\/product\/5176","targetHints":{"allow":["GET"]}}],"collection":[{"href":"https:\/\/modest-napier.216-250-124-103.plesk.page\/index.php\/wp-json\/wp\/v2\/product"}],"about":[{"href":"https:\/\/modest-napier.216-250-124-103.plesk.page\/index.php\/wp-json\/wp\/v2\/types\/product"}],"replies":[{"embeddable":true,"href":"https:\/\/modest-napier.216-250-124-103.plesk.page\/index.php\/wp-json\/wp\/v2\/comments?post=5176"}],"wp:featuredmedia":[{"embeddable":true,"href":"https:\/\/modest-napier.216-250-124-103.plesk.page\/index.php\/wp-json\/wp\/v2\/media\/1655"}],"wp:attachment":[{"href":"https:\/\/modest-napier.216-250-124-103.plesk.page\/index.php\/wp-json\/wp\/v2\/media?parent=5176"}],"wp:term":[{"taxonomy":"product_brand","embeddable":true,"href":"https:\/\/modest-napier.216-250-124-103.plesk.page\/index.php\/wp-json\/wp\/v2\/product_brand?post=5176"},{"taxonomy":"product_cat","embeddable":true,"href":"https:\/\/modest-napier.216-250-124-103.plesk.page\/index.php\/wp-json\/wp\/v2\/product_cat?post=5176"},{"taxonomy":"product_tag","embeddable":true,"href":"https:\/\/modest-napier.216-250-124-103.plesk.page\/index.php\/wp-json\/wp\/v2\/product_tag?post=5176"}],"curies":[{"name":"wp","href":"https:\/\/api.w.org\/{rel}","templated":true}]}}