{"id":5177,"date":"2025-09-24T19:29:34","date_gmt":"2025-09-24T19:29:34","guid":{"rendered":"https:\/\/modest-napier.216-250-124-103.plesk.page\/index.php\/producto\/cap-chupa-panza-transparente-amarillo-jengibre-bamitol-c-30\/"},"modified":"2025-09-24T20:46:45","modified_gmt":"2025-09-24T20:46:45","slug":"cap-chupa-panza-transparente-amarillo-jengibre-bamitol-c-30","status":"publish","type":"product","link":"https:\/\/modest-napier.216-250-124-103.plesk.page\/index.php\/producto\/cap-chupa-panza-transparente-amarillo-jengibre-bamitol-c-30\/","title":{"rendered":"Chupa Panza Jengibre + Bamitol 30 c\u00e1psulas"},"content":{"rendered":"<p data-mce-fragment=\"1\"><strong>Descripci\u00f3n:<\/strong><\/p>\n<h2 data-mce-fragment=\"1\"><strong data-mce-fragment=\"1\">Reduce kilos con Chupa Panza Jengibre + Bamitol<\/strong><\/h2>\n<p data-mce-fragment=\"1\">Con la f\u00f3rmula super potente de <strong>Chupa Panza\u00a0Jengibre + Bamitol<\/strong>, reduce hasta 6 kilos en una semana.\u00a0Elimina peso, reduce la grasa corporal, favorece la sensaci\u00f3n de saciedad, acelera el metabolismo, favorece la quema de calor\u00edas, depura las toxinas del organismo, regula los niveles de colesterol y triglic\u00e9ridos.<\/p>\n<ul>\n<li>La combinaci\u00f3n de estos ingredientes da como resultado una aceleraci\u00f3n del metabolismo, puesto que algunos de ellos aceleran la quema de grasas al transportar los \u00e1cidos grasos.<\/li>\n<li>Favorecen el tr\u00e1nsito intestinal evitando la formaci\u00f3n de c\u00e9lulas grasas.<\/li>\n<li>Ayudan al cuerpo de problemas de colesterol y triglic\u00e9ridos.<\/li>\n<li>Activo (acelera quema de grasa al transportar los \u00e1cidos grasos, reconstruye las fibras de col\u00e1geno por lo que favorece la desaparici\u00f3n de estr\u00edas y eleva la elasticidad de la piel).<\/li>\n<\/ul>\n<p data-mce-fragment=\"1\"><strong>Modo de uso:<\/strong><\/p>\n<p data-mce-fragment=\"1\"><span>Tomar 1 c\u00e1psula al d\u00eda.<\/span><\/p>\n<p data-mce-fragment=\"1\"><strong>Contenido:<\/strong><\/p>\n<p data-mce-fragment=\"1\">30 c\u00e1psulas.<\/p>\n","protected":false},"excerpt":{"rendered":"<p>Descripci\u00f3n: Reduce kilos con Chupa Panza Jengibre + Bamitol Con la f\u00f3rmula super potente de Chupa Panza\u00a0Jengibre + Bamitol, reduce hasta 6 kilos en una semana.\u00a0Elimina peso, reduce la grasa [&hellip;]<\/p>\n","protected":false},"featured_media":1656,"comment_status":"open","ping_status":"closed","template":"","meta":[],"product_brand":[606],"product_cat":[287,337,314],"product_tag":[135,136],"class_list":{"0":"post-5177","1":"product","2":"type-product","3":"status-publish","4":"has-post-thumbnail","6":"product_brand-chupa-panza","7":"product_cat-baja-de-peso","8":"product_cat-productos","9":"product_cat-productos-para-bajar-de-peso","10":"product_tag-bamitol","11":"product_tag-jengibre","13":"first","14":"instock","15":"shipping-taxable","16":"purchasable","17":"product-type-simple"},"_links":{"self":[{"href":"https:\/\/modest-napier.216-250-124-103.plesk.page\/index.php\/wp-json\/wp\/v2\/product\/5177","targetHints":{"allow":["GET"]}}],"collection":[{"href":"https:\/\/modest-napier.216-250-124-103.plesk.page\/index.php\/wp-json\/wp\/v2\/product"}],"about":[{"href":"https:\/\/modest-napier.216-250-124-103.plesk.page\/index.php\/wp-json\/wp\/v2\/types\/product"}],"replies":[{"embeddable":true,"href":"https:\/\/modest-napier.216-250-124-103.plesk.page\/index.php\/wp-json\/wp\/v2\/comments?post=5177"}],"wp:featuredmedia":[{"embeddable":true,"href":"https:\/\/modest-napier.216-250-124-103.plesk.page\/index.php\/wp-json\/wp\/v2\/media\/1656"}],"wp:attachment":[{"href":"https:\/\/modest-napier.216-250-124-103.plesk.page\/index.php\/wp-json\/wp\/v2\/media?parent=5177"}],"wp:term":[{"taxonomy":"product_brand","embeddable":true,"href":"https:\/\/modest-napier.216-250-124-103.plesk.page\/index.php\/wp-json\/wp\/v2\/product_brand?post=5177"},{"taxonomy":"product_cat","embeddable":true,"href":"https:\/\/modest-napier.216-250-124-103.plesk.page\/index.php\/wp-json\/wp\/v2\/product_cat?post=5177"},{"taxonomy":"product_tag","embeddable":true,"href":"https:\/\/modest-napier.216-250-124-103.plesk.page\/index.php\/wp-json\/wp\/v2\/product_tag?post=5177"}],"curies":[{"name":"wp","href":"https:\/\/api.w.org\/{rel}","templated":true}]}}