{"id":5179,"date":"2025-09-24T19:29:36","date_gmt":"2025-09-24T19:29:36","guid":{"rendered":"https:\/\/modest-napier.216-250-124-103.plesk.page\/index.php\/producto\/cap-chupa-panza-con-jengibre-c-30-distribuidora-buenavista\/"},"modified":"2025-09-24T20:47:59","modified_gmt":"2025-09-24T20:47:59","slug":"cap-chupa-panza-con-jengibre-c-30-distribuidora-buenavista","status":"publish","type":"product","link":"https:\/\/modest-napier.216-250-124-103.plesk.page\/index.php\/producto\/cap-chupa-panza-con-jengibre-c-30-distribuidora-buenavista\/","title":{"rendered":"Chupa Panza con Jengibre 30 c\u00e1psulas"},"content":{"rendered":"<p data-mce-fragment=\"1\"><strong>Chupa panza con jengibre<\/strong> se recomienda para organismos con metabolismos lentos que hacen dif\u00edcil la p\u00e9dida de peso, para personas que han hecho dietas y sufrido &#8220;rebote&#8221; despu\u00e9s, personas que ya se encuentran bajando con su dieta y quieren acelerar el proceso. <em>Chupa Panza con jengibre<\/em> evita la retenci\u00f3n de l\u00edquidos gracias a su efecto depurador.<strong data-mce-fragment=\"1\"><\/strong><\/p>\n","protected":false},"excerpt":{"rendered":"<p>Chupa panza con jengibre se recomienda para organismos con metabolismos lentos que hacen dif\u00edcil la p\u00e9dida de peso, para personas que han hecho dietas y sufrido &#8220;rebote&#8221; despu\u00e9s, personas que [&hellip;]<\/p>\n","protected":false},"featured_media":1658,"comment_status":"open","ping_status":"closed","template":"","meta":[],"product_brand":[633],"product_cat":[287,337],"product_tag":[136],"class_list":{"0":"post-5179","1":"product","2":"type-product","3":"status-publish","4":"has-post-thumbnail","6":"product_brand-distribuidora-buenavista","7":"product_cat-baja-de-peso","8":"product_cat-productos","9":"product_tag-jengibre","11":"first","12":"outofstock","13":"shipping-taxable","14":"purchasable","15":"product-type-simple"},"_links":{"self":[{"href":"https:\/\/modest-napier.216-250-124-103.plesk.page\/index.php\/wp-json\/wp\/v2\/product\/5179","targetHints":{"allow":["GET"]}}],"collection":[{"href":"https:\/\/modest-napier.216-250-124-103.plesk.page\/index.php\/wp-json\/wp\/v2\/product"}],"about":[{"href":"https:\/\/modest-napier.216-250-124-103.plesk.page\/index.php\/wp-json\/wp\/v2\/types\/product"}],"replies":[{"embeddable":true,"href":"https:\/\/modest-napier.216-250-124-103.plesk.page\/index.php\/wp-json\/wp\/v2\/comments?post=5179"}],"wp:featuredmedia":[{"embeddable":true,"href":"https:\/\/modest-napier.216-250-124-103.plesk.page\/index.php\/wp-json\/wp\/v2\/media\/1658"}],"wp:attachment":[{"href":"https:\/\/modest-napier.216-250-124-103.plesk.page\/index.php\/wp-json\/wp\/v2\/media?parent=5179"}],"wp:term":[{"taxonomy":"product_brand","embeddable":true,"href":"https:\/\/modest-napier.216-250-124-103.plesk.page\/index.php\/wp-json\/wp\/v2\/product_brand?post=5179"},{"taxonomy":"product_cat","embeddable":true,"href":"https:\/\/modest-napier.216-250-124-103.plesk.page\/index.php\/wp-json\/wp\/v2\/product_cat?post=5179"},{"taxonomy":"product_tag","embeddable":true,"href":"https:\/\/modest-napier.216-250-124-103.plesk.page\/index.php\/wp-json\/wp\/v2\/product_tag?post=5179"}],"curies":[{"name":"wp","href":"https:\/\/api.w.org\/{rel}","templated":true}]}}