{"id":5183,"date":"2025-09-24T19:29:42","date_gmt":"2025-09-24T19:29:42","guid":{"rendered":"https:\/\/modest-napier.216-250-124-103.plesk.page\/index.php\/producto\/cap-citrato-de-magnesio-c-60-organiks\/"},"modified":"2025-09-24T20:44:07","modified_gmt":"2025-09-24T20:44:07","slug":"cap-citrato-de-magnesio-c-60-organiks","status":"publish","type":"product","link":"https:\/\/modest-napier.216-250-124-103.plesk.page\/index.php\/producto\/cap-citrato-de-magnesio-c-60-organiks\/","title":{"rendered":"Citrato de Magnesio 60 c\u00e1psulas Organik&#8217;s"},"content":{"rendered":"<style type=\"text\/css\" data-mce-fragment=\"1\"><!--\ntd {border: 1px solid #cccccc;}br {mso-data-placement:same-cell;}\n--><\/style>\n<p><strong>Descripci\u00f3n:<\/strong><\/p>\n<p><span data-sheets-userformat='{\"2\":15299,\"3\":{\"1\":0},\"4\":{\"1\":3,\"3\":2},\"9\":1,\"10\":0,\"11\":4,\"12\":0,\"14\":{\"1\":2,\"2\":0},\"15\":\"Arial\",\"16\":9}' data-sheets-value='{\"1\":2,\"2\":\"Descripci\u00f3n:nAyuda a prevenir la degeneraci\u00f3n de los cart\u00edlagos y aparici\u00f3n de enfermedades como la artrosis y dolores articulares. Regula los ritmos anormales del coraz\u00f3n. Combate la hipertensi\u00f3n arterial. Regula el estre\u00f1imiento, facilitando naturalmente el movimiento intestinal. Su deficiencia esta relacionada con dolores musculares, alteraciones nerviosas, v\u00e9rtigos, problemas articulares o migra\u00f1as.nnn Modo de uso:nnTomar dos capsulas al dia.nnContenido:nn60 Capasulas.\"}' data-mce-fragment=\"1\">El <strong>citrato de magnesio<\/strong> ayuda a prevenir la degeneraci\u00f3n de los cart\u00edlagos y aparici\u00f3n de enfermedades como la artrosis y dolores articulares. Regula los ritmos anormales del coraz\u00f3n. Combate la hipertensi\u00f3n arterial. Regula el estre\u00f1imiento, facilitando naturalmente el movimiento intestinal. La deficiencia de <em>citrato de magnesio<\/em> est\u00e1 relacionada con dolores musculares, alteraciones nerviosas, v\u00e9rtigos, problemas articulares o migra\u00f1as.<\/span><\/p>\n<p><span data-sheets-userformat='{\"2\":15299,\"3\":{\"1\":0},\"4\":{\"1\":3,\"3\":2},\"9\":1,\"10\":0,\"11\":4,\"12\":0,\"14\":{\"1\":2,\"2\":0},\"15\":\"Arial\",\"16\":9}' data-sheets-value='{\"1\":2,\"2\":\"Descripci\u00f3n:nAyuda a prevenir la degeneraci\u00f3n de los cart\u00edlagos y aparici\u00f3n de enfermedades como la artrosis y dolores articulares. Regula los ritmos anormales del coraz\u00f3n. Combate la hipertensi\u00f3n arterial. Regula el estre\u00f1imiento, facilitando naturalmente el movimiento intestinal. Su deficiencia esta relacionada con dolores musculares, alteraciones nerviosas, v\u00e9rtigos, problemas articulares o migra\u00f1as.nnn Modo de uso:nnTomar dos capsulas al dia.nnContenido:nn60 Capasulas.\"}' data-mce-fragment=\"1\"><strong>Modo de uso:<\/strong><\/span><\/p>\n<p><span data-sheets-userformat='{\"2\":15299,\"3\":{\"1\":0},\"4\":{\"1\":3,\"3\":2},\"9\":1,\"10\":0,\"11\":4,\"12\":0,\"14\":{\"1\":2,\"2\":0},\"15\":\"Arial\",\"16\":9}' data-sheets-value='{\"1\":2,\"2\":\"Descripci\u00f3n:nAyuda a prevenir la degeneraci\u00f3n de los cart\u00edlagos y aparici\u00f3n de enfermedades como la artrosis y dolores articulares. Regula los ritmos anormales del coraz\u00f3n. Combate la hipertensi\u00f3n arterial. Regula el estre\u00f1imiento, facilitando naturalmente el movimiento intestinal. Su deficiencia esta relacionada con dolores musculares, alteraciones nerviosas, v\u00e9rtigos, problemas articulares o migra\u00f1as.nnn Modo de uso:nnTomar dos capsulas al dia.nnContenido:nn60 Capasulas.\"}' data-mce-fragment=\"1\">Tomar dos c\u00e1psulas al d\u00eda.<\/span><\/p>\n<p><span data-sheets-userformat='{\"2\":15299,\"3\":{\"1\":0},\"4\":{\"1\":3,\"3\":2},\"9\":1,\"10\":0,\"11\":4,\"12\":0,\"14\":{\"1\":2,\"2\":0},\"15\":\"Arial\",\"16\":9}' data-sheets-value='{\"1\":2,\"2\":\"Descripci\u00f3n:nAyuda a prevenir la degeneraci\u00f3n de los cart\u00edlagos y aparici\u00f3n de enfermedades como la artrosis y dolores articulares. Regula los ritmos anormales del coraz\u00f3n. Combate la hipertensi\u00f3n arterial. Regula el estre\u00f1imiento, facilitando naturalmente el movimiento intestinal. Su deficiencia esta relacionada con dolores musculares, alteraciones nerviosas, v\u00e9rtigos, problemas articulares o migra\u00f1as.nnn Modo de uso:nnTomar dos capsulas al dia.nnContenido:nn60 Capasulas.\"}' data-mce-fragment=\"1\"><strong>Contenido:<\/strong><\/span><\/p>\n<p><span data-sheets-userformat='{\"2\":15299,\"3\":{\"1\":0},\"4\":{\"1\":3,\"3\":2},\"9\":1,\"10\":0,\"11\":4,\"12\":0,\"14\":{\"1\":2,\"2\":0},\"15\":\"Arial\",\"16\":9}' data-sheets-value='{\"1\":2,\"2\":\"Descripci\u00f3n:nAyuda a prevenir la degeneraci\u00f3n de los cart\u00edlagos y aparici\u00f3n de enfermedades como la artrosis y dolores articulares. Regula los ritmos anormales del coraz\u00f3n. Combate la hipertensi\u00f3n arterial. Regula el estre\u00f1imiento, facilitando naturalmente el movimiento intestinal. Su deficiencia esta relacionada con dolores musculares, alteraciones nerviosas, v\u00e9rtigos, problemas articulares o migra\u00f1as.nnn Modo de uso:nnTomar dos capsulas al dia.nnContenido:nn60 Capasulas.\"}' data-mce-fragment=\"1\">60 c\u00e1psulas.<\/span><\/p>\n","protected":false},"excerpt":{"rendered":"<p>Descripci\u00f3n: El citrato de magnesio ayuda a prevenir la degeneraci\u00f3n de los cart\u00edlagos y aparici\u00f3n de enfermedades como la artrosis y dolores articulares. Regula los ritmos anormales del coraz\u00f3n. Combate [&hellip;]<\/p>\n","protected":false},"featured_media":1663,"comment_status":"open","ping_status":"closed","template":"","meta":[],"product_brand":[436],"product_cat":[308,337,318,335],"product_tag":[39],"class_list":{"0":"post-5183","1":"product","2":"type-product","3":"status-publish","4":"has-post-thumbnail","6":"product_brand-organiks","7":"product_cat-nutricion","8":"product_cat-productos","9":"product_cat-salud","10":"product_cat-vitaminas-y-minerales","11":"product_tag-magnesio","13":"first","14":"instock","15":"shipping-taxable","16":"purchasable","17":"product-type-simple"},"_links":{"self":[{"href":"https:\/\/modest-napier.216-250-124-103.plesk.page\/index.php\/wp-json\/wp\/v2\/product\/5183","targetHints":{"allow":["GET"]}}],"collection":[{"href":"https:\/\/modest-napier.216-250-124-103.plesk.page\/index.php\/wp-json\/wp\/v2\/product"}],"about":[{"href":"https:\/\/modest-napier.216-250-124-103.plesk.page\/index.php\/wp-json\/wp\/v2\/types\/product"}],"replies":[{"embeddable":true,"href":"https:\/\/modest-napier.216-250-124-103.plesk.page\/index.php\/wp-json\/wp\/v2\/comments?post=5183"}],"wp:featuredmedia":[{"embeddable":true,"href":"https:\/\/modest-napier.216-250-124-103.plesk.page\/index.php\/wp-json\/wp\/v2\/media\/1663"}],"wp:attachment":[{"href":"https:\/\/modest-napier.216-250-124-103.plesk.page\/index.php\/wp-json\/wp\/v2\/media?parent=5183"}],"wp:term":[{"taxonomy":"product_brand","embeddable":true,"href":"https:\/\/modest-napier.216-250-124-103.plesk.page\/index.php\/wp-json\/wp\/v2\/product_brand?post=5183"},{"taxonomy":"product_cat","embeddable":true,"href":"https:\/\/modest-napier.216-250-124-103.plesk.page\/index.php\/wp-json\/wp\/v2\/product_cat?post=5183"},{"taxonomy":"product_tag","embeddable":true,"href":"https:\/\/modest-napier.216-250-124-103.plesk.page\/index.php\/wp-json\/wp\/v2\/product_tag?post=5183"}],"curies":[{"name":"wp","href":"https:\/\/api.w.org\/{rel}","templated":true}]}}