{"id":5188,"date":"2025-09-24T19:29:49","date_gmt":"2025-09-24T19:29:49","guid":{"rendered":"https:\/\/modest-napier.216-250-124-103.plesk.page\/index.php\/producto\/cap-cloruro-de-magnesio-c-60-naterra-y-kukamonga\/"},"modified":"2025-09-24T20:46:44","modified_gmt":"2025-09-24T20:46:44","slug":"cap-cloruro-de-magnesio-c-60-kukamonga-sunatura","status":"publish","type":"product","link":"https:\/\/modest-napier.216-250-124-103.plesk.page\/index.php\/producto\/cap-cloruro-de-magnesio-c-60-kukamonga-sunatura\/","title":{"rendered":"Cloruro de magnesio 60 c\u00e1psulas NaTerra"},"content":{"rendered":"<p data-mce-fragment=\"1\"><strong data-mce-fragment=\"1\">Descripci\u00f3n:<\/strong><\/p>\n<p>El <strong>cloruro de magnesio<\/strong> previene la aparici\u00f3n de c\u00e1lculos renales e infartos, favorece la circulaci\u00f3n sangu\u00ednea, estabiliza\u00a0la presi\u00f3n arterial. El <em>cloruro de magnesio<\/em> es auxiliar en el tratamiento y prevenci\u00f3n de la bronquitis y mejora el sistema inmunol\u00f3gico.<\/p>\n<p data-mce-fragment=\"1\"><strong data-mce-fragment=\"1\">Modo de uso:<\/strong><\/p>\n<p data-mce-fragment=\"1\">Tomar 1 c\u00e1psula por la ma\u00f1ana y 1 por la noche.<\/p>\n<p data-mce-fragment=\"1\"><strong data-mce-fragment=\"1\">Contenido:<\/strong><\/p>\n<p data-mce-fragment=\"1\">60 c\u00e1psulas.<\/p>\n","protected":false},"excerpt":{"rendered":"<p>Descripci\u00f3n: El cloruro de magnesio previene la aparici\u00f3n de c\u00e1lculos renales e infartos, favorece la circulaci\u00f3n sangu\u00ednea, estabiliza\u00a0la presi\u00f3n arterial. El cloruro de magnesio es auxiliar en el tratamiento y [&hellip;]<\/p>\n","protected":false},"featured_media":1671,"comment_status":"open","ping_status":"closed","template":"","meta":[],"product_brand":[388],"product_cat":[337,318,335],"product_tag":[39],"class_list":{"0":"post-5188","1":"product","2":"type-product","3":"status-publish","4":"has-post-thumbnail","6":"product_brand-naterra","7":"product_cat-productos","8":"product_cat-salud","9":"product_cat-vitaminas-y-minerales","10":"product_tag-magnesio","12":"first","13":"instock","14":"shipping-taxable","15":"purchasable","16":"product-type-simple"},"_links":{"self":[{"href":"https:\/\/modest-napier.216-250-124-103.plesk.page\/index.php\/wp-json\/wp\/v2\/product\/5188","targetHints":{"allow":["GET"]}}],"collection":[{"href":"https:\/\/modest-napier.216-250-124-103.plesk.page\/index.php\/wp-json\/wp\/v2\/product"}],"about":[{"href":"https:\/\/modest-napier.216-250-124-103.plesk.page\/index.php\/wp-json\/wp\/v2\/types\/product"}],"replies":[{"embeddable":true,"href":"https:\/\/modest-napier.216-250-124-103.plesk.page\/index.php\/wp-json\/wp\/v2\/comments?post=5188"}],"wp:featuredmedia":[{"embeddable":true,"href":"https:\/\/modest-napier.216-250-124-103.plesk.page\/index.php\/wp-json\/wp\/v2\/media\/1671"}],"wp:attachment":[{"href":"https:\/\/modest-napier.216-250-124-103.plesk.page\/index.php\/wp-json\/wp\/v2\/media?parent=5188"}],"wp:term":[{"taxonomy":"product_brand","embeddable":true,"href":"https:\/\/modest-napier.216-250-124-103.plesk.page\/index.php\/wp-json\/wp\/v2\/product_brand?post=5188"},{"taxonomy":"product_cat","embeddable":true,"href":"https:\/\/modest-napier.216-250-124-103.plesk.page\/index.php\/wp-json\/wp\/v2\/product_cat?post=5188"},{"taxonomy":"product_tag","embeddable":true,"href":"https:\/\/modest-napier.216-250-124-103.plesk.page\/index.php\/wp-json\/wp\/v2\/product_tag?post=5188"}],"curies":[{"name":"wp","href":"https:\/\/api.w.org\/{rel}","templated":true}]}}