{"id":5191,"date":"2025-09-24T19:29:53","date_gmt":"2025-09-24T19:29:53","guid":{"rendered":"https:\/\/modest-napier.216-250-124-103.plesk.page\/index.php\/producto\/cap-colageno-acido-hialurinico-c-60-nolisan\/"},"modified":"2025-09-24T20:47:58","modified_gmt":"2025-09-24T20:47:58","slug":"cap-colageno-acido-hialurinico-c-60-nolisan","status":"publish","type":"product","link":"https:\/\/modest-napier.216-250-124-103.plesk.page\/index.php\/producto\/cap-colageno-acido-hialurinico-c-60-nolisan\/","title":{"rendered":"Col\u00e1geno + \u00c1cido Hialur\u00f3nico 60 c\u00e1psulas Nolisan"},"content":{"rendered":"<p data-mce-fragment=\"1\">El suplemento de\u00a0<strong>col\u00e1geno con \u00e1cido hialur\u00f3nico en c\u00e1psulas<\/strong>\u00a0estimula la producci\u00f3n de\u00a0<em>col\u00e1geno\u00a0<\/em>en el organismo, ayudando as\u00ed a mejorar el aspecto de la piel, fortalece las articulaciones, ayuda las u\u00f1as y beneficios en los huesos y el cabello.<\/p>\n","protected":false},"excerpt":{"rendered":"<p>El suplemento de\u00a0col\u00e1geno con \u00e1cido hialur\u00f3nico en c\u00e1psulas\u00a0estimula la producci\u00f3n de\u00a0col\u00e1geno\u00a0en el organismo, ayudando as\u00ed a mejorar el aspecto de la piel, fortalece las articulaciones, ayuda las u\u00f1as y beneficios [&hellip;]<\/p>\n","protected":false},"featured_media":1674,"comment_status":"open","ping_status":"closed","template":"","meta":[],"product_brand":[368],"product_cat":[337,318,330],"product_tag":[105,77],"class_list":{"0":"post-5191","1":"product","2":"type-product","3":"status-publish","4":"has-post-thumbnail","6":"product_brand-nolisan","7":"product_cat-productos","8":"product_cat-salud","9":"product_cat-suplementos-para-la-piel","10":"product_tag-acido-hialuronico","11":"product_tag-colageno","13":"first","14":"outofstock","15":"shipping-taxable","16":"purchasable","17":"product-type-simple"},"_links":{"self":[{"href":"https:\/\/modest-napier.216-250-124-103.plesk.page\/index.php\/wp-json\/wp\/v2\/product\/5191","targetHints":{"allow":["GET"]}}],"collection":[{"href":"https:\/\/modest-napier.216-250-124-103.plesk.page\/index.php\/wp-json\/wp\/v2\/product"}],"about":[{"href":"https:\/\/modest-napier.216-250-124-103.plesk.page\/index.php\/wp-json\/wp\/v2\/types\/product"}],"replies":[{"embeddable":true,"href":"https:\/\/modest-napier.216-250-124-103.plesk.page\/index.php\/wp-json\/wp\/v2\/comments?post=5191"}],"wp:featuredmedia":[{"embeddable":true,"href":"https:\/\/modest-napier.216-250-124-103.plesk.page\/index.php\/wp-json\/wp\/v2\/media\/1674"}],"wp:attachment":[{"href":"https:\/\/modest-napier.216-250-124-103.plesk.page\/index.php\/wp-json\/wp\/v2\/media?parent=5191"}],"wp:term":[{"taxonomy":"product_brand","embeddable":true,"href":"https:\/\/modest-napier.216-250-124-103.plesk.page\/index.php\/wp-json\/wp\/v2\/product_brand?post=5191"},{"taxonomy":"product_cat","embeddable":true,"href":"https:\/\/modest-napier.216-250-124-103.plesk.page\/index.php\/wp-json\/wp\/v2\/product_cat?post=5191"},{"taxonomy":"product_tag","embeddable":true,"href":"https:\/\/modest-napier.216-250-124-103.plesk.page\/index.php\/wp-json\/wp\/v2\/product_tag?post=5191"}],"curies":[{"name":"wp","href":"https:\/\/api.w.org\/{rel}","templated":true}]}}