{"id":5193,"date":"2025-09-24T19:29:55","date_gmt":"2025-09-24T19:29:55","guid":{"rendered":"https:\/\/modest-napier.216-250-124-103.plesk.page\/index.php\/producto\/cap-colageno-con-arandano-c-60-sunatura\/"},"modified":"2025-09-24T20:46:40","modified_gmt":"2025-09-24T20:46:40","slug":"cap-colageno-con-arandano-c-60-sunatura","status":"publish","type":"product","link":"https:\/\/modest-napier.216-250-124-103.plesk.page\/index.php\/producto\/cap-colageno-con-arandano-c-60-sunatura\/","title":{"rendered":"Col\u00e1geno con Ar\u00e1ndano 60 c\u00e1psulas Sunatura"},"content":{"rendered":"<p><strong>Descripci\u00f3n:<\/strong><\/p>\n<p>El <strong>col\u00e1geno<\/strong> es una prote\u00edna que favorece a los huesos, cart\u00edlagos, ligamentos y tendones, es por esto que brinda resistencia y elasticidad a nuestro sistema. Recubre las fibras musculares, evitando padecer de dolor, rigidez, falta de movilidad, lesiones, artrosis, osteoporosis, osteoartritis y tendinitis. Este <em>suplemento de col\u00e1geno adicionado con ar\u00e1ndanos<\/em>\u00a0mejora la vista y previene cataratas. Tiene acci\u00f3n antiinflamatoria, evita enfermedades cardiovasculares, retrasa el envejecimiento, combate infecciones urinarias, protegen los vasos sangu\u00edneos. Asimismo, previene la\u00a0ca\u00edda del cabello evitando el desgaste.<\/p>\n<p data-mce-fragment=\"1\"><strong data-mce-fragment=\"1\">Modo de uso:<\/strong><\/p>\n<p data-mce-fragment=\"1\"><span data-mce-fragment=\"1\">1 c\u00e1psula por la ma\u00f1ana y 1 por la noche<\/span>.<\/p>\n<p data-mce-fragment=\"1\"><strong data-mce-fragment=\"1\">Contenido:<\/strong><\/p>\n<p data-mce-fragment=\"1\">60 c\u00e1psulas.<\/p>\n","protected":false},"excerpt":{"rendered":"<p>Descripci\u00f3n: El col\u00e1geno es una prote\u00edna que favorece a los huesos, cart\u00edlagos, ligamentos y tendones, es por esto que brinda resistencia y elasticidad a nuestro sistema. Recubre las fibras musculares, [&hellip;]<\/p>\n","protected":false},"featured_media":1676,"comment_status":"open","ping_status":"closed","template":"","meta":[],"product_brand":[388],"product_cat":[337,318,330],"product_tag":[145,77],"class_list":{"0":"post-5193","1":"product","2":"type-product","3":"status-publish","4":"has-post-thumbnail","6":"product_brand-naterra","7":"product_cat-productos","8":"product_cat-salud","9":"product_cat-suplementos-para-la-piel","10":"product_tag-arandano","11":"product_tag-colageno","13":"first","14":"instock","15":"shipping-taxable","16":"purchasable","17":"product-type-simple"},"_links":{"self":[{"href":"https:\/\/modest-napier.216-250-124-103.plesk.page\/index.php\/wp-json\/wp\/v2\/product\/5193","targetHints":{"allow":["GET"]}}],"collection":[{"href":"https:\/\/modest-napier.216-250-124-103.plesk.page\/index.php\/wp-json\/wp\/v2\/product"}],"about":[{"href":"https:\/\/modest-napier.216-250-124-103.plesk.page\/index.php\/wp-json\/wp\/v2\/types\/product"}],"replies":[{"embeddable":true,"href":"https:\/\/modest-napier.216-250-124-103.plesk.page\/index.php\/wp-json\/wp\/v2\/comments?post=5193"}],"wp:featuredmedia":[{"embeddable":true,"href":"https:\/\/modest-napier.216-250-124-103.plesk.page\/index.php\/wp-json\/wp\/v2\/media\/1676"}],"wp:attachment":[{"href":"https:\/\/modest-napier.216-250-124-103.plesk.page\/index.php\/wp-json\/wp\/v2\/media?parent=5193"}],"wp:term":[{"taxonomy":"product_brand","embeddable":true,"href":"https:\/\/modest-napier.216-250-124-103.plesk.page\/index.php\/wp-json\/wp\/v2\/product_brand?post=5193"},{"taxonomy":"product_cat","embeddable":true,"href":"https:\/\/modest-napier.216-250-124-103.plesk.page\/index.php\/wp-json\/wp\/v2\/product_cat?post=5193"},{"taxonomy":"product_tag","embeddable":true,"href":"https:\/\/modest-napier.216-250-124-103.plesk.page\/index.php\/wp-json\/wp\/v2\/product_tag?post=5193"}],"curies":[{"name":"wp","href":"https:\/\/api.w.org\/{rel}","templated":true}]}}