{"id":5194,"date":"2025-09-24T19:29:56","date_gmt":"2025-09-24T19:29:56","guid":{"rendered":"https:\/\/modest-napier.216-250-124-103.plesk.page\/index.php\/producto\/cap-colageno-esplendo-vit-c-100-azteca\/"},"modified":"2025-09-24T20:47:58","modified_gmt":"2025-09-24T20:47:58","slug":"cap-colageno-esplendo-vit-c-100-azteca","status":"publish","type":"product","link":"https:\/\/modest-napier.216-250-124-103.plesk.page\/index.php\/producto\/cap-colageno-esplendo-vit-c-100-azteca\/","title":{"rendered":"Col\u00e1geno Esplendo-Vit 100 c\u00e1psulas Azteca"},"content":{"rendered":"<p data-mce-fragment=\"1\">El suplemento\u00a0<strong>Esplendo-Vit<\/strong> estimula la producci\u00f3n de col\u00e1geno en el organismo, ayudando as\u00ed a mejorar el aspecto de la piel, fortalece las articulaciones, ayuda las u\u00f1as y beneficios en los huesos y el cabello.<strong><\/strong><\/p>\n<p data-mce-fragment=\"1\"><\/p>\n","protected":false},"excerpt":{"rendered":"<p>El suplemento\u00a0Esplendo-Vit estimula la producci\u00f3n de col\u00e1geno en el organismo, ayudando as\u00ed a mejorar el aspecto de la piel, fortalece las articulaciones, ayuda las u\u00f1as y beneficios en los huesos [&hellip;]<\/p>\n","protected":false},"featured_media":1677,"comment_status":"open","ping_status":"closed","template":"","meta":[],"product_brand":[360],"product_cat":[337,318,330],"product_tag":[77,85,86,72],"class_list":{"0":"post-5194","1":"product","2":"type-product","3":"status-publish","4":"has-post-thumbnail","6":"product_brand-azteca","7":"product_cat-productos","8":"product_cat-salud","9":"product_cat-suplementos-para-la-piel","10":"product_tag-colageno","11":"product_tag-vitamina-a","12":"product_tag-vitamina-c","13":"product_tag-vitamina-e","15":"first","16":"outofstock","17":"shipping-taxable","18":"purchasable","19":"product-type-simple"},"_links":{"self":[{"href":"https:\/\/modest-napier.216-250-124-103.plesk.page\/index.php\/wp-json\/wp\/v2\/product\/5194","targetHints":{"allow":["GET"]}}],"collection":[{"href":"https:\/\/modest-napier.216-250-124-103.plesk.page\/index.php\/wp-json\/wp\/v2\/product"}],"about":[{"href":"https:\/\/modest-napier.216-250-124-103.plesk.page\/index.php\/wp-json\/wp\/v2\/types\/product"}],"replies":[{"embeddable":true,"href":"https:\/\/modest-napier.216-250-124-103.plesk.page\/index.php\/wp-json\/wp\/v2\/comments?post=5194"}],"wp:featuredmedia":[{"embeddable":true,"href":"https:\/\/modest-napier.216-250-124-103.plesk.page\/index.php\/wp-json\/wp\/v2\/media\/1677"}],"wp:attachment":[{"href":"https:\/\/modest-napier.216-250-124-103.plesk.page\/index.php\/wp-json\/wp\/v2\/media?parent=5194"}],"wp:term":[{"taxonomy":"product_brand","embeddable":true,"href":"https:\/\/modest-napier.216-250-124-103.plesk.page\/index.php\/wp-json\/wp\/v2\/product_brand?post=5194"},{"taxonomy":"product_cat","embeddable":true,"href":"https:\/\/modest-napier.216-250-124-103.plesk.page\/index.php\/wp-json\/wp\/v2\/product_cat?post=5194"},{"taxonomy":"product_tag","embeddable":true,"href":"https:\/\/modest-napier.216-250-124-103.plesk.page\/index.php\/wp-json\/wp\/v2\/product_tag?post=5194"}],"curies":[{"name":"wp","href":"https:\/\/api.w.org\/{rel}","templated":true}]}}