{"id":5197,"date":"2025-09-24T19:30:01","date_gmt":"2025-09-24T19:30:01","guid":{"rendered":"https:\/\/modest-napier.216-250-124-103.plesk.page\/index.php\/producto\/cap-colesterol-c-60-c-30-ajo-king-omega-nutrition\/"},"modified":"2025-09-24T20:46:40","modified_gmt":"2025-09-24T20:46:40","slug":"cap-colesterol-c-60-c-30-ajo-king-omega-nutrition","status":"publish","type":"product","link":"https:\/\/modest-napier.216-250-124-103.plesk.page\/index.php\/producto\/cap-colesterol-c-60-c-30-ajo-king-omega-nutrition\/","title":{"rendered":"Ajo King Colesterol 60 c\u00e1psulas Omega Nutrition"},"content":{"rendered":"<p data-mce-fragment=\"1\"><strong data-mce-fragment=\"1\">Descripci\u00f3n:<\/strong><\/p>\n<p data-mce-fragment=\"1\">El suplemento para el colesterol Ajo King es auxiliar para tratamiento de: alto colesterol, triglic\u00e9ridos, hipertensi\u00f3n, riesgos de infarto, piquetes al coraz\u00f3n, taquicardias y enfermedades cardiovasculares.<\/p>\n<p data-mce-fragment=\"1\"><strong>Ingredientes:<\/strong><\/p>\n<p data-mce-fragment=\"1\">Ajo, Espino Blanco, Mu\u00e9rdago, Lecitina de Soya, Omega, Coenzima Q10.<\/p>\n<p data-mce-fragment=\"1\"><strong data-mce-fragment=\"1\">Modo de uso:<\/strong><\/p>\n<p data-mce-fragment=\"1\">Tomar 1 c\u00e1psula de cada frasco en la ma\u00f1ana, tarde y noche<\/p>\n<p data-mce-fragment=\"1\"><strong data-mce-fragment=\"1\">Contenido:<\/strong><\/p>\n<p data-mce-fragment=\"1\">60 c\u00e1psulas.<\/p>\n","protected":false},"excerpt":{"rendered":"<p>Descripci\u00f3n: El suplemento para el colesterol Ajo King es auxiliar para tratamiento de: alto colesterol, triglic\u00e9ridos, hipertensi\u00f3n, riesgos de infarto, piquetes al coraz\u00f3n, taquicardias y enfermedades cardiovasculares. Ingredientes: Ajo, Espino [&hellip;]<\/p>\n","protected":false},"featured_media":1680,"comment_status":"open","ping_status":"closed","template":"","meta":[],"product_brand":[358],"product_cat":[337,318,319],"product_tag":[108,76,146,147],"class_list":{"0":"post-5197","1":"product","2":"type-product","3":"status-publish","4":"has-post-thumbnail","6":"product_brand-omega-nutrition","7":"product_cat-productos","8":"product_cat-salud","9":"product_cat-salud-cardiovascular","10":"product_tag-ajo","11":"product_tag-coenzima-q10","12":"product_tag-espino-blanco","13":"product_tag-muerdago","15":"first","16":"instock","17":"shipping-taxable","18":"purchasable","19":"product-type-simple"},"_links":{"self":[{"href":"https:\/\/modest-napier.216-250-124-103.plesk.page\/index.php\/wp-json\/wp\/v2\/product\/5197","targetHints":{"allow":["GET"]}}],"collection":[{"href":"https:\/\/modest-napier.216-250-124-103.plesk.page\/index.php\/wp-json\/wp\/v2\/product"}],"about":[{"href":"https:\/\/modest-napier.216-250-124-103.plesk.page\/index.php\/wp-json\/wp\/v2\/types\/product"}],"replies":[{"embeddable":true,"href":"https:\/\/modest-napier.216-250-124-103.plesk.page\/index.php\/wp-json\/wp\/v2\/comments?post=5197"}],"wp:featuredmedia":[{"embeddable":true,"href":"https:\/\/modest-napier.216-250-124-103.plesk.page\/index.php\/wp-json\/wp\/v2\/media\/1680"}],"wp:attachment":[{"href":"https:\/\/modest-napier.216-250-124-103.plesk.page\/index.php\/wp-json\/wp\/v2\/media?parent=5197"}],"wp:term":[{"taxonomy":"product_brand","embeddable":true,"href":"https:\/\/modest-napier.216-250-124-103.plesk.page\/index.php\/wp-json\/wp\/v2\/product_brand?post=5197"},{"taxonomy":"product_cat","embeddable":true,"href":"https:\/\/modest-napier.216-250-124-103.plesk.page\/index.php\/wp-json\/wp\/v2\/product_cat?post=5197"},{"taxonomy":"product_tag","embeddable":true,"href":"https:\/\/modest-napier.216-250-124-103.plesk.page\/index.php\/wp-json\/wp\/v2\/product_tag?post=5197"}],"curies":[{"name":"wp","href":"https:\/\/api.w.org\/{rel}","templated":true}]}}