{"id":5198,"date":"2025-09-24T19:30:02","date_gmt":"2025-09-24T19:30:02","guid":{"rendered":"https:\/\/modest-napier.216-250-124-103.plesk.page\/index.php\/producto\/cap-collagen-10-acido-hialuronico-colageno-y-biotina-c-60-signo-natural\/"},"modified":"2025-09-24T20:44:20","modified_gmt":"2025-09-24T20:44:20","slug":"cap-collagen-10-acido-hialuronico-colageno-y-biotina-c-60-signo-natural","status":"publish","type":"product","link":"https:\/\/modest-napier.216-250-124-103.plesk.page\/index.php\/producto\/cap-collagen-10-acido-hialuronico-colageno-y-biotina-c-60-signo-natural\/","title":{"rendered":"Collagen 10 \u00c1cido Hialur\u00f3nico Biotina 60 c\u00e1psulas"},"content":{"rendered":"<p data-mce-fragment=\"1\">\u00a1Dale brillo a tu cabello y elasticidad a tu piel con el suplemento\u00a0<strong>Collagen 10<\/strong>! Su f\u00f3rmula con \u00e1cido hialur\u00f3nico, col\u00e1geno y biotina est\u00e1 dise\u00f1ada para fortalecer cabello y u\u00f1as y prevenir el envejecimiento.<strong data-mce-fragment=\"1\"><\/strong><\/p>\n","protected":false},"excerpt":{"rendered":"<p>\u00a1Dale brillo a tu cabello y elasticidad a tu piel con el suplemento\u00a0Collagen 10! Su f\u00f3rmula con \u00e1cido hialur\u00f3nico, col\u00e1geno y biotina est\u00e1 dise\u00f1ada para fortalecer cabello y u\u00f1as y [&hellip;]<\/p>\n","protected":false},"featured_media":1682,"comment_status":"open","ping_status":"closed","template":"","meta":[],"product_brand":[359],"product_cat":[289,308,309,337,318,330],"product_tag":[105,73,77],"class_list":{"0":"post-5198","1":"product","2":"type-product","3":"status-publish","4":"has-post-thumbnail","6":"product_brand-signo-natural","7":"product_cat-belleza","8":"product_cat-nutricion","9":"product_cat-ofertas-de-primavera-","10":"product_cat-productos","11":"product_cat-salud","12":"product_cat-suplementos-para-la-piel","13":"product_tag-acido-hialuronico","14":"product_tag-biotina","15":"product_tag-colageno","17":"first","18":"instock","19":"shipping-taxable","20":"purchasable","21":"product-type-simple"},"_links":{"self":[{"href":"https:\/\/modest-napier.216-250-124-103.plesk.page\/index.php\/wp-json\/wp\/v2\/product\/5198","targetHints":{"allow":["GET"]}}],"collection":[{"href":"https:\/\/modest-napier.216-250-124-103.plesk.page\/index.php\/wp-json\/wp\/v2\/product"}],"about":[{"href":"https:\/\/modest-napier.216-250-124-103.plesk.page\/index.php\/wp-json\/wp\/v2\/types\/product"}],"replies":[{"embeddable":true,"href":"https:\/\/modest-napier.216-250-124-103.plesk.page\/index.php\/wp-json\/wp\/v2\/comments?post=5198"}],"wp:featuredmedia":[{"embeddable":true,"href":"https:\/\/modest-napier.216-250-124-103.plesk.page\/index.php\/wp-json\/wp\/v2\/media\/1682"}],"wp:attachment":[{"href":"https:\/\/modest-napier.216-250-124-103.plesk.page\/index.php\/wp-json\/wp\/v2\/media?parent=5198"}],"wp:term":[{"taxonomy":"product_brand","embeddable":true,"href":"https:\/\/modest-napier.216-250-124-103.plesk.page\/index.php\/wp-json\/wp\/v2\/product_brand?post=5198"},{"taxonomy":"product_cat","embeddable":true,"href":"https:\/\/modest-napier.216-250-124-103.plesk.page\/index.php\/wp-json\/wp\/v2\/product_cat?post=5198"},{"taxonomy":"product_tag","embeddable":true,"href":"https:\/\/modest-napier.216-250-124-103.plesk.page\/index.php\/wp-json\/wp\/v2\/product_tag?post=5198"}],"curies":[{"name":"wp","href":"https:\/\/api.w.org\/{rel}","templated":true}]}}